{"id":300015,"date":"2024-08-16T11:48:14","date_gmt":"2024-08-16T18:48:14","guid":{"rendered":"https:\/\/www.zuora.com\/about\/recompenses\/"},"modified":"2025-08-21T05:36:04","modified_gmt":"2025-08-21T12:36:04","slug":"recompenses","status":"publish","type":"page","link":"https:\/\/www.zuora.com\/fr\/about\/recompenses\/","title":{"rendered":"R\u00e9compenses"},"content":{"rendered":"\t\t<div data-elementor-type=\"wp-page\" data-elementor-id=\"300015\" class=\"elementor elementor-300015 elementor-262389\" data-elementor-post-type=\"page\">\n\t\t\t\t<div data-particle_enable=\"false\" data-particle-mobile-disabled=\"false\" class=\"elementor-element elementor-element-e227df6 e-con-full elementor-hidden-mobile e-flex e-con e-parent\" data-id=\"e227df6\" data-element_type=\"container\" data-e-type=\"container\" data-settings=\"{&quot;background_background&quot;:&quot;classic&quot;}\">\n\t\t<div data-particle_enable=\"false\" data-particle-mobile-disabled=\"false\" class=\"elementor-element elementor-element-9b19a6c e-con-full e-flex e-con e-child\" data-id=\"9b19a6c\" data-element_type=\"container\" data-e-type=\"container\">\n\t\t\t\t<div class=\"elementor-element elementor-element-5d2a9c4 elementor-widget elementor-widget-image\" data-id=\"5d2a9c4\" data-element_type=\"widget\" data-e-type=\"widget\" data-widget_type=\"image.default\">\n\t\t\t\t<div class=\"elementor-widget-container\">\n\t\t\t\t\t\t\t\t\t\t\t\t\t\t\t<img fetchpriority=\"high\" decoding=\"async\" width=\"656\" height=\"315\" src=\"https:\/\/www.zuora.com\/wp-content\/uploads\/2024\/01\/teams-banner-triangles.png\" class=\"attachment-large size-large wp-image-234791\" alt=\"\" srcset=\"https:\/\/www.zuora.com\/wp-content\/uploads\/2024\/01\/teams-banner-triangles.png 656w, https:\/\/www.zuora.com\/wp-content\/uploads\/2024\/01\/teams-banner-triangles-640x307.png 640w\" sizes=\"(max-width: 656px) 100vw, 656px\" \/>\t\t\t\t\t\t\t\t\t\t\t\t\t\t\t<\/div>\n\t\t\t\t<\/div>\n\t\t\t\t<\/div>\n\t\t<div data-particle_enable=\"false\" data-particle-mobile-disabled=\"false\" class=\"elementor-element elementor-element-7344136 e-con-full e-flex e-con e-child\" data-id=\"7344136\" data-element_type=\"container\" data-e-type=\"container\">\n\t\t\t\t<div class=\"elementor-element elementor-element-eb990b8 elementor-widget elementor-widget-heading\" data-id=\"eb990b8\" data-element_type=\"widget\" data-e-type=\"widget\" data-widget_type=\"heading.default\">\n\t\t\t\t<div class=\"elementor-widget-container\">\n\t\t\t\t\t<h2 class=\"elementor-heading-title elementor-size-default\">Prix et distinctions de Zuora<\/h2>\t\t\t\t<\/div>\n\t\t\t\t<\/div>\n\t\t\t\t<\/div>\n\t\t<div data-particle_enable=\"false\" data-particle-mobile-disabled=\"false\" class=\"elementor-element elementor-element-02bb331 e-con-full e-flex e-con e-child\" data-id=\"02bb331\" data-element_type=\"container\" data-e-type=\"container\">\n\t\t\t\t<div class=\"elementor-element elementor-element-46ed2a4 e-transform elementor-widget elementor-widget-image\" data-id=\"46ed2a4\" data-element_type=\"widget\" data-e-type=\"widget\" data-settings=\"{&quot;_transform_flipY_effect&quot;:&quot;transform&quot;}\" data-widget_type=\"image.default\">\n\t\t\t\t<div class=\"elementor-widget-container\">\n\t\t\t\t\t\t\t\t\t\t\t\t\t\t\t<img fetchpriority=\"high\" decoding=\"async\" width=\"656\" height=\"315\" src=\"https:\/\/www.zuora.com\/wp-content\/uploads\/2024\/01\/teams-banner-triangles.png\" class=\"attachment-large size-large wp-image-234791\" alt=\"\" srcset=\"https:\/\/www.zuora.com\/wp-content\/uploads\/2024\/01\/teams-banner-triangles.png 656w, https:\/\/www.zuora.com\/wp-content\/uploads\/2024\/01\/teams-banner-triangles-640x307.png 640w\" sizes=\"(max-width: 656px) 100vw, 656px\" \/>\t\t\t\t\t\t\t\t\t\t\t\t\t\t\t<\/div>\n\t\t\t\t<\/div>\n\t\t\t\t<\/div>\n\t\t\t\t<\/div>\n\t\t\t\t<section data-particle_enable=\"false\" data-particle-mobile-disabled=\"false\" class=\"elementor-section elementor-top-section elementor-element elementor-element-76831531 elementor-section-boxed elementor-section-height-default elementor-section-height-default\" data-id=\"76831531\" data-element_type=\"section\" data-e-type=\"section\">\n\t\t\t\t\t\t<div class=\"elementor-container elementor-column-gap-default\">\n\t\t\t\t\t<div class=\"elementor-column elementor-col-100 elementor-top-column elementor-element elementor-element-7a5ebec3\" data-id=\"7a5ebec3\" data-element_type=\"column\" data-e-type=\"column\">\n\t\t\t<div class=\"elementor-widget-wrap elementor-element-populated\">\n\t\t\t\t\t\t<section data-particle_enable=\"false\" data-particle-mobile-disabled=\"false\" class=\"elementor-section elementor-inner-section elementor-element elementor-element-6c570a8b elementor-section-boxed elementor-section-height-default elementor-section-height-default\" data-id=\"6c570a8b\" data-element_type=\"section\" data-e-type=\"section\">\n\t\t\t\t\t\t<div class=\"elementor-container elementor-column-gap-default\">\n\t\t\t\t\t<div class=\"elementor-column elementor-col-50 elementor-inner-column elementor-element elementor-element-84b68f7\" data-id=\"84b68f7\" data-element_type=\"column\" data-e-type=\"column\">\n\t\t\t<div class=\"elementor-widget-wrap elementor-element-populated\">\n\t\t\t\t\t\t<div class=\"elementor-element elementor-element-a38ebcb elementor-widget elementor-widget-text-editor\" data-id=\"a38ebcb\" data-element_type=\"widget\" data-e-type=\"widget\" data-widget_type=\"text-editor.default\">\n\t\t\t\t<div class=\"elementor-widget-container\">\n\t\t\t\t\t\t\t\t\t<p> ###CEND###<\/p>\n\t\t\t\t\t\t\t\t<\/div>\n\t\t\t\t<\/div>\n\t\t\t\t\t<\/div>\n\t\t<\/div>\n\t\t\t\t<div class=\"elementor-column elementor-col-50 elementor-inner-column elementor-element elementor-element-345ff844\" data-id=\"345ff844\" data-element_type=\"column\" data-e-type=\"column\">\n\t\t\t<div class=\"elementor-widget-wrap elementor-element-populated\">\n\t\t\t\t\t\t<div class=\"elementor-element elementor-element-3f68623b elementor-widget elementor-widget-text-editor\" data-id=\"3f68623b\" data-element_type=\"widget\" data-e-type=\"widget\" data-widget_type=\"text-editor.default\">\n\t\t\t\t<div class=\"elementor-widget-container\">\n\t\t\t\t\t\t\t\t\t<p><b>Built In \u2013 Meilleurs lieux de travail 2025<\/b><\/p>\n<p><span style=\"font-weight: 400;\">Zuora a \u00e9t\u00e9 reconnue dans huit cat\u00e9gories, dont celle des 100 meilleures entreprises am\u00e9ricaines o\u00f9 travailler en 2025, ainsi que pour des distinctions locales \u00e0 Atlanta, Boston et San Francisco.<\/span><\/p>\n<p><b>Zuora d\u00e9sign\u00e9e par Newsweek comme l\u2019une des entreprises les plus vertes d\u2019Am\u00e9rique 2025<\/b><\/p>\n<p><span style=\"font-weight: 400;\">La liste de Newsweek distingue les entreprises am\u00e9ricaines engag\u00e9es dans la r\u00e9duction de leur impact environnemental sur des axes cl\u00e9s comme les \u00e9missions de gaz \u00e0 effet de serre, la gestion de l\u2019eau et la r\u00e9duction des d\u00e9chets.<\/span><\/p>\n<p><b>MGI Research classe Zuora Revenue n\u00b01 en produit et strat\u00e9gie dans l\u2019\u00e9valuation 2024 Automated Revenue Management<\/b><\/p>\n<p><span style=\"font-weight: 400;\">Zuora Revenue s\u2019est class\u00e9e premi\u00e8re pour le produit et la strat\u00e9gie dans le guide d\u2019achat Automated Revenue Management (ARM) et dans le dernier rapport MGI 360\u2122 Ratings \u2013 Market Ratings Report (MRR).<\/span><\/p>\n<p><b>Zuora d\u00e9sign\u00e9e leader avec la meilleure note dans les guides d\u2019achat ISG Software Research sur la gestion des abonnements<\/b><\/p>\n<p><span style=\"font-weight: 400;\">Sur 24 \u00e9diteurs de logiciels, Zuora se place en t\u00eate de la gestion des abonnements, des plateformes de gestion des abonnements, ainsi que de la gestion des abonnements B2B et B2C.<\/span><b>\u00a0<\/b><\/p>\n<p><b>Built In classe Zuora parmi les meilleurs lieux de travail aux \u00c9tats-Unis en 2024<\/b><\/p>\n<p><span style=\"font-weight: 400;\">BuiltIn a distingu\u00e9 Zuora comme une entreprise offrant les meilleures r\u00e9mun\u00e9rations, avantages globaux et programmes de culture d\u2019entreprise parmi ses pairs.<\/span><\/p>\n<p><b>SIIA 2021 CODiE Awards \u2013 Prix pour l\u2019ensemble de la carri\u00e8re<\/b><\/p>\n<p><span style=\"font-weight: 400;\">Tien Tzuo, CEO et fondateur de Zuora, a re\u00e7u le Lifetime Achievement Award en technologie d\u2019entreprise<\/span><\/p>\n<h4>VentureWire\u2019s FASTech 50<\/h4>\n<p>Zuora figure dans la liste FASTech 50 de VentureWire regroupant les start-ups technologiques les plus innovantes. Zuora a \u00e9t\u00e9 s\u00e9lectionn\u00e9e parmi des centaines d\u2019entreprises financ\u00e9es par le capital-risque par les r\u00e9dacteurs de Dow Jones VentureWire et un panel de grands investisseurs, et fut l\u2019unique entreprise de commerce par abonnement choisie.<\/p>\n<h4>OnDemand 2013 \u2014 Top 100 Company<\/h4>\n<p>Zuora a \u00e9t\u00e9 s\u00e9lectionn\u00e9e pour la quatri\u00e8me ann\u00e9e cons\u00e9cutive parmi les 100 meilleures entreprises priv\u00e9es OnDemand. Nous faisions partie des 23 applications de gestion commerciale On-Demand Software.<\/p>\n<h4>CRN\u2019s 100 Coolest Cloud Computing Vendors 2013<\/h4>\n<p>Zuora a \u00e9t\u00e9 s\u00e9lectionn\u00e9e parmi les 100 fournisseurs cloud les plus innovants de CRN en 2013. Dans cette liste, Zuora a \u00e9galement \u00e9t\u00e9 mise en avant comme l\u2019un des 20 principaux fournisseurs de logiciels cloud aux c\u00f4t\u00e9s de Google, Salesforce et Workday.<\/p>\n<h4>Finaliste Red Herring Top 100 Global 2012<\/h4>\n<p>Zuora a \u00e9t\u00e9 s\u00e9lectionn\u00e9e comme finaliste au palmar\u00e8s Red Herring des entreprises mondiales les plus innovantes. Les finalistes sont \u00e9valu\u00e9s sur des crit\u00e8res quantitatifs et qualitatifs, tels que la performance financi\u00e8re, l\u2019innovation technologique, la qualit\u00e9 du management, l\u2019ex\u00e9cution de la strat\u00e9gie et la capacit\u00e9 \u00e0 transformer leur secteur.<\/p>\n<h4>OnDemand 2012 \u2013 Top 100 Company<\/h4>\n<p>Pour la troisi\u00e8me ann\u00e9e cons\u00e9cutive, Zuora figure sur la prestigieuse liste des 100 meilleures entreprises priv\u00e9es OnDemand. Une s\u00e9lection de technologies de rupture dont nous sommes extr\u00eamement fiers de faire partie.<\/p>\n<h4>CRN\u2019s 20 Coolest Cloud Software Vendors<\/h4>\n<p>Aux c\u00f4t\u00e9s de Google, Salesforce et Workday, Zuora figure dans cette s\u00e9lection en tant que fournisseur de solutions logicielles cloud que les int\u00e9grateurs doivent surveiller de pr\u00e8s.<\/p>\n<h4>ZDNet 2012 CRM Watchlist<\/h4>\n<p>Greenberg s\u2019enthousiasme : \u201cDirig\u00e9e par le PDG superstar Tien Tzuo, ils dominent le march\u00e9.\u201d C\u2019est la troisi\u00e8me fois que Zuora figure dans le CRM Watchlist de Paul Greenberg. ZDNet inclut des soci\u00e9t\u00e9s non-CRM telles que Zuora en raison de leur impact sur l\u2019industrie CRM.<\/p>\n<h4>THINKstrategies\u2019 2011 Best of SaaS Showplace (BoSS) Award<\/h4>\n<p>THINKstrategies a officiellement reconnu Zuora comme une soci\u00e9t\u00e9 SaaS g\u00e9n\u00e9rant des b\u00e9n\u00e9fices concrets, en lui attribuant le prix Best in SaaS Showplace (BoSS). Les avantages mesur\u00e9s incluent l\u2019augmentation des ventes, la r\u00e9duction des co\u00fbts, une plus grande satisfaction client, des op\u00e9rations plus rapides et une meilleure pr\u00e9visibilit\u00e9.<\/p>\n<h4>Finaliste Red Herring North America 2011<\/h4>\n<p>Zuora a \u00e9t\u00e9 s\u00e9lectionn\u00e9e comme finaliste au palmar\u00e8s Red Herring des entreprises les plus innovantes en Am\u00e9rique du Nord. Les finalistes sont \u00e9valu\u00e9s sur des crit\u00e8res quantitatifs et qualitatifs, tels que la performance financi\u00e8re, l\u2019innovation, la qualit\u00e9 du management, l\u2019ex\u00e9cution de la strat\u00e9gie et la capacit\u00e9 \u00e0 transformer leur secteur.<\/p>\n<h4>Lead411\u2019s Hottest Companies in Silicon Valley 2011<\/h4>\n<p>Lead411 a reconnu Zuora comme l\u2019une des entreprises technologiques \u00e0 la croissance la plus rapide de la Silicon Valley en 2011.<\/p>\n<h4>2011 OnDemand 100 Top Private Companies<\/h4>\n<p>S\u00e9lectionn\u00e9e par l\u2019\u00e9quipe \u00e9ditoriale d\u2019AlwaysOn, Zuora figure parmi les 100 entreprises priv\u00e9es qui transforment l\u2019entreprise traditionnelle et pionni\u00e8res du cloud computing et du SaaS.<\/p>\n<h4>JMP Hot 100 Best Privately Held Software Companies \u2014 2011<\/h4>\n<p>Le classement JMP Hot 100 recense les principales entreprises priv\u00e9es du secteur logiciel, identifi\u00e9es par l\u2019\u00e9quipe de recherche logicielle de JMP Securities.<\/p>\n<h4>ZDNet 2011 CRM Watchlist<\/h4>\n<p>ZDNet ajoute Zuora \u00e0 sa Watchlist 2011 en raison de \u201cl\u2019\u00e9quipe dirigeante, des partenariats, des clients de r\u00e9f\u00e9rence, du leadership d\u2019opinion, de la notori\u00e9t\u00e9 sur le march\u00e9, du fort financement et de la croissance du chiffre d\u2019affaires.\u201d<\/p>\n<h4>Sys-Con Media \u2014 90 Cloud Companies to Watch in 2011<\/h4>\n<p>Sys-Con Media d\u00e9signe Zuora parmi les 90 soci\u00e9t\u00e9s cloud \u00e0 suivre en 2011, aux c\u00f4t\u00e9s d\u2019Amazon, Salesforce.com, Google Apps et VMWare.<\/p>\n<h4>Entreprise innovante \u00e0 suivre sous les 100M$<\/h4>\n<p>Zuora a \u00e9t\u00e9 s\u00e9lectionn\u00e9e par IDC comme l\u2019une des dix soci\u00e9t\u00e9s mises en avant dans un nouveau rapport intitul\u00e9 \u201cInnovative Software Companies Under $100M to Watch\u201d pour 2010.<\/p>\n<h4>AlwaysOn Global 250 \u2013 2010<\/h4>\n<p>Zuora a \u00e9t\u00e9 choisie par AlwaysOn parmi les laur\u00e9ats du Global 250 en 2010.<\/p>\n<h4>Dream Simplicity \u2014 Top 10 des soci\u00e9t\u00e9s SaaS \u00e0 la croissance la plus rapide<\/h4>\n<p>Zuora figure parmi les 10 soci\u00e9t\u00e9s SaaS \u00e0 la croissance la plus rapide.<\/p>\n<h4>Lead411\u2019s Hottest Silicon Valley Companies Award 2010<\/h4>\n<p>Zuora reconnue comme l\u2019une des entreprises les plus dynamiques de la Silicon Valley pour sa croissance et sa dynamique en 2010.<\/p>\n<h4>Beagle Research ThinkForward Award<\/h4>\n<p>Zuora a remport\u00e9 le ThinkForward Award de Beagle Research pour avoir contribu\u00e9 \u00e0 rendre le mod\u00e8le SaaS plus rentable.<\/p>\n<h4>Cloud Computing Journal \u2014 Les 250 acteurs majeurs du cloud computing<\/h4>\n<p>Zuora nomm\u00e9e parmi les acteurs les plus actifs de l\u2019\u00e9cosyst\u00e8me cloud.<\/p>\n<h4>AlwaysOn OnDemand Top 100 Private Companies 2010<\/h4>\n<p>Zuora d\u00e9sign\u00e9e par AlwaysOn comme laur\u00e9ate du OnDemand Top 100. Leader du cloud management, reconnue pour avoir cr\u00e9\u00e9 et structur\u00e9 le secteur de la facturation par abonnement.<\/p>\n<h4>SIIA CODiE Award Finalist \u2014 Meilleur logiciel SaaS 2010<\/h4>\n<p>SIIA a s\u00e9lectionn\u00e9 l\u2019application phare Z-Billing de Zuora parmi les finalistes du prix CODiE du meilleur logiciel SaaS. Zuora fut la seule solution de facturation et de commerce par abonnement \u00e0 obtenir une telle distinction.<\/p>\n<h4>Under the Radar \u2014 Best in Show 2009<\/h4>\n<p> ###CEND###<\/p>\n\t\t\t\t\t\t\t\t<\/div>\n\t\t\t\t<\/div>\n\t\t\t\t\t<\/div>\n\t\t<\/div>\n\t\t\t\t\t<\/div>\n\t\t<\/section>\n\t\t\t\t\t<\/div>\n\t\t<\/div>\n\t\t\t\t\t<\/div>\n\t\t<\/section>\n\t\t\t\t<\/div>\n\t\t","protected":false},"excerpt":{"rendered":"<p>Prix et distinctions de Zuora ###CEND### Built In \u2013 Meilleurs lieux de travail 2025 Zuora a \u00e9t\u00e9 reconnue dans huit cat\u00e9gories, dont celle des 100 meilleures entreprises am\u00e9ricaines o\u00f9 travailler en 2025, ainsi que pour des distinctions locales \u00e0 Atlanta, Boston et San Francisco. Zuora d\u00e9sign\u00e9e par Newsweek comme l\u2019une des entreprises les plus vertes [&hellip;]<\/p>\n","protected":false},"author":294,"featured_media":0,"parent":191341,"menu_order":0,"comment_status":"closed","ping_status":"closed","template":"","meta":{"_acf_changed":false,"footnotes":""},"content_type":[],"industry":[],"persona":[],"product_line":[],"topic":[],"class_list":["post-300015","page","type-page","status-publish","hentry"],"acf":{"smart_filters_taxonomy_filters":"none"},"yoast_head":"<!-- This site is optimized with the Yoast SEO Premium plugin v27.3 (Yoast SEO v27.3) - https:\/\/yoast.com\/product\/yoast-seo-premium-wordpress\/ -->\n<title>R\u00e9compenses - Zuora<\/title>\n<meta name=\"robots\" content=\"index, follow, max-snippet:-1, max-image-preview:large, max-video-preview:-1\" \/>\n<link rel=\"canonical\" href=\"https:\/\/www.zuora.com\/fr\/about\/recompenses\/\" \/>\n<meta property=\"og:locale\" content=\"fr_FR\" \/>\n<meta property=\"og:type\" content=\"article\" \/>\n<meta property=\"og:title\" content=\"R\u00e9compenses\" \/>\n<meta property=\"og:description\" content=\"Prix et distinctions de Zuora ###CEND### Built In \u2013 Meilleurs lieux de travail 2025 Zuora a \u00e9t\u00e9 reconnue dans huit cat\u00e9gories, dont celle des 100 meilleures entreprises am\u00e9ricaines o\u00f9 travailler en 2025, ainsi que pour des distinctions locales \u00e0 Atlanta, Boston et San Francisco. Zuora d\u00e9sign\u00e9e par Newsweek comme l\u2019une des entreprises les plus vertes [&hellip;]\" \/>\n<meta property=\"og:url\" content=\"https:\/\/www.zuora.com\/fr\/about\/recompenses\/\" \/>\n<meta property=\"og:site_name\" content=\"Zuora\" \/>\n<meta property=\"article:publisher\" content=\"https:\/\/www.facebook.com\/zuora\" \/>\n<meta property=\"article:modified_time\" content=\"2025-08-21T12:36:04+00:00\" \/>\n<meta property=\"og:image\" content=\"https:\/\/www.zuora.com\/wp-content\/uploads\/2024\/01\/teams-banner-triangles.png\" \/>\n\t<meta property=\"og:image:width\" content=\"656\" \/>\n\t<meta property=\"og:image:height\" content=\"315\" \/>\n\t<meta property=\"og:image:type\" content=\"image\/png\" \/>\n<meta name=\"twitter:card\" content=\"summary_large_image\" \/>\n<meta name=\"twitter:site\" content=\"@zuora\" \/>\n<script type=\"application\/ld+json\" class=\"yoast-schema-graph\">{\"@context\":\"https:\\\/\\\/schema.org\",\"@graph\":[{\"@type\":\"WebPage\",\"@id\":\"https:\\\/\\\/www.zuora.com\\\/fr\\\/about\\\/recompenses\\\/\",\"url\":\"https:\\\/\\\/www.zuora.com\\\/fr\\\/about\\\/recompenses\\\/\",\"name\":\"R\u00e9compenses - Zuora\",\"isPartOf\":{\"@id\":\"https:\\\/\\\/www.zuora.com\\\/fr\\\/#website\"},\"primaryImageOfPage\":{\"@id\":\"https:\\\/\\\/www.zuora.com\\\/fr\\\/about\\\/recompenses\\\/#primaryimage\"},\"image\":{\"@id\":\"https:\\\/\\\/www.zuora.com\\\/fr\\\/about\\\/recompenses\\\/#primaryimage\"},\"thumbnailUrl\":\"https:\\\/\\\/www.zuora.com\\\/wp-content\\\/uploads\\\/2024\\\/01\\\/teams-banner-triangles.png\",\"datePublished\":\"2024-08-16T18:48:14+00:00\",\"dateModified\":\"2025-08-21T12:36:04+00:00\",\"breadcrumb\":{\"@id\":\"https:\\\/\\\/www.zuora.com\\\/fr\\\/about\\\/recompenses\\\/#breadcrumb\"},\"inLanguage\":\"fr-FR\",\"potentialAction\":[{\"@type\":\"ReadAction\",\"target\":[\"https:\\\/\\\/www.zuora.com\\\/fr\\\/about\\\/recompenses\\\/\"]}]},{\"@type\":\"ImageObject\",\"inLanguage\":\"fr-FR\",\"@id\":\"https:\\\/\\\/www.zuora.com\\\/fr\\\/about\\\/recompenses\\\/#primaryimage\",\"url\":\"https:\\\/\\\/www.zuora.com\\\/wp-content\\\/uploads\\\/2024\\\/01\\\/teams-banner-triangles.png\",\"contentUrl\":\"https:\\\/\\\/www.zuora.com\\\/wp-content\\\/uploads\\\/2024\\\/01\\\/teams-banner-triangles.png\"},{\"@type\":\"BreadcrumbList\",\"@id\":\"https:\\\/\\\/www.zuora.com\\\/fr\\\/about\\\/recompenses\\\/#breadcrumb\",\"itemListElement\":[{\"@type\":\"ListItem\",\"position\":1,\"name\":\"Home\",\"item\":\"https:\\\/\\\/www.zuora.com\\\/fr\\\/\"},{\"@type\":\"ListItem\",\"position\":2,\"name\":\"&Agrave; propos | Zuora\",\"item\":\"https:\\\/\\\/www.zuora.com\\\/fr\\\/about\\\/\"},{\"@type\":\"ListItem\",\"position\":3,\"name\":\"R\u00e9compenses\"}]},{\"@type\":\"WebSite\",\"@id\":\"https:\\\/\\\/www.zuora.com\\\/fr\\\/#website\",\"url\":\"https:\\\/\\\/www.zuora.com\\\/fr\\\/\",\"name\":\"Zuora\",\"description\":\"\",\"publisher\":{\"@id\":\"https:\\\/\\\/www.zuora.com\\\/fr\\\/#organization\"},\"potentialAction\":[{\"@type\":\"SearchAction\",\"target\":{\"@type\":\"EntryPoint\",\"urlTemplate\":\"https:\\\/\\\/www.zuora.com\\\/fr\\\/?s={search_term_string}\"},\"query-input\":{\"@type\":\"PropertyValueSpecification\",\"valueRequired\":true,\"valueName\":\"search_term_string\"}}],\"inLanguage\":\"fr-FR\"},{\"@type\":\"Organization\",\"@id\":\"https:\\\/\\\/www.zuora.com\\\/fr\\\/#organization\",\"name\":\"Zuora\",\"url\":\"https:\\\/\\\/www.zuora.com\\\/fr\\\/\",\"logo\":{\"@type\":\"ImageObject\",\"inLanguage\":\"fr-FR\",\"@id\":\"https:\\\/\\\/www.zuora.com\\\/fr\\\/#\\\/schema\\\/logo\\\/image\\\/\",\"url\":\"https:\\\/\\\/www.zuora.com\\\/wp-content\\\/uploads\\\/2022\\\/08\\\/zuora-yoast-logo.png\",\"contentUrl\":\"https:\\\/\\\/www.zuora.com\\\/wp-content\\\/uploads\\\/2022\\\/08\\\/zuora-yoast-logo.png\",\"width\":512,\"height\":512,\"caption\":\"Zuora\"},\"image\":{\"@id\":\"https:\\\/\\\/www.zuora.com\\\/fr\\\/#\\\/schema\\\/logo\\\/image\\\/\"},\"sameAs\":[\"https:\\\/\\\/www.facebook.com\\\/zuora\",\"https:\\\/\\\/x.com\\\/zuora\",\"https:\\\/\\\/www.linkedin.com\\\/company\\\/zuora\",\"https:\\\/\\\/www.instagram.com\\\/zuora\"]}]}<\/script>\n<!-- \/ Yoast SEO Premium plugin. -->","yoast_head_json":{"title":"R\u00e9compenses - Zuora","robots":{"index":"index","follow":"follow","max-snippet":"max-snippet:-1","max-image-preview":"max-image-preview:large","max-video-preview":"max-video-preview:-1"},"canonical":"https:\/\/www.zuora.com\/fr\/about\/recompenses\/","og_locale":"fr_FR","og_type":"article","og_title":"R\u00e9compenses","og_description":"Prix et distinctions de Zuora ###CEND### Built In \u2013 Meilleurs lieux de travail 2025 Zuora a \u00e9t\u00e9 reconnue dans huit cat\u00e9gories, dont celle des 100 meilleures entreprises am\u00e9ricaines o\u00f9 travailler en 2025, ainsi que pour des distinctions locales \u00e0 Atlanta, Boston et San Francisco. Zuora d\u00e9sign\u00e9e par Newsweek comme l\u2019une des entreprises les plus vertes [&hellip;]","og_url":"https:\/\/www.zuora.com\/fr\/about\/recompenses\/","og_site_name":"Zuora","article_publisher":"https:\/\/www.facebook.com\/zuora","article_modified_time":"2025-08-21T12:36:04+00:00","og_image":[{"width":656,"height":315,"url":"https:\/\/www.zuora.com\/wp-content\/uploads\/2024\/01\/teams-banner-triangles.png","type":"image\/png"}],"twitter_card":"summary_large_image","twitter_site":"@zuora","schema":{"@context":"https:\/\/schema.org","@graph":[{"@type":"WebPage","@id":"https:\/\/www.zuora.com\/fr\/about\/recompenses\/","url":"https:\/\/www.zuora.com\/fr\/about\/recompenses\/","name":"R\u00e9compenses - Zuora","isPartOf":{"@id":"https:\/\/www.zuora.com\/fr\/#website"},"primaryImageOfPage":{"@id":"https:\/\/www.zuora.com\/fr\/about\/recompenses\/#primaryimage"},"image":{"@id":"https:\/\/www.zuora.com\/fr\/about\/recompenses\/#primaryimage"},"thumbnailUrl":"https:\/\/www.zuora.com\/wp-content\/uploads\/2024\/01\/teams-banner-triangles.png","datePublished":"2024-08-16T18:48:14+00:00","dateModified":"2025-08-21T12:36:04+00:00","breadcrumb":{"@id":"https:\/\/www.zuora.com\/fr\/about\/recompenses\/#breadcrumb"},"inLanguage":"fr-FR","potentialAction":[{"@type":"ReadAction","target":["https:\/\/www.zuora.com\/fr\/about\/recompenses\/"]}]},{"@type":"ImageObject","inLanguage":"fr-FR","@id":"https:\/\/www.zuora.com\/fr\/about\/recompenses\/#primaryimage","url":"https:\/\/www.zuora.com\/wp-content\/uploads\/2024\/01\/teams-banner-triangles.png","contentUrl":"https:\/\/www.zuora.com\/wp-content\/uploads\/2024\/01\/teams-banner-triangles.png"},{"@type":"BreadcrumbList","@id":"https:\/\/www.zuora.com\/fr\/about\/recompenses\/#breadcrumb","itemListElement":[{"@type":"ListItem","position":1,"name":"Home","item":"https:\/\/www.zuora.com\/fr\/"},{"@type":"ListItem","position":2,"name":"&Agrave; propos | Zuora","item":"https:\/\/www.zuora.com\/fr\/about\/"},{"@type":"ListItem","position":3,"name":"R\u00e9compenses"}]},{"@type":"WebSite","@id":"https:\/\/www.zuora.com\/fr\/#website","url":"https:\/\/www.zuora.com\/fr\/","name":"Zuora","description":"","publisher":{"@id":"https:\/\/www.zuora.com\/fr\/#organization"},"potentialAction":[{"@type":"SearchAction","target":{"@type":"EntryPoint","urlTemplate":"https:\/\/www.zuora.com\/fr\/?s={search_term_string}"},"query-input":{"@type":"PropertyValueSpecification","valueRequired":true,"valueName":"search_term_string"}}],"inLanguage":"fr-FR"},{"@type":"Organization","@id":"https:\/\/www.zuora.com\/fr\/#organization","name":"Zuora","url":"https:\/\/www.zuora.com\/fr\/","logo":{"@type":"ImageObject","inLanguage":"fr-FR","@id":"https:\/\/www.zuora.com\/fr\/#\/schema\/logo\/image\/","url":"https:\/\/www.zuora.com\/wp-content\/uploads\/2022\/08\/zuora-yoast-logo.png","contentUrl":"https:\/\/www.zuora.com\/wp-content\/uploads\/2022\/08\/zuora-yoast-logo.png","width":512,"height":512,"caption":"Zuora"},"image":{"@id":"https:\/\/www.zuora.com\/fr\/#\/schema\/logo\/image\/"},"sameAs":["https:\/\/www.facebook.com\/zuora","https:\/\/x.com\/zuora","https:\/\/www.linkedin.com\/company\/zuora","https:\/\/www.instagram.com\/zuora"]}]}},"_links":{"self":[{"href":"https:\/\/www.zuora.com\/fr\/wp-json\/wp\/v2\/pages\/300015","targetHints":{"allow":["GET"]}}],"collection":[{"href":"https:\/\/www.zuora.com\/fr\/wp-json\/wp\/v2\/pages"}],"about":[{"href":"https:\/\/www.zuora.com\/fr\/wp-json\/wp\/v2\/types\/page"}],"author":[{"embeddable":true,"href":"https:\/\/www.zuora.com\/fr\/wp-json\/wp\/v2\/users\/294"}],"replies":[{"embeddable":true,"href":"https:\/\/www.zuora.com\/fr\/wp-json\/wp\/v2\/comments?post=300015"}],"version-history":[{"count":0,"href":"https:\/\/www.zuora.com\/fr\/wp-json\/wp\/v2\/pages\/300015\/revisions"}],"up":[{"embeddable":true,"href":"https:\/\/www.zuora.com\/fr\/wp-json\/wp\/v2\/pages\/191341"}],"wp:attachment":[{"href":"https:\/\/www.zuora.com\/fr\/wp-json\/wp\/v2\/media?parent=300015"}],"wp:term":[{"taxonomy":"content_type","embeddable":true,"href":"https:\/\/www.zuora.com\/fr\/wp-json\/wp\/v2\/content_type?post=300015"},{"taxonomy":"industry","embeddable":true,"href":"https:\/\/www.zuora.com\/fr\/wp-json\/wp\/v2\/industry?post=300015"},{"taxonomy":"persona","embeddable":true,"href":"https:\/\/www.zuora.com\/fr\/wp-json\/wp\/v2\/persona?post=300015"},{"taxonomy":"product_line","embeddable":true,"href":"https:\/\/www.zuora.com\/fr\/wp-json\/wp\/v2\/product_line?post=300015"},{"taxonomy":"topic","embeddable":true,"href":"https:\/\/www.zuora.com\/fr\/wp-json\/wp\/v2\/topic?post=300015"}],"curies":[{"name":"wp","href":"https:\/\/api.w.org\/{rel}","templated":true}]}}