{"id":289504,"date":"2025-05-19T23:03:29","date_gmt":"2025-05-20T06:03:29","guid":{"rendered":"https:\/\/www.zuora.com\/products\/collections\/tour\/"},"modified":"2025-07-29T06:00:06","modified_gmt":"2025-07-29T13:00:06","slug":"tour","status":"publish","type":"page","link":"https:\/\/www.zuora.com\/fr\/products\/collections\/tour\/","title":{"rendered":"Zuora Collections, propuls\u00e9 par l&rsquo;IA &#8211; D\u00e9monstration"},"content":{"rendered":"\t\t<div data-elementor-type=\"wp-page\" data-elementor-id=\"289504\" class=\"elementor elementor-289504 elementor-289236\" data-elementor-post-type=\"page\">\n\t\t\t\t<div data-particle_enable=\"false\" data-particle-mobile-disabled=\"false\" class=\"elementor-element elementor-element-8dcde84 e-flex e-con-boxed e-con e-parent\" data-id=\"8dcde84\" data-element_type=\"container\" data-e-type=\"container\" data-settings=\"{&quot;background_background&quot;:&quot;classic&quot;}\">\n\t\t\t\t\t<div class=\"e-con-inner\">\n\t\t\t\t<div class=\"elementor-element elementor-element-64b81e9 elementor-widget__width-initial elementor-widget elementor-widget-heading\" data-id=\"64b81e9\" data-element_type=\"widget\" data-e-type=\"widget\" data-widget_type=\"heading.default\">\n\t\t\t\t<div class=\"elementor-widget-container\">\n\t\t\t\t\t<h1 class=\"elementor-heading-title elementor-size-default\">Solution de recouvrement IA pour entreprises modernes<\/h1>\t\t\t\t<\/div>\n\t\t\t\t<\/div>\n\t\t\t\t\t<\/div>\n\t\t\t\t<\/div>\n\t\t<div data-particle_enable=\"false\" data-particle-mobile-disabled=\"false\" class=\"elementor-element elementor-element-61cef5a e-con-full e-flex e-con e-parent\" data-id=\"61cef5a\" data-element_type=\"container\" data-e-type=\"container\">\n\t\t\t\t<div class=\"elementor-element elementor-element-209a052 elementor-widget elementor-widget-html\" data-id=\"209a052\" data-element_type=\"widget\" data-e-type=\"widget\" data-widget_type=\"html.default\">\n\t\t\t\t<div class=\"elementor-widget-container\">\n\t\t\t\t\t<div>\r\n    <script src=\"https:\/\/js.storylane.io\/js\/v1\/storylane.js\"><\/script>\r\n    <div class=\"sl-embed\" style=\"position:relative;padding-bottom:56.25%;width:100%;height:0;transform:scale(1)\">\r\n        <iframe class=\"sl-demo\" src=\"https:\/\/zuora.storylane.io\/demo\/lc1clyohznae?embed=inline\" name=\"sl-embed\" allow=\"fullscreen\" allowfullscreen style=\"position:absolute;top:0;left:0;width:100%!important;height:100%!important;border:1px solid rgba(63,95,172,0.35);box-shadow: 0px 0px 18px rgba(26, 19, 72, 0.15);border-radius:10px;box-sizing:border-box;\"><\/iframe>\r\n    <\/div><br><\/div><br><script>\r\n(function() {\r\n  var trackingScript = document.createElement('script');\r\n  trackingScript.src = 'https:\/\/t.contentsquare.net\/uxa\/5c2596c193001.js';\r\n  trackingScript.async = true;\r\n  document.head.appendChild(trackingScript)\r\n\r\n  trackingScript.onload = function() {\r\n    console.log('ContentSquare script loaded in iframe');\r\n  };\r\n\r\n  trackingScript.onerror = function() {\r\n    console.error('Error loading ContentSquare script in iframe');\r\n  };\r\n  \r\n})();\r\n<\/script><br>\t\t\t\t<\/div>\n\t\t\t\t<\/div>\n\t\t\t\t<\/div>\n\t\t\t\t<section data-particle_enable=\"false\" data-particle-mobile-disabled=\"false\" class=\"elementor-section elementor-top-section elementor-element elementor-element-2db9c5b elementor-section-full_width elementor-section-stretched elementor-section-height-default elementor-section-height-default\" data-id=\"2db9c5b\" data-element_type=\"section\" data-e-type=\"section\" data-settings=\"{&quot;stretch_section&quot;:&quot;section-stretched&quot;}\">\n\t\t\t\t\t\t<div class=\"elementor-container elementor-column-gap-default\">\n\t\t\t\t\t<div class=\"elementor-column elementor-col-100 elementor-top-column elementor-element elementor-element-78da230\" data-id=\"78da230\" data-element_type=\"column\" data-e-type=\"column\">\n\t\t\t<div class=\"elementor-widget-wrap elementor-element-populated\">\n\t\t\t\t\t\t<div class=\"elementor-element elementor-element-c0db6f2 elementor-widget__width-auto elementor-widget elementor-widget-template\" data-id=\"c0db6f2\" data-element_type=\"widget\" data-e-type=\"widget\" data-widget_type=\"template.default\">\n\t\t\t\t<div class=\"elementor-widget-container\">\n\t\t\t\t\t\t\t<div class=\"elementor-template\">\n\t\t\t\t\t<div data-elementor-type=\"page\" data-elementor-id=\"194822\" class=\"elementor elementor-194822 elementor-119166 elementor-119166\" data-elementor-post-type=\"elementor_library\">\n\t\t\t\t\t\t<section data-particle_enable=\"false\" data-particle-mobile-disabled=\"false\" class=\"elementor-section elementor-top-section elementor-element elementor-element-57aadc4 elementor-section-full_width elementor-section-stretched elementor-section-height-default elementor-section-height-default\" data-id=\"57aadc4\" data-element_type=\"section\" data-e-type=\"section\" data-settings=\"{&quot;stretch_section&quot;:&quot;section-stretched&quot;,&quot;background_background&quot;:&quot;classic&quot;}\">\n\t\t\t\t\t\t<div class=\"elementor-container elementor-column-gap-default\">\n\t\t\t\t\t<div class=\"elementor-column elementor-col-100 elementor-top-column elementor-element elementor-element-f561c37\" data-id=\"f561c37\" data-element_type=\"column\" data-e-type=\"column\">\n\t\t\t<div class=\"elementor-widget-wrap elementor-element-populated\">\n\t\t\t\t\t\t<div class=\"elementor-element elementor-element-34d4a7d elementor-widget__width-auto elementor-widget elementor-widget-heading\" data-id=\"34d4a7d\" data-element_type=\"widget\" data-e-type=\"widget\" data-widget_type=\"heading.default\">\n\t\t\t\t<div class=\"elementor-widget-container\">\n\t\t\t\t\t<h3 class=\"elementor-heading-title elementor-size-default\"><a href=\"\/talk-to-sales\/\">Pr\u00eat \u00e0 passer \u00e0 l'\u00e9tape suivante ? Contactez l'un de nos experts d\u00e8s aujourd'hui.<\/a><\/h3>\t\t\t\t<\/div>\n\t\t\t\t<\/div>\n\t\t\t\t<div class=\"elementor-element elementor-element-46f9850 elementor-widget__width-auto elementor-widget elementor-widget-button\" data-id=\"46f9850\" data-element_type=\"widget\" data-e-type=\"widget\" data-widget_type=\"button.default\">\n\t\t\t\t<div class=\"elementor-widget-container\">\n\t\t\t\t\t\t\t\t\t<div class=\"elementor-button-wrapper\">\n\t\t\t\t\t<a class=\"elementor-button elementor-button-link elementor-size-sm\" href=\"https:\/\/www.zuora.com\/fr\/talk-to-sales\/\">\n\t\t\t\t\t\t<span class=\"elementor-button-content-wrapper\">\n\t\t\t\t\t\t<span class=\"elementor-button-icon\">\n\t\t\t\t<i aria-hidden=\"true\" class=\"fas fa-arrow-right\"><\/i>\t\t\t<\/span>\n\t\t\t\t\t\t\t\t\t<span class=\"elementor-button-text\">Parler \u00e0 un expert<\/span>\n\t\t\t\t\t<\/span>\n\t\t\t\t\t<\/a>\n\t\t\t\t<\/div>\n\t\t\t\t\t\t\t\t<\/div>\n\t\t\t\t<\/div>\n\t\t\t\t\t<\/div>\n\t\t<\/div>\n\t\t\t\t\t<\/div>\n\t\t<\/section>\n\t\t\t\t<\/div>\n\t\t\t\t<\/div>\n\t\t\t\t\t\t<\/div>\n\t\t\t\t<\/div>\n\t\t\t\t\t<\/div>\n\t\t<\/div>\n\t\t\t\t\t<\/div>\n\t\t<\/section>\n\t\t\t\t<\/div>\n\t\t","protected":false},"excerpt":{"rendered":"<p>Solution de recouvrement IA pour entreprises modernes<\/p>\n","protected":false},"author":227,"featured_media":289230,"parent":289498,"menu_order":0,"comment_status":"closed","ping_status":"closed","template":"page-gated-content.php","meta":{"_acf_changed":false,"footnotes":""},"content_type":[],"industry":[],"persona":[],"product_line":[],"topic":[],"class_list":["post-289504","page","type-page","status-publish","has-post-thumbnail","hentry"],"acf":{"smart_filters_taxonomy_filters":"none"},"yoast_head":"<!-- This site is optimized with the Yoast SEO Premium plugin v27.3 (Yoast SEO v27.3) - https:\/\/yoast.com\/product\/yoast-seo-premium-wordpress\/ -->\n<title>Zuora Collections, propuls\u00e9 par l&#039;IA - D\u00e9monstration - Zuora<\/title>\n<meta name=\"description\" content=\"Zuora Collections, propuls\u00e9 par l&#039;IA, est la seule solution de recouvrement qui connecte facturation, revenus et CRM en une plateforme intelligente.\" \/>\n<meta name=\"robots\" content=\"noindex, nofollow\" \/>\n<meta property=\"og:locale\" content=\"fr_FR\" \/>\n<meta property=\"og:type\" content=\"article\" \/>\n<meta property=\"og:title\" content=\"Zuora Collections, propuls\u00e9 par l&#039;IA - D\u00e9monstration - Zuora\" \/>\n<meta property=\"og:description\" content=\"Zuora Collections, propuls\u00e9 par l&#039;IA, est la seule solution de recouvrement qui connecte facturation, revenus et CRM en une plateforme intelligente.\" \/>\n<meta property=\"og:url\" content=\"https:\/\/www.zuora.com\/fr\/products\/collections\/tour\/\" \/>\n<meta property=\"og:site_name\" content=\"Zuora\" \/>\n<meta property=\"article:publisher\" content=\"https:\/\/www.facebook.com\/zuora\" \/>\n<meta property=\"article:modified_time\" content=\"2025-07-29T13:00:06+00:00\" \/>\n<meta property=\"og:image\" content=\"https:\/\/www.zuora.com\/wp-content\/uploads\/2025\/05\/collections-social-share-640x336.png\" \/>\n<meta name=\"twitter:card\" content=\"summary_large_image\" \/>\n<meta name=\"twitter:title\" content=\"Zuora Collections, propuls\u00e9 par l&#039;IA - D\u00e9monstration\" \/>\n<meta name=\"twitter:site\" content=\"@zuora\" \/>\n<script type=\"application\/ld+json\" class=\"yoast-schema-graph\">{\"@context\":\"https:\\\/\\\/schema.org\",\"@graph\":[{\"@type\":\"WebPage\",\"@id\":\"https:\\\/\\\/www.zuora.com\\\/fr\\\/products\\\/collections\\\/tour\\\/\",\"url\":\"https:\\\/\\\/www.zuora.com\\\/fr\\\/products\\\/collections\\\/tour\\\/\",\"name\":\"Zuora Collections, propuls\u00e9 par l'IA - D\u00e9monstration - Zuora\",\"isPartOf\":{\"@id\":\"https:\\\/\\\/www.zuora.com\\\/fr\\\/#website\"},\"primaryImageOfPage\":{\"@id\":\"https:\\\/\\\/www.zuora.com\\\/fr\\\/products\\\/collections\\\/tour\\\/#primaryimage\"},\"image\":{\"@id\":\"https:\\\/\\\/www.zuora.com\\\/fr\\\/products\\\/collections\\\/tour\\\/#primaryimage\"},\"thumbnailUrl\":\"https:\\\/\\\/www.zuora.com\\\/wp-content\\\/uploads\\\/2025\\\/05\\\/collections-social-share.png\",\"datePublished\":\"2025-05-20T06:03:29+00:00\",\"dateModified\":\"2025-07-29T13:00:06+00:00\",\"description\":\"Zuora Collections, propuls\u00e9 par l'IA, est la seule solution de recouvrement qui connecte facturation, revenus et CRM en une plateforme intelligente.\",\"breadcrumb\":{\"@id\":\"https:\\\/\\\/www.zuora.com\\\/fr\\\/products\\\/collections\\\/tour\\\/#breadcrumb\"},\"inLanguage\":\"fr-FR\",\"potentialAction\":[{\"@type\":\"ReadAction\",\"target\":[\"https:\\\/\\\/www.zuora.com\\\/fr\\\/products\\\/collections\\\/tour\\\/\"]}]},{\"@type\":\"ImageObject\",\"inLanguage\":\"fr-FR\",\"@id\":\"https:\\\/\\\/www.zuora.com\\\/fr\\\/products\\\/collections\\\/tour\\\/#primaryimage\",\"url\":\"https:\\\/\\\/www.zuora.com\\\/wp-content\\\/uploads\\\/2025\\\/05\\\/collections-social-share.png\",\"contentUrl\":\"https:\\\/\\\/www.zuora.com\\\/wp-content\\\/uploads\\\/2025\\\/05\\\/collections-social-share.png\",\"width\":1200,\"height\":630,\"caption\":\"Graphique promotionnel Zuora montrant des tableaux de bord, des portraits et des \u00e9tiquettes pour le gestionnaire de collections, les ventes et la r\u00e9ussite client avec le texte \u00ab Collections IA pour les entreprises modernes \u00bb.\"},{\"@type\":\"BreadcrumbList\",\"@id\":\"https:\\\/\\\/www.zuora.com\\\/fr\\\/products\\\/collections\\\/tour\\\/#breadcrumb\",\"itemListElement\":[{\"@type\":\"ListItem\",\"position\":1,\"name\":\"Home\",\"item\":\"https:\\\/\\\/www.zuora.com\\\/fr\\\/\"},{\"@type\":\"ListItem\",\"position\":2,\"name\":\"Logiciel de gestion des abonnements et plateforme de facturation | Zuora\",\"item\":\"https:\\\/\\\/www.zuora.com\\\/fr\\\/products\\\/\"},{\"@type\":\"ListItem\",\"position\":3,\"name\":\"Recouvrement propuls\u00e9 par l&#8217;IA pour les entreprises modernes\",\"item\":\"https:\\\/\\\/www.zuora.com\\\/fr\\\/products\\\/collections\\\/\"},{\"@type\":\"ListItem\",\"position\":4,\"name\":\"Zuora Collections, propuls\u00e9 par l&#8217;IA &#8211; D\u00e9monstration\"}]},{\"@type\":\"WebSite\",\"@id\":\"https:\\\/\\\/www.zuora.com\\\/fr\\\/#website\",\"url\":\"https:\\\/\\\/www.zuora.com\\\/fr\\\/\",\"name\":\"Zuora\",\"description\":\"\",\"publisher\":{\"@id\":\"https:\\\/\\\/www.zuora.com\\\/fr\\\/#organization\"},\"potentialAction\":[{\"@type\":\"SearchAction\",\"target\":{\"@type\":\"EntryPoint\",\"urlTemplate\":\"https:\\\/\\\/www.zuora.com\\\/fr\\\/?s={search_term_string}\"},\"query-input\":{\"@type\":\"PropertyValueSpecification\",\"valueRequired\":true,\"valueName\":\"search_term_string\"}}],\"inLanguage\":\"fr-FR\"},{\"@type\":\"Organization\",\"@id\":\"https:\\\/\\\/www.zuora.com\\\/fr\\\/#organization\",\"name\":\"Zuora\",\"url\":\"https:\\\/\\\/www.zuora.com\\\/fr\\\/\",\"logo\":{\"@type\":\"ImageObject\",\"inLanguage\":\"fr-FR\",\"@id\":\"https:\\\/\\\/www.zuora.com\\\/fr\\\/#\\\/schema\\\/logo\\\/image\\\/\",\"url\":\"https:\\\/\\\/www.zuora.com\\\/wp-content\\\/uploads\\\/2022\\\/08\\\/zuora-yoast-logo.png\",\"contentUrl\":\"https:\\\/\\\/www.zuora.com\\\/wp-content\\\/uploads\\\/2022\\\/08\\\/zuora-yoast-logo.png\",\"width\":512,\"height\":512,\"caption\":\"Zuora\"},\"image\":{\"@id\":\"https:\\\/\\\/www.zuora.com\\\/fr\\\/#\\\/schema\\\/logo\\\/image\\\/\"},\"sameAs\":[\"https:\\\/\\\/www.facebook.com\\\/zuora\",\"https:\\\/\\\/x.com\\\/zuora\",\"https:\\\/\\\/www.linkedin.com\\\/company\\\/zuora\",\"https:\\\/\\\/www.instagram.com\\\/zuora\"]}]}<\/script>\n<!-- \/ Yoast SEO Premium plugin. -->","yoast_head_json":{"title":"Zuora Collections, propuls\u00e9 par l'IA - D\u00e9monstration - Zuora","description":"Zuora Collections, propuls\u00e9 par l'IA, est la seule solution de recouvrement qui connecte facturation, revenus et CRM en une plateforme intelligente.","robots":{"index":"noindex","follow":"nofollow"},"og_locale":"fr_FR","og_type":"article","og_title":"Zuora Collections, propuls\u00e9 par l'IA - D\u00e9monstration - Zuora","og_description":"Zuora Collections, propuls\u00e9 par l'IA, est la seule solution de recouvrement qui connecte facturation, revenus et CRM en une plateforme intelligente.","og_url":"https:\/\/www.zuora.com\/fr\/products\/collections\/tour\/","og_site_name":"Zuora","article_publisher":"https:\/\/www.facebook.com\/zuora","article_modified_time":"2025-07-29T13:00:06+00:00","og_image":[{"url":"https:\/\/www.zuora.com\/wp-content\/uploads\/2025\/05\/collections-social-share-640x336.png","type":"","width":"","height":""}],"twitter_card":"summary_large_image","twitter_title":"Zuora Collections, propuls\u00e9 par l'IA - D\u00e9monstration","twitter_site":"@zuora","schema":{"@context":"https:\/\/schema.org","@graph":[{"@type":"WebPage","@id":"https:\/\/www.zuora.com\/fr\/products\/collections\/tour\/","url":"https:\/\/www.zuora.com\/fr\/products\/collections\/tour\/","name":"Zuora Collections, propuls\u00e9 par l'IA - D\u00e9monstration - Zuora","isPartOf":{"@id":"https:\/\/www.zuora.com\/fr\/#website"},"primaryImageOfPage":{"@id":"https:\/\/www.zuora.com\/fr\/products\/collections\/tour\/#primaryimage"},"image":{"@id":"https:\/\/www.zuora.com\/fr\/products\/collections\/tour\/#primaryimage"},"thumbnailUrl":"https:\/\/www.zuora.com\/wp-content\/uploads\/2025\/05\/collections-social-share.png","datePublished":"2025-05-20T06:03:29+00:00","dateModified":"2025-07-29T13:00:06+00:00","description":"Zuora Collections, propuls\u00e9 par l'IA, est la seule solution de recouvrement qui connecte facturation, revenus et CRM en une plateforme intelligente.","breadcrumb":{"@id":"https:\/\/www.zuora.com\/fr\/products\/collections\/tour\/#breadcrumb"},"inLanguage":"fr-FR","potentialAction":[{"@type":"ReadAction","target":["https:\/\/www.zuora.com\/fr\/products\/collections\/tour\/"]}]},{"@type":"ImageObject","inLanguage":"fr-FR","@id":"https:\/\/www.zuora.com\/fr\/products\/collections\/tour\/#primaryimage","url":"https:\/\/www.zuora.com\/wp-content\/uploads\/2025\/05\/collections-social-share.png","contentUrl":"https:\/\/www.zuora.com\/wp-content\/uploads\/2025\/05\/collections-social-share.png","width":1200,"height":630,"caption":"Graphique promotionnel Zuora montrant des tableaux de bord, des portraits et des \u00e9tiquettes pour le gestionnaire de collections, les ventes et la r\u00e9ussite client avec le texte \u00ab Collections IA pour les entreprises modernes \u00bb."},{"@type":"BreadcrumbList","@id":"https:\/\/www.zuora.com\/fr\/products\/collections\/tour\/#breadcrumb","itemListElement":[{"@type":"ListItem","position":1,"name":"Home","item":"https:\/\/www.zuora.com\/fr\/"},{"@type":"ListItem","position":2,"name":"Logiciel de gestion des abonnements et plateforme de facturation | Zuora","item":"https:\/\/www.zuora.com\/fr\/products\/"},{"@type":"ListItem","position":3,"name":"Recouvrement propuls\u00e9 par l&#8217;IA pour les entreprises modernes","item":"https:\/\/www.zuora.com\/fr\/products\/collections\/"},{"@type":"ListItem","position":4,"name":"Zuora Collections, propuls\u00e9 par l&#8217;IA &#8211; D\u00e9monstration"}]},{"@type":"WebSite","@id":"https:\/\/www.zuora.com\/fr\/#website","url":"https:\/\/www.zuora.com\/fr\/","name":"Zuora","description":"","publisher":{"@id":"https:\/\/www.zuora.com\/fr\/#organization"},"potentialAction":[{"@type":"SearchAction","target":{"@type":"EntryPoint","urlTemplate":"https:\/\/www.zuora.com\/fr\/?s={search_term_string}"},"query-input":{"@type":"PropertyValueSpecification","valueRequired":true,"valueName":"search_term_string"}}],"inLanguage":"fr-FR"},{"@type":"Organization","@id":"https:\/\/www.zuora.com\/fr\/#organization","name":"Zuora","url":"https:\/\/www.zuora.com\/fr\/","logo":{"@type":"ImageObject","inLanguage":"fr-FR","@id":"https:\/\/www.zuora.com\/fr\/#\/schema\/logo\/image\/","url":"https:\/\/www.zuora.com\/wp-content\/uploads\/2022\/08\/zuora-yoast-logo.png","contentUrl":"https:\/\/www.zuora.com\/wp-content\/uploads\/2022\/08\/zuora-yoast-logo.png","width":512,"height":512,"caption":"Zuora"},"image":{"@id":"https:\/\/www.zuora.com\/fr\/#\/schema\/logo\/image\/"},"sameAs":["https:\/\/www.facebook.com\/zuora","https:\/\/x.com\/zuora","https:\/\/www.linkedin.com\/company\/zuora","https:\/\/www.instagram.com\/zuora"]}]}},"_links":{"self":[{"href":"https:\/\/www.zuora.com\/fr\/wp-json\/wp\/v2\/pages\/289504","targetHints":{"allow":["GET"]}}],"collection":[{"href":"https:\/\/www.zuora.com\/fr\/wp-json\/wp\/v2\/pages"}],"about":[{"href":"https:\/\/www.zuora.com\/fr\/wp-json\/wp\/v2\/types\/page"}],"author":[{"embeddable":true,"href":"https:\/\/www.zuora.com\/fr\/wp-json\/wp\/v2\/users\/227"}],"replies":[{"embeddable":true,"href":"https:\/\/www.zuora.com\/fr\/wp-json\/wp\/v2\/comments?post=289504"}],"version-history":[{"count":0,"href":"https:\/\/www.zuora.com\/fr\/wp-json\/wp\/v2\/pages\/289504\/revisions"}],"up":[{"embeddable":true,"href":"https:\/\/www.zuora.com\/fr\/wp-json\/wp\/v2\/pages\/289498"}],"wp:featuredmedia":[{"embeddable":true,"href":"https:\/\/www.zuora.com\/fr\/wp-json\/wp\/v2\/media\/289230"}],"wp:attachment":[{"href":"https:\/\/www.zuora.com\/fr\/wp-json\/wp\/v2\/media?parent=289504"}],"wp:term":[{"taxonomy":"content_type","embeddable":true,"href":"https:\/\/www.zuora.com\/fr\/wp-json\/wp\/v2\/content_type?post=289504"},{"taxonomy":"industry","embeddable":true,"href":"https:\/\/www.zuora.com\/fr\/wp-json\/wp\/v2\/industry?post=289504"},{"taxonomy":"persona","embeddable":true,"href":"https:\/\/www.zuora.com\/fr\/wp-json\/wp\/v2\/persona?post=289504"},{"taxonomy":"product_line","embeddable":true,"href":"https:\/\/www.zuora.com\/fr\/wp-json\/wp\/v2\/product_line?post=289504"},{"taxonomy":"topic","embeddable":true,"href":"https:\/\/www.zuora.com\/fr\/wp-json\/wp\/v2\/topic?post=289504"}],"curies":[{"name":"wp","href":"https:\/\/api.w.org\/{rel}","templated":true}]}}