{"id":267068,"date":"2024-10-03T15:46:54","date_gmt":"2024-10-03T22:46:54","guid":{"rendered":"https:\/\/www.zuora.com\/consumption-metering\/tour\/"},"modified":"2025-07-28T06:42:46","modified_gmt":"2025-07-28T13:42:46","slug":"tour","status":"publish","type":"page","link":"https:\/\/www.zuora.com\/fr\/products\/billing-software\/consumption-metering\/tour\/","title":{"rendered":"Mesure de la consommation &#8211; Zuora Billing &#8211; Pr\u00e9sentation"},"content":{"rendered":"\t\t<div data-elementor-type=\"wp-page\" data-elementor-id=\"267068\" class=\"elementor elementor-267068 elementor-266511\" data-elementor-post-type=\"page\">\n\t\t\t\t<div data-particle_enable=\"false\" data-particle-mobile-disabled=\"false\" class=\"elementor-element elementor-element-4cdeb26 e-flex e-con-boxed e-con e-parent\" data-id=\"4cdeb26\" data-element_type=\"container\" data-e-type=\"container\" data-settings=\"{&quot;background_background&quot;:&quot;classic&quot;}\">\n\t\t\t\t\t<div class=\"e-con-inner\">\n\t\t\t\t<div class=\"elementor-element elementor-element-4fe0176 elementor-widget__width-initial elementor-widget elementor-widget-heading\" data-id=\"4fe0176\" data-element_type=\"widget\" data-e-type=\"widget\" data-widget_type=\"heading.default\">\n\t\t\t\t<div class=\"elementor-widget-container\">\n\t\t\t\t\t<h1 class=\"elementor-heading-title elementor-size-default\">Facturation \u00e0 la consommation mesur\u00e9e<\/h1>\t\t\t\t<\/div>\n\t\t\t\t<\/div>\n\t\t\t\t\t<\/div>\n\t\t\t\t<\/div>\n\t\t<div data-particle_enable=\"false\" data-particle-mobile-disabled=\"false\" class=\"elementor-element elementor-element-7ec8c11 e-con-full e-flex e-con e-parent\" data-id=\"7ec8c11\" data-element_type=\"container\" data-e-type=\"container\">\n\t\t\t\t<div class=\"elementor-element elementor-element-ccb6002 elementor-widget elementor-widget-html\" data-id=\"ccb6002\" data-element_type=\"widget\" data-e-type=\"widget\" data-widget_type=\"html.default\">\n\t\t\t\t<div class=\"elementor-widget-container\">\n\t\t\t\t\t<div>\r\n    <script src=\"https:\/\/js.storylane.io\/js\/v1\/storylane.js\"><\/script>\r\n    <div class=\"sl-embed\" style=\"position:relative;padding-bottom:56.25%;width:100%;height:0;transform:scale(1)\">\r\n        <iframe class=\"sl-demo\" src=\"https:\/\/zuora.storylane.io\/demo\/rojjdgrdk7j4\" name=\"sl-embed\" allow=\"fullscreen\" allowfullscreen style=\"position:absolute;top:0;left:0;width:100%!important;height:100%!important;border:1px solid rgba(63,95,172,0.35);box-shadow: 0px 0px 18px rgba(26, 19, 72, 0.15);border-radius:10px;box-sizing:border-box;\"><\/iframe>\r\n    <\/div><br><\/div><br><script>\r\n(function() {\r\n  var trackingScript = document.createElement('script');\r\n  trackingScript.src = 'https:\/\/t.contentsquare.net\/uxa\/5c2596c193001.js';\r\n  trackingScript.async = true;\r\n  document.head.appendChild(trackingScript)\r\n\r\n  trackingScript.onload = function() {\r\n    console.log('Script ContentSquare charg\u00e9 dans l\u2019iframe');\r\n  };\r\n\r\n  trackingScript.onerror = function() {\r\n    console.error('Erreur lors du chargement du script ContentSquare dans l\u2019iframe');\r\n  };\r\n  \r\n})();\r\n<\/script><br>\t\t\t\t<\/div>\n\t\t\t\t<\/div>\n\t\t\t\t<\/div>\n\t\t\t\t<section data-particle_enable=\"false\" data-particle-mobile-disabled=\"false\" class=\"elementor-section elementor-top-section elementor-element elementor-element-a7e4bbd elementor-section-full_width elementor-section-stretched elementor-section-height-default elementor-section-height-default\" data-id=\"a7e4bbd\" data-element_type=\"section\" data-e-type=\"section\" data-settings=\"{&quot;stretch_section&quot;:&quot;section-stretched&quot;}\">\n\t\t\t\t\t\t<div class=\"elementor-container elementor-column-gap-default\">\n\t\t\t\t\t<div class=\"elementor-column elementor-col-100 elementor-top-column elementor-element elementor-element-88654e3\" data-id=\"88654e3\" data-element_type=\"column\" data-e-type=\"column\">\n\t\t\t<div class=\"elementor-widget-wrap elementor-element-populated\">\n\t\t\t\t\t\t<div class=\"elementor-element elementor-element-ee608f8 elementor-widget__width-auto elementor-widget elementor-widget-template\" data-id=\"ee608f8\" data-element_type=\"widget\" data-e-type=\"widget\" data-widget_type=\"template.default\">\n\t\t\t\t<div class=\"elementor-widget-container\">\n\t\t\t\t\t\t\t<div class=\"elementor-template\">\n\t\t\t\t\t<div data-elementor-type=\"page\" data-elementor-id=\"194822\" class=\"elementor elementor-194822 elementor-119166 elementor-119166\" data-elementor-post-type=\"elementor_library\">\n\t\t\t\t\t\t<section data-particle_enable=\"false\" data-particle-mobile-disabled=\"false\" class=\"elementor-section elementor-top-section elementor-element elementor-element-57aadc4 elementor-section-full_width elementor-section-stretched elementor-section-height-default elementor-section-height-default\" data-id=\"57aadc4\" data-element_type=\"section\" data-e-type=\"section\" data-settings=\"{&quot;stretch_section&quot;:&quot;section-stretched&quot;,&quot;background_background&quot;:&quot;classic&quot;}\">\n\t\t\t\t\t\t<div class=\"elementor-container elementor-column-gap-default\">\n\t\t\t\t\t<div class=\"elementor-column elementor-col-100 elementor-top-column elementor-element elementor-element-f561c37\" data-id=\"f561c37\" data-element_type=\"column\" data-e-type=\"column\">\n\t\t\t<div class=\"elementor-widget-wrap elementor-element-populated\">\n\t\t\t\t\t\t<div class=\"elementor-element elementor-element-34d4a7d elementor-widget__width-auto elementor-widget elementor-widget-heading\" data-id=\"34d4a7d\" data-element_type=\"widget\" data-e-type=\"widget\" data-widget_type=\"heading.default\">\n\t\t\t\t<div class=\"elementor-widget-container\">\n\t\t\t\t\t<h3 class=\"elementor-heading-title elementor-size-default\"><a href=\"\/talk-to-sales\/\">Pr\u00eat \u00e0 passer \u00e0 l'\u00e9tape suivante ? Contactez l'un de nos experts d\u00e8s aujourd'hui.<\/a><\/h3>\t\t\t\t<\/div>\n\t\t\t\t<\/div>\n\t\t\t\t<div class=\"elementor-element elementor-element-46f9850 elementor-widget__width-auto elementor-widget elementor-widget-button\" data-id=\"46f9850\" data-element_type=\"widget\" data-e-type=\"widget\" data-widget_type=\"button.default\">\n\t\t\t\t<div class=\"elementor-widget-container\">\n\t\t\t\t\t\t\t\t\t<div class=\"elementor-button-wrapper\">\n\t\t\t\t\t<a class=\"elementor-button elementor-button-link elementor-size-sm\" href=\"https:\/\/www.zuora.com\/fr\/talk-to-sales\/\">\n\t\t\t\t\t\t<span class=\"elementor-button-content-wrapper\">\n\t\t\t\t\t\t<span class=\"elementor-button-icon\">\n\t\t\t\t<i aria-hidden=\"true\" class=\"fas fa-arrow-right\"><\/i>\t\t\t<\/span>\n\t\t\t\t\t\t\t\t\t<span class=\"elementor-button-text\">Parler \u00e0 un expert<\/span>\n\t\t\t\t\t<\/span>\n\t\t\t\t\t<\/a>\n\t\t\t\t<\/div>\n\t\t\t\t\t\t\t\t<\/div>\n\t\t\t\t<\/div>\n\t\t\t\t\t<\/div>\n\t\t<\/div>\n\t\t\t\t\t<\/div>\n\t\t<\/section>\n\t\t\t\t<\/div>\n\t\t\t\t<\/div>\n\t\t\t\t\t\t<\/div>\n\t\t\t\t<\/div>\n\t\t\t\t\t<\/div>\n\t\t<\/div>\n\t\t\t\t\t<\/div>\n\t\t<\/section>\n\t\t\t\t<\/div>\n\t\t","protected":false},"excerpt":{"rendered":"<p>Facturation \u00e0 la consommation mesur\u00e9e<\/p>\n","protected":false},"author":227,"featured_media":0,"parent":256763,"menu_order":0,"comment_status":"closed","ping_status":"closed","template":"page-gated-content.php","meta":{"_acf_changed":false,"footnotes":""},"content_type":[],"industry":[],"persona":[],"product_line":[],"topic":[],"class_list":["post-267068","page","type-page","status-publish","hentry"],"acf":{"smart_filters_taxonomy_filters":"none"},"yoast_head":"<!-- This site is optimized with the Yoast SEO Premium plugin v27.3 (Yoast SEO v27.3) - https:\/\/yoast.com\/product\/yoast-seo-premium-wordpress\/ -->\n<title>Mesure de la consommation - Zuora Billing - Pr\u00e9sentation - Zuora<\/title>\n<meta name=\"description\" content=\"Mon\u00e9tisez les donn\u00e9es d\u2019utilisation en temps r\u00e9el gr\u00e2ce \u00e0 une mesure avanc\u00e9e de la consommation, compl\u00e9t\u00e9e par des strat\u00e9gies tarifaires flexibles et une visibilit\u00e9 continue.\" \/>\n<meta name=\"robots\" content=\"noindex, nofollow\" \/>\n<meta property=\"og:locale\" content=\"fr_FR\" \/>\n<meta property=\"og:type\" content=\"article\" \/>\n<meta property=\"og:title\" content=\"Mesure de la consommation - Zuora Billing - Pr\u00e9sentation\" \/>\n<meta property=\"og:description\" content=\"Mon\u00e9tisez les donn\u00e9es d\u2019utilisation en temps r\u00e9el gr\u00e2ce \u00e0 une mesure avanc\u00e9e de la consommation, compl\u00e9t\u00e9e par des strat\u00e9gies tarifaires flexibles et une visibilit\u00e9 continue.\" \/>\n<meta property=\"og:url\" content=\"https:\/\/www.zuora.com\/fr\/products\/billing-software\/consumption-metering\/tour\/\" \/>\n<meta property=\"og:site_name\" content=\"Zuora\" \/>\n<meta property=\"article:publisher\" content=\"https:\/\/www.facebook.com\/zuora\" \/>\n<meta property=\"article:modified_time\" content=\"2025-07-28T13:42:46+00:00\" \/>\n<meta property=\"og:image\" content=\"https:\/\/www.zuora.com\/wp-content\/uploads\/2024\/06\/Comsupmtion-metering-Thumbnail-1200x630-1-640x336.png\" \/>\n<meta name=\"twitter:card\" content=\"summary_large_image\" \/>\n<meta name=\"twitter:site\" content=\"@zuora\" \/>\n<script type=\"application\/ld+json\" class=\"yoast-schema-graph\">{\"@context\":\"https:\\\/\\\/schema.org\",\"@graph\":[{\"@type\":\"WebPage\",\"@id\":\"https:\\\/\\\/www.zuora.com\\\/fr\\\/products\\\/billing-software\\\/consumption-metering\\\/tour\\\/\",\"url\":\"https:\\\/\\\/www.zuora.com\\\/fr\\\/products\\\/billing-software\\\/consumption-metering\\\/tour\\\/\",\"name\":\"Mesure de la consommation - Zuora Billing - Pr\u00e9sentation - Zuora\",\"isPartOf\":{\"@id\":\"https:\\\/\\\/www.zuora.com\\\/fr\\\/#website\"},\"datePublished\":\"2024-10-03T22:46:54+00:00\",\"dateModified\":\"2025-07-28T13:42:46+00:00\",\"description\":\"Mon\u00e9tisez les donn\u00e9es d\u2019utilisation en temps r\u00e9el gr\u00e2ce \u00e0 une mesure avanc\u00e9e de la consommation, compl\u00e9t\u00e9e par des strat\u00e9gies tarifaires flexibles et une visibilit\u00e9 continue.\",\"breadcrumb\":{\"@id\":\"https:\\\/\\\/www.zuora.com\\\/fr\\\/products\\\/billing-software\\\/consumption-metering\\\/tour\\\/#breadcrumb\"},\"inLanguage\":\"fr-FR\",\"potentialAction\":[{\"@type\":\"ReadAction\",\"target\":[\"https:\\\/\\\/www.zuora.com\\\/fr\\\/products\\\/billing-software\\\/consumption-metering\\\/tour\\\/\"]}]},{\"@type\":\"BreadcrumbList\",\"@id\":\"https:\\\/\\\/www.zuora.com\\\/fr\\\/products\\\/billing-software\\\/consumption-metering\\\/tour\\\/#breadcrumb\",\"itemListElement\":[{\"@type\":\"ListItem\",\"position\":1,\"name\":\"Home\",\"item\":\"https:\\\/\\\/www.zuora.com\\\/fr\\\/\"},{\"@type\":\"ListItem\",\"position\":2,\"name\":\"Logiciel de gestion des abonnements et plateforme de facturation | Zuora\",\"item\":\"https:\\\/\\\/www.zuora.com\\\/fr\\\/products\\\/\"},{\"@type\":\"ListItem\",\"position\":3,\"name\":\"Logiciel de facturation r\u00e9currente flexible | Zuora Billing\",\"item\":\"https:\\\/\\\/www.zuora.com\\\/fr\\\/products\\\/billing-software\\\/\"},{\"@type\":\"ListItem\",\"position\":4,\"name\":\"Mesure de Consommation &#8211; Zuora Billing\",\"item\":\"https:\\\/\\\/www.zuora.com\\\/fr\\\/products\\\/billing-software\\\/consumption-metering\\\/\"},{\"@type\":\"ListItem\",\"position\":5,\"name\":\"Mesure de la consommation &#8211; Zuora Billing &#8211; Pr\u00e9sentation\"}]},{\"@type\":\"WebSite\",\"@id\":\"https:\\\/\\\/www.zuora.com\\\/fr\\\/#website\",\"url\":\"https:\\\/\\\/www.zuora.com\\\/fr\\\/\",\"name\":\"Zuora\",\"description\":\"\",\"publisher\":{\"@id\":\"https:\\\/\\\/www.zuora.com\\\/fr\\\/#organization\"},\"potentialAction\":[{\"@type\":\"SearchAction\",\"target\":{\"@type\":\"EntryPoint\",\"urlTemplate\":\"https:\\\/\\\/www.zuora.com\\\/fr\\\/?s={search_term_string}\"},\"query-input\":{\"@type\":\"PropertyValueSpecification\",\"valueRequired\":true,\"valueName\":\"search_term_string\"}}],\"inLanguage\":\"fr-FR\"},{\"@type\":\"Organization\",\"@id\":\"https:\\\/\\\/www.zuora.com\\\/fr\\\/#organization\",\"name\":\"Zuora\",\"url\":\"https:\\\/\\\/www.zuora.com\\\/fr\\\/\",\"logo\":{\"@type\":\"ImageObject\",\"inLanguage\":\"fr-FR\",\"@id\":\"https:\\\/\\\/www.zuora.com\\\/fr\\\/#\\\/schema\\\/logo\\\/image\\\/\",\"url\":\"https:\\\/\\\/www.zuora.com\\\/wp-content\\\/uploads\\\/2022\\\/08\\\/zuora-yoast-logo.png\",\"contentUrl\":\"https:\\\/\\\/www.zuora.com\\\/wp-content\\\/uploads\\\/2022\\\/08\\\/zuora-yoast-logo.png\",\"width\":512,\"height\":512,\"caption\":\"Zuora\"},\"image\":{\"@id\":\"https:\\\/\\\/www.zuora.com\\\/fr\\\/#\\\/schema\\\/logo\\\/image\\\/\"},\"sameAs\":[\"https:\\\/\\\/www.facebook.com\\\/zuora\",\"https:\\\/\\\/x.com\\\/zuora\",\"https:\\\/\\\/www.linkedin.com\\\/company\\\/zuora\",\"https:\\\/\\\/www.instagram.com\\\/zuora\"]}]}<\/script>\n<!-- \/ Yoast SEO Premium plugin. -->","yoast_head_json":{"title":"Mesure de la consommation - Zuora Billing - Pr\u00e9sentation - Zuora","description":"Mon\u00e9tisez les donn\u00e9es d\u2019utilisation en temps r\u00e9el gr\u00e2ce \u00e0 une mesure avanc\u00e9e de la consommation, compl\u00e9t\u00e9e par des strat\u00e9gies tarifaires flexibles et une visibilit\u00e9 continue.","robots":{"index":"noindex","follow":"nofollow"},"og_locale":"fr_FR","og_type":"article","og_title":"Mesure de la consommation - Zuora Billing - Pr\u00e9sentation","og_description":"Mon\u00e9tisez les donn\u00e9es d\u2019utilisation en temps r\u00e9el gr\u00e2ce \u00e0 une mesure avanc\u00e9e de la consommation, compl\u00e9t\u00e9e par des strat\u00e9gies tarifaires flexibles et une visibilit\u00e9 continue.","og_url":"https:\/\/www.zuora.com\/fr\/products\/billing-software\/consumption-metering\/tour\/","og_site_name":"Zuora","article_publisher":"https:\/\/www.facebook.com\/zuora","article_modified_time":"2025-07-28T13:42:46+00:00","og_image":[{"url":"https:\/\/www.zuora.com\/wp-content\/uploads\/2024\/06\/Comsupmtion-metering-Thumbnail-1200x630-1-640x336.png","type":"","width":"","height":""}],"twitter_card":"summary_large_image","twitter_site":"@zuora","schema":{"@context":"https:\/\/schema.org","@graph":[{"@type":"WebPage","@id":"https:\/\/www.zuora.com\/fr\/products\/billing-software\/consumption-metering\/tour\/","url":"https:\/\/www.zuora.com\/fr\/products\/billing-software\/consumption-metering\/tour\/","name":"Mesure de la consommation - Zuora Billing - Pr\u00e9sentation - Zuora","isPartOf":{"@id":"https:\/\/www.zuora.com\/fr\/#website"},"datePublished":"2024-10-03T22:46:54+00:00","dateModified":"2025-07-28T13:42:46+00:00","description":"Mon\u00e9tisez les donn\u00e9es d\u2019utilisation en temps r\u00e9el gr\u00e2ce \u00e0 une mesure avanc\u00e9e de la consommation, compl\u00e9t\u00e9e par des strat\u00e9gies tarifaires flexibles et une visibilit\u00e9 continue.","breadcrumb":{"@id":"https:\/\/www.zuora.com\/fr\/products\/billing-software\/consumption-metering\/tour\/#breadcrumb"},"inLanguage":"fr-FR","potentialAction":[{"@type":"ReadAction","target":["https:\/\/www.zuora.com\/fr\/products\/billing-software\/consumption-metering\/tour\/"]}]},{"@type":"BreadcrumbList","@id":"https:\/\/www.zuora.com\/fr\/products\/billing-software\/consumption-metering\/tour\/#breadcrumb","itemListElement":[{"@type":"ListItem","position":1,"name":"Home","item":"https:\/\/www.zuora.com\/fr\/"},{"@type":"ListItem","position":2,"name":"Logiciel de gestion des abonnements et plateforme de facturation | Zuora","item":"https:\/\/www.zuora.com\/fr\/products\/"},{"@type":"ListItem","position":3,"name":"Logiciel de facturation r\u00e9currente flexible | Zuora Billing","item":"https:\/\/www.zuora.com\/fr\/products\/billing-software\/"},{"@type":"ListItem","position":4,"name":"Mesure de Consommation &#8211; Zuora Billing","item":"https:\/\/www.zuora.com\/fr\/products\/billing-software\/consumption-metering\/"},{"@type":"ListItem","position":5,"name":"Mesure de la consommation &#8211; Zuora Billing &#8211; Pr\u00e9sentation"}]},{"@type":"WebSite","@id":"https:\/\/www.zuora.com\/fr\/#website","url":"https:\/\/www.zuora.com\/fr\/","name":"Zuora","description":"","publisher":{"@id":"https:\/\/www.zuora.com\/fr\/#organization"},"potentialAction":[{"@type":"SearchAction","target":{"@type":"EntryPoint","urlTemplate":"https:\/\/www.zuora.com\/fr\/?s={search_term_string}"},"query-input":{"@type":"PropertyValueSpecification","valueRequired":true,"valueName":"search_term_string"}}],"inLanguage":"fr-FR"},{"@type":"Organization","@id":"https:\/\/www.zuora.com\/fr\/#organization","name":"Zuora","url":"https:\/\/www.zuora.com\/fr\/","logo":{"@type":"ImageObject","inLanguage":"fr-FR","@id":"https:\/\/www.zuora.com\/fr\/#\/schema\/logo\/image\/","url":"https:\/\/www.zuora.com\/wp-content\/uploads\/2022\/08\/zuora-yoast-logo.png","contentUrl":"https:\/\/www.zuora.com\/wp-content\/uploads\/2022\/08\/zuora-yoast-logo.png","width":512,"height":512,"caption":"Zuora"},"image":{"@id":"https:\/\/www.zuora.com\/fr\/#\/schema\/logo\/image\/"},"sameAs":["https:\/\/www.facebook.com\/zuora","https:\/\/x.com\/zuora","https:\/\/www.linkedin.com\/company\/zuora","https:\/\/www.instagram.com\/zuora"]}]}},"_links":{"self":[{"href":"https:\/\/www.zuora.com\/fr\/wp-json\/wp\/v2\/pages\/267068","targetHints":{"allow":["GET"]}}],"collection":[{"href":"https:\/\/www.zuora.com\/fr\/wp-json\/wp\/v2\/pages"}],"about":[{"href":"https:\/\/www.zuora.com\/fr\/wp-json\/wp\/v2\/types\/page"}],"author":[{"embeddable":true,"href":"https:\/\/www.zuora.com\/fr\/wp-json\/wp\/v2\/users\/227"}],"replies":[{"embeddable":true,"href":"https:\/\/www.zuora.com\/fr\/wp-json\/wp\/v2\/comments?post=267068"}],"version-history":[{"count":0,"href":"https:\/\/www.zuora.com\/fr\/wp-json\/wp\/v2\/pages\/267068\/revisions"}],"up":[{"embeddable":true,"href":"https:\/\/www.zuora.com\/fr\/wp-json\/wp\/v2\/pages\/256763"}],"wp:attachment":[{"href":"https:\/\/www.zuora.com\/fr\/wp-json\/wp\/v2\/media?parent=267068"}],"wp:term":[{"taxonomy":"content_type","embeddable":true,"href":"https:\/\/www.zuora.com\/fr\/wp-json\/wp\/v2\/content_type?post=267068"},{"taxonomy":"industry","embeddable":true,"href":"https:\/\/www.zuora.com\/fr\/wp-json\/wp\/v2\/industry?post=267068"},{"taxonomy":"persona","embeddable":true,"href":"https:\/\/www.zuora.com\/fr\/wp-json\/wp\/v2\/persona?post=267068"},{"taxonomy":"product_line","embeddable":true,"href":"https:\/\/www.zuora.com\/fr\/wp-json\/wp\/v2\/product_line?post=267068"},{"taxonomy":"topic","embeddable":true,"href":"https:\/\/www.zuora.com\/fr\/wp-json\/wp\/v2\/topic?post=267068"}],"curies":[{"name":"wp","href":"https:\/\/api.w.org\/{rel}","templated":true}]}}