{"id":267054,"date":"2024-10-03T16:46:14","date_gmt":"2024-10-03T23:46:14","guid":{"rendered":"https:\/\/www.zuora.com\/products\/zuora-central-platform\/connect-everything\/tour\/"},"modified":"2025-07-28T06:13:57","modified_gmt":"2025-07-28T13:13:57","slug":"visite-guidee","status":"publish","type":"page","link":"https:\/\/www.zuora.com\/fr\/solutions\/zuora-platform\/integration-hub\/visite-guidee\/","title":{"rendered":"Centre d\u2019Int\u00e9gration &#8211; Plateforme Zuora &#8211; Visite guid\u00e9e"},"content":{"rendered":"\t\t<div data-elementor-type=\"wp-page\" data-elementor-id=\"267054\" class=\"elementor elementor-267054 elementor-266551\" data-elementor-post-type=\"page\">\n\t\t\t\t<div data-particle_enable=\"false\" data-particle-mobile-disabled=\"false\" class=\"elementor-element elementor-element-4cdeb26 e-flex e-con-boxed e-con e-parent\" data-id=\"4cdeb26\" data-element_type=\"container\" data-e-type=\"container\" data-settings=\"{&quot;background_background&quot;:&quot;classic&quot;}\">\n\t\t\t\t\t<div class=\"e-con-inner\">\n\t\t\t\t<div class=\"elementor-element elementor-element-4fe0176 elementor-widget__width-initial elementor-widget elementor-widget-heading\" data-id=\"4fe0176\" data-element_type=\"widget\" data-e-type=\"widget\" data-widget_type=\"heading.default\">\n\t\t\t\t<div class=\"elementor-widget-container\">\n\t\t\t\t\t<h1 class=\"elementor-heading-title elementor-size-default\">Centre d\u2019Int\u00e9gration<\/h1>\t\t\t\t<\/div>\n\t\t\t\t<\/div>\n\t\t\t\t\t<\/div>\n\t\t\t\t<\/div>\n\t\t<div data-particle_enable=\"false\" data-particle-mobile-disabled=\"false\" class=\"elementor-element elementor-element-7ec8c11 e-con-full e-flex e-con e-parent\" data-id=\"7ec8c11\" data-element_type=\"container\" data-e-type=\"container\">\n\t\t\t\t<div class=\"elementor-element elementor-element-ccb6002 elementor-widget elementor-widget-html\" data-id=\"ccb6002\" data-element_type=\"widget\" data-e-type=\"widget\" data-widget_type=\"html.default\">\n\t\t\t\t<div class=\"elementor-widget-container\">\n\t\t\t\t\t<div>\n    <script src=\"https:\/\/js.storylane.io\/js\/v1\/storylane.js\"><\/script>\n    <div class=\"sl-embed\" style=\"position:relative;padding-bottom:56.25%;width:100%;height:0;transform:scale(1)\">\n        <iframe class=\"sl-demo\" src=\"https:\/\/zuora.storylane.io\/demo\/je7da0ouvogy\" name=\"sl-embed\" allow=\"fullscreen\" allowfullscreen style=\"position:absolute;top:0;left:0;width:100%!important;height:100%!important;border:1px solid rgba(63,95,172,0.35);box-shadow: 0px 0px 18px rgba(26, 19, 72, 0.15);border-radius:10px;box-sizing:border-box;\"><\/iframe>\n    <\/div>\n<\/div>\n<script>\n(function() {\n  var trackingScript = document.createElement('script');\n  trackingScript.src = 'https:\/\/t.contentsquare.net\/uxa\/5c2596c193001.js';\n  trackingScript.async = true;\n  document.head.appendChild(trackingScript)\n\n  trackingScript.onload = function() {\n    console.log('Script ContentSquare charg\u00e9 dans l\u2019iframe');\n  };\n\n  trackingScript.onerror = function() {\n    console.error('Erreur lors du chargement du script ContentSquare dans l\u2019iframe');\n  };\n  \n})();\n<\/script>\n\t\t\t\t<\/div>\n\t\t\t\t<\/div>\n\t\t\t\t<\/div>\n\t\t\t\t<section data-particle_enable=\"false\" data-particle-mobile-disabled=\"false\" class=\"elementor-section elementor-top-section elementor-element elementor-element-a7e4bbd elementor-section-full_width elementor-section-stretched elementor-section-height-default elementor-section-height-default\" data-id=\"a7e4bbd\" data-element_type=\"section\" data-e-type=\"section\" data-settings=\"{&quot;stretch_section&quot;:&quot;section-stretched&quot;}\">\n\t\t\t\t\t\t<div class=\"elementor-container elementor-column-gap-default\">\n\t\t\t\t\t<div class=\"elementor-column elementor-col-100 elementor-top-column elementor-element elementor-element-88654e3\" data-id=\"88654e3\" data-element_type=\"column\" data-e-type=\"column\">\n\t\t\t<div class=\"elementor-widget-wrap elementor-element-populated\">\n\t\t\t\t\t\t<div class=\"elementor-element elementor-element-ee608f8 elementor-widget__width-auto elementor-widget elementor-widget-template\" data-id=\"ee608f8\" data-element_type=\"widget\" data-e-type=\"widget\" data-widget_type=\"template.default\">\n\t\t\t\t<div class=\"elementor-widget-container\">\n\t\t\t\t\t\t\t<div class=\"elementor-template\">\n\t\t\t\t\t<div data-elementor-type=\"page\" data-elementor-id=\"194822\" class=\"elementor elementor-194822 elementor-119166 elementor-119166\" data-elementor-post-type=\"elementor_library\">\n\t\t\t\t\t\t<section data-particle_enable=\"false\" data-particle-mobile-disabled=\"false\" class=\"elementor-section elementor-top-section elementor-element elementor-element-57aadc4 elementor-section-full_width elementor-section-stretched elementor-section-height-default elementor-section-height-default\" data-id=\"57aadc4\" data-element_type=\"section\" data-e-type=\"section\" data-settings=\"{&quot;stretch_section&quot;:&quot;section-stretched&quot;,&quot;background_background&quot;:&quot;classic&quot;}\">\n\t\t\t\t\t\t<div class=\"elementor-container elementor-column-gap-default\">\n\t\t\t\t\t<div class=\"elementor-column elementor-col-100 elementor-top-column elementor-element elementor-element-f561c37\" data-id=\"f561c37\" data-element_type=\"column\" data-e-type=\"column\">\n\t\t\t<div class=\"elementor-widget-wrap elementor-element-populated\">\n\t\t\t\t\t\t<div class=\"elementor-element elementor-element-34d4a7d elementor-widget__width-auto elementor-widget elementor-widget-heading\" data-id=\"34d4a7d\" data-element_type=\"widget\" data-e-type=\"widget\" data-widget_type=\"heading.default\">\n\t\t\t\t<div class=\"elementor-widget-container\">\n\t\t\t\t\t<h3 class=\"elementor-heading-title elementor-size-default\"><a href=\"\/talk-to-sales\/\">Pr\u00eat \u00e0 passer \u00e0 l'\u00e9tape suivante ? Contactez l'un de nos experts d\u00e8s aujourd'hui.<\/a><\/h3>\t\t\t\t<\/div>\n\t\t\t\t<\/div>\n\t\t\t\t<div class=\"elementor-element elementor-element-46f9850 elementor-widget__width-auto elementor-widget elementor-widget-button\" data-id=\"46f9850\" data-element_type=\"widget\" data-e-type=\"widget\" data-widget_type=\"button.default\">\n\t\t\t\t<div class=\"elementor-widget-container\">\n\t\t\t\t\t\t\t\t\t<div class=\"elementor-button-wrapper\">\n\t\t\t\t\t<a class=\"elementor-button elementor-button-link elementor-size-sm\" href=\"https:\/\/www.zuora.com\/fr\/talk-to-sales\/\">\n\t\t\t\t\t\t<span class=\"elementor-button-content-wrapper\">\n\t\t\t\t\t\t<span class=\"elementor-button-icon\">\n\t\t\t\t<i aria-hidden=\"true\" class=\"fas fa-arrow-right\"><\/i>\t\t\t<\/span>\n\t\t\t\t\t\t\t\t\t<span class=\"elementor-button-text\">Parler \u00e0 un expert<\/span>\n\t\t\t\t\t<\/span>\n\t\t\t\t\t<\/a>\n\t\t\t\t<\/div>\n\t\t\t\t\t\t\t\t<\/div>\n\t\t\t\t<\/div>\n\t\t\t\t\t<\/div>\n\t\t<\/div>\n\t\t\t\t\t<\/div>\n\t\t<\/section>\n\t\t\t\t<\/div>\n\t\t\t\t<\/div>\n\t\t\t\t\t\t<\/div>\n\t\t\t\t<\/div>\n\t\t\t\t\t<\/div>\n\t\t<\/div>\n\t\t\t\t\t<\/div>\n\t\t<\/section>\n\t\t\t\t<\/div>\n\t\t","protected":false},"excerpt":{"rendered":"<p>Centre d\u2019Int\u00e9gration<\/p>\n","protected":false},"author":227,"featured_media":0,"parent":233362,"menu_order":0,"comment_status":"closed","ping_status":"closed","template":"page-gated-content.php","meta":{"_acf_changed":false,"footnotes":""},"content_type":[],"industry":[],"persona":[],"product_line":[],"topic":[],"class_list":["post-267054","page","type-page","status-publish","hentry"],"acf":{"smart_filters_taxonomy_filters":"none"},"yoast_head":"<!-- This site is optimized with the Yoast SEO Premium plugin v27.3 (Yoast SEO v27.3) - https:\/\/yoast.com\/product\/yoast-seo-premium-wordpress\/ -->\n<title>Centre d\u2019Int\u00e9gration - Plateforme Zuora - Visite guid\u00e9e - Zuora<\/title>\n<meta name=\"description\" content=\"Optimisez votre traitement des paiements gr\u00e2ce aux formulaires de paiement dynamiques et aux solutions de routage des passerelles de Zuora. Garantissez des taux de r\u00e9ussite \u00e9lev\u00e9s et des transactions rentables \u00e0 l\u2019\u00e9chelle mondiale.\" \/>\n<meta name=\"robots\" content=\"noindex, nofollow\" \/>\n<meta property=\"og:locale\" content=\"fr_FR\" \/>\n<meta property=\"og:type\" content=\"article\" \/>\n<meta property=\"og:title\" content=\"Centre d\u2019Int\u00e9gration - Plateforme Zuora - Visite guid\u00e9e\" \/>\n<meta property=\"og:description\" content=\"\u00c9liminez les silos et les processus inefficaces gr\u00e2ce \u00e0 des outils permettant d\u2019int\u00e9grer facilement les syst\u00e8mes, afin que les donn\u00e9es critiques parviennent l\u00e0 o\u00f9 elles sont n\u00e9cessaires.\" \/>\n<meta property=\"og:url\" content=\"https:\/\/www.zuora.com\/fr\/solutions\/zuora-platform\/integration-hub\/visite-guidee\/\" \/>\n<meta property=\"og:site_name\" content=\"Zuora\" \/>\n<meta property=\"article:publisher\" content=\"https:\/\/www.facebook.com\/zuora\" \/>\n<meta property=\"article:modified_time\" content=\"2025-07-28T13:13:57+00:00\" \/>\n<meta property=\"og:image\" content=\"https:\/\/www.zuora.com\/wp-content\/uploads\/2024\/08\/integration_hub_social_image-640x336.png\" \/>\n<meta name=\"twitter:card\" content=\"summary_large_image\" \/>\n<meta name=\"twitter:site\" content=\"@zuora\" \/>\n<script type=\"application\/ld+json\" class=\"yoast-schema-graph\">{\"@context\":\"https:\\\/\\\/schema.org\",\"@graph\":[{\"@type\":\"WebPage\",\"@id\":\"https:\\\/\\\/www.zuora.com\\\/fr\\\/solutions\\\/zuora-platform\\\/integration-hub\\\/visite-guidee\\\/\",\"url\":\"https:\\\/\\\/www.zuora.com\\\/fr\\\/solutions\\\/zuora-platform\\\/integration-hub\\\/visite-guidee\\\/\",\"name\":\"Centre d\u2019Int\u00e9gration - Plateforme Zuora - Visite guid\u00e9e - Zuora\",\"isPartOf\":{\"@id\":\"https:\\\/\\\/www.zuora.com\\\/fr\\\/#website\"},\"datePublished\":\"2024-10-03T23:46:14+00:00\",\"dateModified\":\"2025-07-28T13:13:57+00:00\",\"description\":\"Optimisez votre traitement des paiements gr\u00e2ce aux formulaires de paiement dynamiques et aux solutions de routage des passerelles de Zuora. Garantissez des taux de r\u00e9ussite \u00e9lev\u00e9s et des transactions rentables \u00e0 l\u2019\u00e9chelle mondiale.\",\"breadcrumb\":{\"@id\":\"https:\\\/\\\/www.zuora.com\\\/fr\\\/solutions\\\/zuora-platform\\\/integration-hub\\\/visite-guidee\\\/#breadcrumb\"},\"inLanguage\":\"fr-FR\",\"potentialAction\":[{\"@type\":\"ReadAction\",\"target\":[\"https:\\\/\\\/www.zuora.com\\\/fr\\\/solutions\\\/zuora-platform\\\/integration-hub\\\/visite-guidee\\\/\"]}]},{\"@type\":\"BreadcrumbList\",\"@id\":\"https:\\\/\\\/www.zuora.com\\\/fr\\\/solutions\\\/zuora-platform\\\/integration-hub\\\/visite-guidee\\\/#breadcrumb\",\"itemListElement\":[{\"@type\":\"ListItem\",\"position\":1,\"name\":\"Home\",\"item\":\"https:\\\/\\\/www.zuora.com\\\/fr\\\/\"},{\"@type\":\"ListItem\",\"position\":2,\"name\":\"Logiciel de gestion des abonnements et plateforme de facturation | Zuora\",\"item\":\"https:\\\/\\\/www.zuora.com\\\/fr\\\/products\\\/\"},{\"@type\":\"ListItem\",\"position\":3,\"name\":\"Plateforme de gestion des abonnements | Plateforme Zuora\",\"item\":\"https:\\\/\\\/www.zuora.com\\\/fr\\\/products\\\/zuora-platform\\\/\"},{\"@type\":\"ListItem\",\"position\":4,\"name\":\"Hub d\u2019Int\u00e9gration &#8211; Plateforme Zuora\",\"item\":\"https:\\\/\\\/www.zuora.com\\\/fr\\\/products\\\/zuora-platform\\\/integration-hub\\\/\"},{\"@type\":\"ListItem\",\"position\":5,\"name\":\"Centre d\u2019Int\u00e9gration &#8211; Plateforme Zuora &#8211; Visite guid\u00e9e\"}]},{\"@type\":\"WebSite\",\"@id\":\"https:\\\/\\\/www.zuora.com\\\/fr\\\/#website\",\"url\":\"https:\\\/\\\/www.zuora.com\\\/fr\\\/\",\"name\":\"Zuora\",\"description\":\"\",\"publisher\":{\"@id\":\"https:\\\/\\\/www.zuora.com\\\/fr\\\/#organization\"},\"potentialAction\":[{\"@type\":\"SearchAction\",\"target\":{\"@type\":\"EntryPoint\",\"urlTemplate\":\"https:\\\/\\\/www.zuora.com\\\/fr\\\/?s={search_term_string}\"},\"query-input\":{\"@type\":\"PropertyValueSpecification\",\"valueRequired\":true,\"valueName\":\"search_term_string\"}}],\"inLanguage\":\"fr-FR\"},{\"@type\":\"Organization\",\"@id\":\"https:\\\/\\\/www.zuora.com\\\/fr\\\/#organization\",\"name\":\"Zuora\",\"url\":\"https:\\\/\\\/www.zuora.com\\\/fr\\\/\",\"logo\":{\"@type\":\"ImageObject\",\"inLanguage\":\"fr-FR\",\"@id\":\"https:\\\/\\\/www.zuora.com\\\/fr\\\/#\\\/schema\\\/logo\\\/image\\\/\",\"url\":\"https:\\\/\\\/www.zuora.com\\\/wp-content\\\/uploads\\\/2022\\\/08\\\/zuora-yoast-logo.png\",\"contentUrl\":\"https:\\\/\\\/www.zuora.com\\\/wp-content\\\/uploads\\\/2022\\\/08\\\/zuora-yoast-logo.png\",\"width\":512,\"height\":512,\"caption\":\"Zuora\"},\"image\":{\"@id\":\"https:\\\/\\\/www.zuora.com\\\/fr\\\/#\\\/schema\\\/logo\\\/image\\\/\"},\"sameAs\":[\"https:\\\/\\\/www.facebook.com\\\/zuora\",\"https:\\\/\\\/x.com\\\/zuora\",\"https:\\\/\\\/www.linkedin.com\\\/company\\\/zuora\",\"https:\\\/\\\/www.instagram.com\\\/zuora\"]}]}<\/script>\n<!-- \/ Yoast SEO Premium plugin. -->","yoast_head_json":{"title":"Centre d\u2019Int\u00e9gration - Plateforme Zuora - Visite guid\u00e9e - Zuora","description":"Optimisez votre traitement des paiements gr\u00e2ce aux formulaires de paiement dynamiques et aux solutions de routage des passerelles de Zuora. Garantissez des taux de r\u00e9ussite \u00e9lev\u00e9s et des transactions rentables \u00e0 l\u2019\u00e9chelle mondiale.","robots":{"index":"noindex","follow":"nofollow"},"og_locale":"fr_FR","og_type":"article","og_title":"Centre d\u2019Int\u00e9gration - Plateforme Zuora - Visite guid\u00e9e","og_description":"\u00c9liminez les silos et les processus inefficaces gr\u00e2ce \u00e0 des outils permettant d\u2019int\u00e9grer facilement les syst\u00e8mes, afin que les donn\u00e9es critiques parviennent l\u00e0 o\u00f9 elles sont n\u00e9cessaires.","og_url":"https:\/\/www.zuora.com\/fr\/solutions\/zuora-platform\/integration-hub\/visite-guidee\/","og_site_name":"Zuora","article_publisher":"https:\/\/www.facebook.com\/zuora","article_modified_time":"2025-07-28T13:13:57+00:00","og_image":[{"url":"https:\/\/www.zuora.com\/wp-content\/uploads\/2024\/08\/integration_hub_social_image-640x336.png","type":"","width":"","height":""}],"twitter_card":"summary_large_image","twitter_site":"@zuora","schema":{"@context":"https:\/\/schema.org","@graph":[{"@type":"WebPage","@id":"https:\/\/www.zuora.com\/fr\/solutions\/zuora-platform\/integration-hub\/visite-guidee\/","url":"https:\/\/www.zuora.com\/fr\/solutions\/zuora-platform\/integration-hub\/visite-guidee\/","name":"Centre d\u2019Int\u00e9gration - Plateforme Zuora - Visite guid\u00e9e - Zuora","isPartOf":{"@id":"https:\/\/www.zuora.com\/fr\/#website"},"datePublished":"2024-10-03T23:46:14+00:00","dateModified":"2025-07-28T13:13:57+00:00","description":"Optimisez votre traitement des paiements gr\u00e2ce aux formulaires de paiement dynamiques et aux solutions de routage des passerelles de Zuora. Garantissez des taux de r\u00e9ussite \u00e9lev\u00e9s et des transactions rentables \u00e0 l\u2019\u00e9chelle mondiale.","breadcrumb":{"@id":"https:\/\/www.zuora.com\/fr\/solutions\/zuora-platform\/integration-hub\/visite-guidee\/#breadcrumb"},"inLanguage":"fr-FR","potentialAction":[{"@type":"ReadAction","target":["https:\/\/www.zuora.com\/fr\/solutions\/zuora-platform\/integration-hub\/visite-guidee\/"]}]},{"@type":"BreadcrumbList","@id":"https:\/\/www.zuora.com\/fr\/solutions\/zuora-platform\/integration-hub\/visite-guidee\/#breadcrumb","itemListElement":[{"@type":"ListItem","position":1,"name":"Home","item":"https:\/\/www.zuora.com\/fr\/"},{"@type":"ListItem","position":2,"name":"Logiciel de gestion des abonnements et plateforme de facturation | Zuora","item":"https:\/\/www.zuora.com\/fr\/products\/"},{"@type":"ListItem","position":3,"name":"Plateforme de gestion des abonnements | Plateforme Zuora","item":"https:\/\/www.zuora.com\/fr\/products\/zuora-platform\/"},{"@type":"ListItem","position":4,"name":"Hub d\u2019Int\u00e9gration &#8211; Plateforme Zuora","item":"https:\/\/www.zuora.com\/fr\/products\/zuora-platform\/integration-hub\/"},{"@type":"ListItem","position":5,"name":"Centre d\u2019Int\u00e9gration &#8211; Plateforme Zuora &#8211; Visite guid\u00e9e"}]},{"@type":"WebSite","@id":"https:\/\/www.zuora.com\/fr\/#website","url":"https:\/\/www.zuora.com\/fr\/","name":"Zuora","description":"","publisher":{"@id":"https:\/\/www.zuora.com\/fr\/#organization"},"potentialAction":[{"@type":"SearchAction","target":{"@type":"EntryPoint","urlTemplate":"https:\/\/www.zuora.com\/fr\/?s={search_term_string}"},"query-input":{"@type":"PropertyValueSpecification","valueRequired":true,"valueName":"search_term_string"}}],"inLanguage":"fr-FR"},{"@type":"Organization","@id":"https:\/\/www.zuora.com\/fr\/#organization","name":"Zuora","url":"https:\/\/www.zuora.com\/fr\/","logo":{"@type":"ImageObject","inLanguage":"fr-FR","@id":"https:\/\/www.zuora.com\/fr\/#\/schema\/logo\/image\/","url":"https:\/\/www.zuora.com\/wp-content\/uploads\/2022\/08\/zuora-yoast-logo.png","contentUrl":"https:\/\/www.zuora.com\/wp-content\/uploads\/2022\/08\/zuora-yoast-logo.png","width":512,"height":512,"caption":"Zuora"},"image":{"@id":"https:\/\/www.zuora.com\/fr\/#\/schema\/logo\/image\/"},"sameAs":["https:\/\/www.facebook.com\/zuora","https:\/\/x.com\/zuora","https:\/\/www.linkedin.com\/company\/zuora","https:\/\/www.instagram.com\/zuora"]}]}},"_links":{"self":[{"href":"https:\/\/www.zuora.com\/fr\/wp-json\/wp\/v2\/pages\/267054","targetHints":{"allow":["GET"]}}],"collection":[{"href":"https:\/\/www.zuora.com\/fr\/wp-json\/wp\/v2\/pages"}],"about":[{"href":"https:\/\/www.zuora.com\/fr\/wp-json\/wp\/v2\/types\/page"}],"author":[{"embeddable":true,"href":"https:\/\/www.zuora.com\/fr\/wp-json\/wp\/v2\/users\/227"}],"replies":[{"embeddable":true,"href":"https:\/\/www.zuora.com\/fr\/wp-json\/wp\/v2\/comments?post=267054"}],"version-history":[{"count":0,"href":"https:\/\/www.zuora.com\/fr\/wp-json\/wp\/v2\/pages\/267054\/revisions"}],"up":[{"embeddable":true,"href":"https:\/\/www.zuora.com\/fr\/wp-json\/wp\/v2\/pages\/233362"}],"wp:attachment":[{"href":"https:\/\/www.zuora.com\/fr\/wp-json\/wp\/v2\/media?parent=267054"}],"wp:term":[{"taxonomy":"content_type","embeddable":true,"href":"https:\/\/www.zuora.com\/fr\/wp-json\/wp\/v2\/content_type?post=267054"},{"taxonomy":"industry","embeddable":true,"href":"https:\/\/www.zuora.com\/fr\/wp-json\/wp\/v2\/industry?post=267054"},{"taxonomy":"persona","embeddable":true,"href":"https:\/\/www.zuora.com\/fr\/wp-json\/wp\/v2\/persona?post=267054"},{"taxonomy":"product_line","embeddable":true,"href":"https:\/\/www.zuora.com\/fr\/wp-json\/wp\/v2\/product_line?post=267054"},{"taxonomy":"topic","embeddable":true,"href":"https:\/\/www.zuora.com\/fr\/wp-json\/wp\/v2\/topic?post=267054"}],"curies":[{"name":"wp","href":"https:\/\/api.w.org\/{rel}","templated":true}]}}