{"id":246148,"date":"2014-10-13T17:37:32","date_gmt":"2014-10-14T00:37:32","guid":{"rendered":"https:\/\/www.zuora.com\/about\/news-press\/news\/"},"modified":"2024-03-27T08:19:58","modified_gmt":"2024-03-27T15:19:58","slug":"news","status":"publish","type":"page","link":"https:\/\/www.zuora.com\/fr\/about\/news-press\/news\/","title":{"rendered":"Actualit\u00e9s"},"content":{"rendered":"\t\t<div data-elementor-type=\"wp-page\" data-elementor-id=\"246148\" class=\"elementor elementor-246148 elementor-4614\" data-elementor-post-type=\"page\">\n\t\t\t\t<div data-particle_enable=\"false\" data-particle-mobile-disabled=\"false\" class=\"elementor-element elementor-element-6308dd4 e-flex e-con-boxed e-con e-parent\" data-id=\"6308dd4\" data-element_type=\"container\" data-e-type=\"container\" data-settings=\"{&quot;background_background&quot;:&quot;classic&quot;}\">\n\t\t\t\t\t<div class=\"e-con-inner\">\n\t\t<div data-particle_enable=\"false\" data-particle-mobile-disabled=\"false\" class=\"elementor-element elementor-element-bd852f0 e-con-full e-flex e-con e-child\" data-id=\"bd852f0\" data-element_type=\"container\" data-e-type=\"container\">\n\t\t\t\t<div class=\"elementor-element elementor-element-9e5155c elementor-absolute elementor-widget elementor-widget-image\" data-id=\"9e5155c\" data-element_type=\"widget\" data-e-type=\"widget\" data-settings=\"{&quot;_position&quot;:&quot;absolute&quot;}\" data-widget_type=\"image.default\">\n\t\t\t\t<div class=\"elementor-widget-container\">\n\t\t\t\t\t\t\t\t\t\t\t\t\t\t\t<img fetchpriority=\"high\" decoding=\"async\" width=\"800\" height=\"560\" src=\"https:\/\/www.zuora.com\/wp-content\/uploads\/2024\/01\/news-bg-banner-1280x896.png\" class=\"attachment-large size-large wp-image-235566\" alt=\"\" srcset=\"https:\/\/www.zuora.com\/wp-content\/uploads\/2024\/01\/news-bg-banner-1280x896.png 1280w, https:\/\/www.zuora.com\/wp-content\/uploads\/2024\/01\/news-bg-banner-640x448.png 640w, https:\/\/www.zuora.com\/wp-content\/uploads\/2024\/01\/news-bg-banner-768x538.png 768w, https:\/\/www.zuora.com\/wp-content\/uploads\/2024\/01\/news-bg-banner.png 1440w\" sizes=\"(max-width: 800px) 100vw, 800px\" \/>\t\t\t\t\t\t\t\t\t\t\t\t\t\t\t<\/div>\n\t\t\t\t<\/div>\n\t\t\t\t<\/div>\n\t\t<div data-particle_enable=\"false\" data-particle-mobile-disabled=\"false\" class=\"elementor-element elementor-element-4aac2b6 e-con-full e-flex e-con e-child\" data-id=\"4aac2b6\" data-element_type=\"container\" data-e-type=\"container\" data-settings=\"{&quot;background_background&quot;:&quot;classic&quot;}\">\n\t\t\t\t<div class=\"elementor-element elementor-element-1267424 elementor-widget elementor-widget-heading\" data-id=\"1267424\" data-element_type=\"widget\" data-e-type=\"widget\" data-widget_type=\"heading.default\">\n\t\t\t\t<div class=\"elementor-widget-container\">\n\t\t\t\t\t<h2 class=\"elementor-heading-title elementor-size-default\">Actualit\u00e9s<\/h2>\t\t\t\t<\/div>\n\t\t\t\t<\/div>\n\t\t\t\t<div class=\"elementor-element elementor-element-4db31f2 elementor-widget elementor-widget-text-editor\" data-id=\"4db31f2\" data-element_type=\"widget\" data-e-type=\"widget\" data-widget_type=\"text-editor.default\">\n\t\t\t\t<div class=\"elementor-widget-container\">\n\t\t\t\t\t\t\t\t\t<p>D\u00e9couvrez les derni\u00e8res actualit\u00e9s Zuora<\/p>\n\t\t\t\t\t\t\t\t<\/div>\n\t\t\t\t<\/div>\n\t\t\t\t<\/div>\n\t\t\t\t\t<\/div>\n\t\t\t\t<\/div>\n\t\t<div data-particle_enable=\"false\" data-particle-mobile-disabled=\"false\" class=\"elementor-element elementor-element-fa3bd93 e-flex e-con-boxed e-con e-parent\" data-id=\"fa3bd93\" data-element_type=\"container\" data-e-type=\"container\">\n\t\t\t\t\t<div class=\"e-con-inner\">\n\t\t\t\t<div class=\"elementor-element elementor-element-b109d13 elementor-widget elementor-widget-heading\" data-id=\"b109d13\" data-element_type=\"widget\" data-e-type=\"widget\" data-widget_type=\"heading.default\">\n\t\t\t\t<div class=\"elementor-widget-container\">\n\t\t\t\t\t<h2 class=\"elementor-heading-title elementor-size-default\">Derni\u00e8res Nouvelles<\/h2>\t\t\t\t<\/div>\n\t\t\t\t<\/div>\n\t\t\t\t\t<\/div>\n\t\t\t\t<\/div>\n\t\t<div data-particle_enable=\"false\" data-particle-mobile-disabled=\"false\" class=\"elementor-element elementor-element-9bd1d4c e-flex e-con-boxed e-con e-parent\" data-id=\"9bd1d4c\" data-element_type=\"container\" data-e-type=\"container\">\n\t\t\t\t\t<div class=\"e-con-inner\">\n\t\t\t\t<div class=\"elementor-element elementor-element-a68ff06 eael_liquid_glass-effect1 eael_liquid_glass_shadow-effect1 elementor-widget elementor-widget-jet-listing-grid\" data-id=\"a68ff06\" data-element_type=\"widget\" data-e-type=\"widget\" data-settings=\"{&quot;columns&quot;:&quot;1&quot;}\" data-widget_type=\"jet-listing-grid.default\">\n\t\t\t\t<div class=\"elementor-widget-container\">\n\t\t\t\t\t<div class=\"jet-listing-grid jet-listing\"><div class=\"jet-listing-grid__items grid-col-desk-1 grid-col-tablet-1 grid-col-mobile-1 jet-listing-grid--235555\" data-queried-id=\"246148|WP_Post\" data-nav=\"{&quot;enabled&quot;:true,&quot;type&quot;:&quot;click&quot;,&quot;more_el&quot;:&quot;#loadMore&quot;,&quot;query&quot;:{&quot;query_id&quot;:&quot;18&quot;,&quot;posts_per_page&quot;:30,&quot;signature&quot;:&quot;c2eb89dc909aecb44801a463f1218ca6f28313257ea0e69cf0fc7e6e859dfe56&quot;},&quot;widget_settings&quot;:{&quot;lisitng_id&quot;:235555,&quot;posts_num&quot;:30,&quot;columns&quot;:1,&quot;columns_tablet&quot;:1,&quot;columns_mobile&quot;:1,&quot;column_min_width&quot;:240,&quot;column_min_width_tablet&quot;:240,&quot;column_min_width_mobile&quot;:240,&quot;inline_columns_css&quot;:false,&quot;is_archive_template&quot;:&quot;&quot;,&quot;post_status&quot;:[&quot;publish&quot;],&quot;use_random_posts_num&quot;:&quot;&quot;,&quot;max_posts_num&quot;:9,&quot;not_found_message&quot;:&quot;Aucun article n&#039;a \\u00e9t\\u00e9 trouv\\u00e9&quot;,&quot;is_masonry&quot;:false,&quot;equal_columns_height&quot;:&quot;&quot;,&quot;use_load_more&quot;:&quot;yes&quot;,&quot;load_more_id&quot;:&quot;loadMore&quot;,&quot;load_more_type&quot;:&quot;click&quot;,&quot;load_more_offset&quot;:{&quot;unit&quot;:&quot;px&quot;,&quot;size&quot;:0,&quot;sizes&quot;:[]},&quot;use_custom_post_types&quot;:&quot;&quot;,&quot;custom_post_types&quot;:[],&quot;hide_widget_if&quot;:&quot;&quot;,&quot;carousel_enabled&quot;:&quot;&quot;,&quot;slides_to_scroll&quot;:&quot;1&quot;,&quot;arrows&quot;:&quot;true&quot;,&quot;arrow_icon&quot;:&quot;fa fa-angle-left&quot;,&quot;dots&quot;:&quot;&quot;,&quot;autoplay&quot;:&quot;true&quot;,&quot;pause_on_hover&quot;:&quot;true&quot;,&quot;autoplay_speed&quot;:5000,&quot;infinite&quot;:&quot;true&quot;,&quot;center_mode&quot;:&quot;&quot;,&quot;effect&quot;:&quot;slide&quot;,&quot;speed&quot;:500,&quot;inject_alternative_items&quot;:&quot;&quot;,&quot;injection_items&quot;:[],&quot;scroll_slider_enabled&quot;:&quot;&quot;,&quot;scroll_slider_on&quot;:[&quot;desktop&quot;,&quot;tablet&quot;,&quot;mobile&quot;],&quot;custom_query&quot;:false,&quot;custom_query_id&quot;:&quot;&quot;,&quot;_element_id&quot;:&quot;&quot;,&quot;collapse_first_last_gap&quot;:false,&quot;list_tag_selection&quot;:&quot;&quot;,&quot;list_items_wrapper_tag&quot;:&quot;div&quot;,&quot;list_item_tag&quot;:&quot;div&quot;,&quot;empty_items_wrapper_tag&quot;:&quot;div&quot;}}\" data-page=\"1\" data-pages=\"1\" data-listing-source=\"query\" data-listing-id=\"235555\" data-query-id=\"18\"><div class=\"jet-listing-grid__item jet-listing-dynamic-post-243484\" data-post-id=\"243484\"  >\t\t<div data-elementor-type=\"jet-listing-items\" data-elementor-id=\"246164\" class=\"elementor elementor-246164 elementor-235555 elementor-235555\" data-elementor-post-type=\"jet-engine\">\n\t\t\t\t<a class=\"eael-wrapper-link-cd09414 --eael-wrapper-link-tag\" href=\"https:\/\/www.alliancy.fr\/economie-circulaire-vs-economie-abonnement\" target=\"_blank\" rel=\"noopener\"><\/a><div data-eael-wrapper-link=\"eael-wrapper-link-cd09414\" data-particle_enable=\"false\" data-particle-mobile-disabled=\"false\" class=\"elementor-element elementor-element-cd09414 e-flex e-con-boxed e-con e-parent\" data-id=\"cd09414\" data-element_type=\"container\" data-e-type=\"container\" data-settings=\"{&quot;background_background&quot;:&quot;classic&quot;}\">\n\t\t\t\t\t<div class=\"e-con-inner\">\n\t\t<div data-particle_enable=\"false\" data-particle-mobile-disabled=\"false\" class=\"elementor-element elementor-element-ca468ee e-con-full e-flex e-con e-child\" data-id=\"ca468ee\" data-element_type=\"container\" data-e-type=\"container\">\n\t\t\t\t<div class=\"elementor-element elementor-element-5c573cd eael_liquid_glass-effect1 eael_liquid_glass_shadow-effect1 elementor-widget elementor-widget-jet-listing-dynamic-field\" data-id=\"5c573cd\" data-element_type=\"widget\" data-e-type=\"widget\" data-widget_type=\"jet-listing-dynamic-field.default\">\n\t\t\t\t<div class=\"elementor-widget-container\">\n\t\t\t\t\t<div class=\"jet-listing jet-listing-dynamic-field display-inline\"><div class=\"jet-listing-dynamic-field__inline-wrap\"><div class=\"jet-listing-dynamic-field__content\" >Economie circulaire vs \u00e9conomie de l\u2019abonnement : quels liens ?<\/div><\/div><\/div>\t\t\t\t<\/div>\n\t\t\t\t<\/div>\n\t\t\t\t<\/div>\n\t\t<div data-particle_enable=\"false\" data-particle-mobile-disabled=\"false\" class=\"elementor-element elementor-element-2b5dffd e-con-full e-flex e-con e-child\" data-id=\"2b5dffd\" data-element_type=\"container\" data-e-type=\"container\">\n\t\t\t\t<div class=\"elementor-element elementor-element-5d97580 eael_liquid_glass-effect1 eael_liquid_glass_shadow-effect1 elementor-widget elementor-widget-jet-listing-dynamic-field\" data-id=\"5d97580\" data-element_type=\"widget\" data-e-type=\"widget\" data-widget_type=\"jet-listing-dynamic-field.default\">\n\t\t\t\t<div class=\"elementor-widget-container\">\n\t\t\t\t\t<div class=\"jet-listing jet-listing-dynamic-field display-inline\"><div class=\"jet-listing-dynamic-field__inline-wrap\"><div class=\"jet-listing-dynamic-field__content\" >Economie circulaire vs \u00e9conomie de l\u2019abonnement : quels liens ?<\/div><\/div><\/div>\t\t\t\t<\/div>\n\t\t\t\t<\/div>\n\t\t\t\t<div class=\"elementor-element elementor-element-2aced7a elementor-widget elementor-widget-button\" data-id=\"2aced7a\" data-element_type=\"widget\" data-e-type=\"widget\" data-widget_type=\"button.default\">\n\t\t\t\t<div class=\"elementor-widget-container\">\n\t\t\t\t\t\t\t\t\t<div class=\"elementor-button-wrapper\">\n\t\t\t\t\t<a class=\"elementor-button elementor-button-link elementor-size-sm\" href=\"https:\/\/www.alliancy.fr\/economie-circulaire-vs-economie-abonnement\" target=\"_blank\" rel=\"noopener\">\n\t\t\t\t\t\t<span class=\"elementor-button-content-wrapper\">\n\t\t\t\t\t\t<span class=\"elementor-button-icon\">\n\t\t\t\t<i aria-hidden=\"true\" class=\"far fa-arrow-right\"><\/i>\t\t\t<\/span>\n\t\t\t\t\t\t\t\t\t<span class=\"elementor-button-text\">Lire la suite<\/span>\n\t\t\t\t\t<\/span>\n\t\t\t\t\t<\/a>\n\t\t\t\t<\/div>\n\t\t\t\t\t\t\t\t<\/div>\n\t\t\t\t<\/div>\n\t\t\t\t<\/div>\n\t\t\t\t\t<\/div>\n\t\t\t\t<\/div>\n\t\t\t\t<\/div>\n\t\t<\/div><div class=\"jet-listing-grid__item jet-listing-dynamic-post-243475\" data-post-id=\"243475\"  >\t\t<div data-elementor-type=\"jet-listing-items\" data-elementor-id=\"246164\" class=\"elementor elementor-246164 elementor-235555 elementor-235555\" data-elementor-post-type=\"jet-engine\">\n\t\t\t\t<a class=\"eael-wrapper-link-cd09414 --eael-wrapper-link-tag\" href=\"https:\/\/www.e-marketing.fr\/Thematique\/media-1093\/tv-2208\/Breves\/Inflation-marche-sature-Comment-plateformes-streaming-adaptent-382909.htm#\" target=\"_blank\" rel=\"noopener\"><\/a><div data-eael-wrapper-link=\"eael-wrapper-link-cd09414\" data-particle_enable=\"false\" data-particle-mobile-disabled=\"false\" class=\"elementor-element elementor-element-cd09414 e-flex e-con-boxed e-con e-parent\" data-id=\"cd09414\" data-element_type=\"container\" data-e-type=\"container\" data-settings=\"{&quot;background_background&quot;:&quot;classic&quot;}\">\n\t\t\t\t\t<div class=\"e-con-inner\">\n\t\t<div data-particle_enable=\"false\" data-particle-mobile-disabled=\"false\" class=\"elementor-element elementor-element-ca468ee e-con-full e-flex e-con e-child\" data-id=\"ca468ee\" data-element_type=\"container\" data-e-type=\"container\">\n\t\t\t\t<div class=\"elementor-element elementor-element-5c573cd eael_liquid_glass-effect1 eael_liquid_glass_shadow-effect1 elementor-widget elementor-widget-jet-listing-dynamic-field\" data-id=\"5c573cd\" data-element_type=\"widget\" data-e-type=\"widget\" data-widget_type=\"jet-listing-dynamic-field.default\">\n\t\t\t\t<div class=\"elementor-widget-container\">\n\t\t\t\t\t<div class=\"jet-listing jet-listing-dynamic-field display-inline\"><div class=\"jet-listing-dynamic-field__inline-wrap\"><div class=\"jet-listing-dynamic-field__content\" >Inflation, march\u00e9 satur\u00e9... Comment les plateformes de streaming s'adaptent-elles ?<\/div><\/div><\/div>\t\t\t\t<\/div>\n\t\t\t\t<\/div>\n\t\t\t\t<\/div>\n\t\t<div data-particle_enable=\"false\" data-particle-mobile-disabled=\"false\" class=\"elementor-element elementor-element-2b5dffd e-con-full e-flex e-con e-child\" data-id=\"2b5dffd\" data-element_type=\"container\" data-e-type=\"container\">\n\t\t\t\t<div class=\"elementor-element elementor-element-5d97580 eael_liquid_glass-effect1 eael_liquid_glass_shadow-effect1 elementor-widget elementor-widget-jet-listing-dynamic-field\" data-id=\"5d97580\" data-element_type=\"widget\" data-e-type=\"widget\" data-widget_type=\"jet-listing-dynamic-field.default\">\n\t\t\t\t<div class=\"elementor-widget-container\">\n\t\t\t\t\t<div class=\"jet-listing jet-listing-dynamic-field display-inline\"><div class=\"jet-listing-dynamic-field__inline-wrap\"><div class=\"jet-listing-dynamic-field__content\" >Inflation, march\u00e9 satur\u00e9... Comment les plateformes de streaming s'adaptent-elles ?<\/div><\/div><\/div>\t\t\t\t<\/div>\n\t\t\t\t<\/div>\n\t\t\t\t<div class=\"elementor-element elementor-element-2aced7a elementor-widget elementor-widget-button\" data-id=\"2aced7a\" data-element_type=\"widget\" data-e-type=\"widget\" data-widget_type=\"button.default\">\n\t\t\t\t<div class=\"elementor-widget-container\">\n\t\t\t\t\t\t\t\t\t<div class=\"elementor-button-wrapper\">\n\t\t\t\t\t<a class=\"elementor-button elementor-button-link elementor-size-sm\" href=\"https:\/\/www.e-marketing.fr\/Thematique\/media-1093\/tv-2208\/Breves\/Inflation-marche-sature-Comment-plateformes-streaming-adaptent-382909.htm#\" target=\"_blank\" rel=\"noopener\">\n\t\t\t\t\t\t<span class=\"elementor-button-content-wrapper\">\n\t\t\t\t\t\t<span class=\"elementor-button-icon\">\n\t\t\t\t<i aria-hidden=\"true\" class=\"far fa-arrow-right\"><\/i>\t\t\t<\/span>\n\t\t\t\t\t\t\t\t\t<span class=\"elementor-button-text\">Lire la suite<\/span>\n\t\t\t\t\t<\/span>\n\t\t\t\t\t<\/a>\n\t\t\t\t<\/div>\n\t\t\t\t\t\t\t\t<\/div>\n\t\t\t\t<\/div>\n\t\t\t\t<\/div>\n\t\t\t\t\t<\/div>\n\t\t\t\t<\/div>\n\t\t\t\t<\/div>\n\t\t<\/div><div class=\"jet-listing-grid__item jet-listing-dynamic-post-243460\" data-post-id=\"243460\"  >\t\t<div data-elementor-type=\"jet-listing-items\" data-elementor-id=\"246164\" class=\"elementor elementor-246164 elementor-235555 elementor-235555\" data-elementor-post-type=\"jet-engine\">\n\t\t\t\t<a class=\"eael-wrapper-link-cd09414 --eael-wrapper-link-tag\" href=\"https:\/\/www.lepoint.fr\/stories\/zuora-l-entreprise-qui-diffuse-le-modele-de-l-abonnement-au-sein-de-l-economie-francaise-11-07-2023-2527996_3919.php\" target=\"_blank\" rel=\"noopener\"><\/a><div data-eael-wrapper-link=\"eael-wrapper-link-cd09414\" data-particle_enable=\"false\" data-particle-mobile-disabled=\"false\" class=\"elementor-element elementor-element-cd09414 e-flex e-con-boxed e-con e-parent\" data-id=\"cd09414\" data-element_type=\"container\" data-e-type=\"container\" data-settings=\"{&quot;background_background&quot;:&quot;classic&quot;}\">\n\t\t\t\t\t<div class=\"e-con-inner\">\n\t\t<div data-particle_enable=\"false\" data-particle-mobile-disabled=\"false\" class=\"elementor-element elementor-element-ca468ee e-con-full e-flex e-con e-child\" data-id=\"ca468ee\" data-element_type=\"container\" data-e-type=\"container\">\n\t\t\t\t<div class=\"elementor-element elementor-element-5c573cd eael_liquid_glass-effect1 eael_liquid_glass_shadow-effect1 elementor-widget elementor-widget-jet-listing-dynamic-field\" data-id=\"5c573cd\" data-element_type=\"widget\" data-e-type=\"widget\" data-widget_type=\"jet-listing-dynamic-field.default\">\n\t\t\t\t<div class=\"elementor-widget-container\">\n\t\t\t\t\t<div class=\"jet-listing jet-listing-dynamic-field display-inline\"><div class=\"jet-listing-dynamic-field__inline-wrap\"><div class=\"jet-listing-dynamic-field__content\" >Le Point: Zuora, l\u2019entreprise qui diffuse le mod\u00e8le de l\u2019abonnement au sein de l\u2019\u00e9conomie fran\u00e7aise<\/div><\/div><\/div>\t\t\t\t<\/div>\n\t\t\t\t<\/div>\n\t\t\t\t<\/div>\n\t\t<div data-particle_enable=\"false\" data-particle-mobile-disabled=\"false\" class=\"elementor-element elementor-element-2b5dffd e-con-full e-flex e-con e-child\" data-id=\"2b5dffd\" data-element_type=\"container\" data-e-type=\"container\">\n\t\t\t\t<div class=\"elementor-element elementor-element-5d97580 eael_liquid_glass-effect1 eael_liquid_glass_shadow-effect1 elementor-widget elementor-widget-jet-listing-dynamic-field\" data-id=\"5d97580\" data-element_type=\"widget\" data-e-type=\"widget\" data-widget_type=\"jet-listing-dynamic-field.default\">\n\t\t\t\t<div class=\"elementor-widget-container\">\n\t\t\t\t\t<div class=\"jet-listing jet-listing-dynamic-field display-inline\"><div class=\"jet-listing-dynamic-field__inline-wrap\"><div class=\"jet-listing-dynamic-field__content\" >Le Point: Zuora, l\u2019entreprise qui diffuse le mod\u00e8le de l\u2019abonnement au sein de l\u2019\u00e9conomie fran\u00e7aise<\/div><\/div><\/div>\t\t\t\t<\/div>\n\t\t\t\t<\/div>\n\t\t\t\t<div class=\"elementor-element elementor-element-2aced7a elementor-widget elementor-widget-button\" data-id=\"2aced7a\" data-element_type=\"widget\" data-e-type=\"widget\" data-widget_type=\"button.default\">\n\t\t\t\t<div class=\"elementor-widget-container\">\n\t\t\t\t\t\t\t\t\t<div class=\"elementor-button-wrapper\">\n\t\t\t\t\t<a class=\"elementor-button elementor-button-link elementor-size-sm\" href=\"https:\/\/www.lepoint.fr\/stories\/zuora-l-entreprise-qui-diffuse-le-modele-de-l-abonnement-au-sein-de-l-economie-francaise-11-07-2023-2527996_3919.php\" target=\"_blank\" rel=\"noopener\">\n\t\t\t\t\t\t<span class=\"elementor-button-content-wrapper\">\n\t\t\t\t\t\t<span class=\"elementor-button-icon\">\n\t\t\t\t<i aria-hidden=\"true\" class=\"far fa-arrow-right\"><\/i>\t\t\t<\/span>\n\t\t\t\t\t\t\t\t\t<span class=\"elementor-button-text\">Lire la suite<\/span>\n\t\t\t\t\t<\/span>\n\t\t\t\t\t<\/a>\n\t\t\t\t<\/div>\n\t\t\t\t\t\t\t\t<\/div>\n\t\t\t\t<\/div>\n\t\t\t\t<\/div>\n\t\t\t\t\t<\/div>\n\t\t\t\t<\/div>\n\t\t\t\t<\/div>\n\t\t<\/div><\/div><div class=\"jet-listing-grid__loader\"><div class=\"jet-listing-grid__loader-spinner\"><\/div><\/div><\/div>\t\t\t\t<\/div>\n\t\t\t\t<\/div>\n\t\t\t\t\t<\/div>\n\t\t\t\t<\/div>\n\t\t<div data-particle_enable=\"false\" data-particle-mobile-disabled=\"false\" class=\"elementor-element elementor-element-6038038 e-flex e-con-boxed e-con e-parent\" data-id=\"6038038\" data-element_type=\"container\" data-e-type=\"container\">\n\t\t\t\t\t<div class=\"e-con-inner\">\n\t\t\t\t<div class=\"elementor-element elementor-element-ac41421 elementor-align-center elementor-widget elementor-widget-button\" data-id=\"ac41421\" data-element_type=\"widget\" data-e-type=\"widget\" data-widget_type=\"button.default\">\n\t\t\t\t<div class=\"elementor-widget-container\">\n\t\t\t\t\t\t\t\t\t<div class=\"elementor-button-wrapper\">\n\t\t\t\t\t<a class=\"elementor-button elementor-button-link elementor-size-sm\" href=\"#\" id=\"loadMore\">\n\t\t\t\t\t\t<span class=\"elementor-button-content-wrapper\">\n\t\t\t\t\t\t\t\t\t<span class=\"elementor-button-text\">Charger plus d'articles<\/span>\n\t\t\t\t\t<\/span>\n\t\t\t\t\t<\/a>\n\t\t\t\t<\/div>\n\t\t\t\t\t\t\t\t<\/div>\n\t\t\t\t<\/div>\n\t\t\t\t\t<\/div>\n\t\t\t\t<\/div>\n\t\t\t\t<\/div>\n\t\t","protected":false},"excerpt":{"rendered":"<p>Actualit\u00e9s D\u00e9couvrez les derni\u00e8res actualit\u00e9s Zuora Derni\u00e8res Nouvelles Strategic Finance Navigating Uncertainty with Consumption-Based Models Read more TechRadar TechRadar: Why consumption-based models are a key to success in our current climate Read more PYMNTS PYMNTS: Zuora and Avalara Partner to Help Businesses Meet eInvoicing Mandates Read more Diginomica Diginomica: Zuora CEO Tien Tzuo &#8211; welcome [&hellip;]<\/p>\n","protected":false},"author":227,"featured_media":0,"parent":196887,"menu_order":0,"comment_status":"closed","ping_status":"open","template":"","meta":{"_acf_changed":false,"footnotes":""},"content_type":[],"industry":[],"persona":[],"product_line":[],"topic":[],"class_list":["post-246148","page","type-page","status-publish","hentry"],"acf":{"smart_filters_taxonomy_filters":"none"},"_links":{"self":[{"href":"https:\/\/www.zuora.com\/fr\/wp-json\/wp\/v2\/pages\/246148","targetHints":{"allow":["GET"]}}],"collection":[{"href":"https:\/\/www.zuora.com\/fr\/wp-json\/wp\/v2\/pages"}],"about":[{"href":"https:\/\/www.zuora.com\/fr\/wp-json\/wp\/v2\/types\/page"}],"author":[{"embeddable":true,"href":"https:\/\/www.zuora.com\/fr\/wp-json\/wp\/v2\/users\/227"}],"replies":[{"embeddable":true,"href":"https:\/\/www.zuora.com\/fr\/wp-json\/wp\/v2\/comments?post=246148"}],"version-history":[{"count":0,"href":"https:\/\/www.zuora.com\/fr\/wp-json\/wp\/v2\/pages\/246148\/revisions"}],"up":[{"embeddable":true,"href":"https:\/\/www.zuora.com\/fr\/wp-json\/wp\/v2\/pages\/196887"}],"wp:attachment":[{"href":"https:\/\/www.zuora.com\/fr\/wp-json\/wp\/v2\/media?parent=246148"}],"wp:term":[{"taxonomy":"content_type","embeddable":true,"href":"https:\/\/www.zuora.com\/fr\/wp-json\/wp\/v2\/content_type?post=246148"},{"taxonomy":"industry","embeddable":true,"href":"https:\/\/www.zuora.com\/fr\/wp-json\/wp\/v2\/industry?post=246148"},{"taxonomy":"persona","embeddable":true,"href":"https:\/\/www.zuora.com\/fr\/wp-json\/wp\/v2\/persona?post=246148"},{"taxonomy":"product_line","embeddable":true,"href":"https:\/\/www.zuora.com\/fr\/wp-json\/wp\/v2\/product_line?post=246148"},{"taxonomy":"topic","embeddable":true,"href":"https:\/\/www.zuora.com\/fr\/wp-json\/wp\/v2\/topic?post=246148"}],"curies":[{"name":"wp","href":"https:\/\/api.w.org\/{rel}","templated":true}]}}