{"id":186607,"date":"2021-04-29T10:20:50","date_gmt":"2021-04-29T17:20:50","guid":{"rendered":"https:\/\/sboxtest.zuora.com\/demo-on-demand\/"},"modified":"2026-01-12T12:57:05","modified_gmt":"2026-01-12T20:57:05","slug":"demo-on-demand","status":"publish","type":"page","link":"https:\/\/www.zuora.com\/fr\/resources\/demo-on-demand\/","title":{"rendered":"D\u00e9mo"},"content":{"rendered":"\t\t<div data-elementor-type=\"wp-page\" data-elementor-id=\"186607\" class=\"elementor elementor-186607 elementor-98180\" data-elementor-post-type=\"page\">\n\t\t\t\t<div data-particle_enable=\"false\" data-particle-mobile-disabled=\"false\" class=\"elementor-element elementor-element-244b921c e-con-full outerContainer e-flex e-con e-parent\" data-id=\"244b921c\" data-element_type=\"container\" data-e-type=\"container\" data-settings=\"{&quot;background_background&quot;:&quot;classic&quot;}\">\n\t\t<div data-particle_enable=\"false\" data-particle-mobile-disabled=\"false\" class=\"elementor-element elementor-element-6f27b4b1 SalesContainer e-flex e-con-boxed e-con e-child\" data-id=\"6f27b4b1\" data-element_type=\"container\" data-e-type=\"container\">\n\t\t\t\t\t<div class=\"e-con-inner\">\n\t\t<div data-particle_enable=\"false\" data-particle-mobile-disabled=\"false\" class=\"elementor-element elementor-element-45a35a91 contentContainer e-con-full e-flex e-con e-child\" data-id=\"45a35a91\" data-element_type=\"container\" data-e-type=\"container\" data-settings=\"{&quot;background_background&quot;:&quot;classic&quot;}\">\n\t\t<div data-particle_enable=\"false\" data-particle-mobile-disabled=\"false\" class=\"elementor-element elementor-element-b51e83d e-con-full TextContainer e-flex e-con e-child\" data-id=\"b51e83d\" data-element_type=\"container\" data-e-type=\"container\" data-settings=\"{&quot;background_background&quot;:&quot;classic&quot;}\">\n\t\t<div data-particle_enable=\"false\" data-particle-mobile-disabled=\"false\" class=\"elementor-element elementor-element-145dae58 e-con-full e-flex e-con e-child\" data-id=\"145dae58\" data-element_type=\"container\" data-e-type=\"container\">\n\t\t<a class=\"eael-wrapper-link-6320cdb0 --eael-wrapper-link-tag\" href=\"https:\/\/zuora.com\/\" target=\"_blank\" rel=\"noopener\"><\/a>\t\t<div data-eael-wrapper-link=\"eael-wrapper-link-6320cdb0\" class=\"elementor-element elementor-element-6320cdb0 elementor-widget elementor-widget-image\" data-id=\"6320cdb0\" data-element_type=\"widget\" data-e-type=\"widget\" data-widget_type=\"image.default\">\n\t\t\t\t<div class=\"elementor-widget-container\">\n\t\t\t\t\t\t\t\t\t\t\t\t\t\t\t<img decoding=\"async\" width=\"138\" height=\"28\" src=\"https:\/\/www.zuora.com\/wp-content\/uploads\/2025\/07\/Talk_To_sales_Zuora_logo-1.svg\" class=\"attachment-large size-large wp-image-295015\" alt=\"\" \/>\t\t\t\t\t\t\t\t\t\t\t\t\t\t\t<\/div>\n\t\t\t\t<\/div>\n\t\t\t\t<div class=\"elementor-element elementor-element-a34fd4 elementor-widget elementor-widget-heading\" data-id=\"a34fd4\" data-element_type=\"widget\" data-e-type=\"widget\" data-widget_type=\"heading.default\">\n\t\t\t\t<div class=\"elementor-widget-container\">\n\t\t\t\t\t<h2 class=\"elementor-heading-title elementor-size-default\">D\u00e9couvrez la suite de produits Zuora<\/h2>\t\t\t\t<\/div>\n\t\t\t\t<\/div>\n\t\t\t\t<div class=\"elementor-element elementor-element-506a7bfe elementor-widget__width-initial elementor-widget-tablet__width-initial elementor-widget elementor-widget-text-editor\" data-id=\"506a7bfe\" data-element_type=\"widget\" data-e-type=\"widget\" data-widget_type=\"text-editor.default\">\n\t\t\t\t<div class=\"elementor-widget-container\">\n\t\t\t\t\t\t\t\t\t<p>De la facturation avanc\u00e9e \u00e0 la reconnaissance de revenus, d\u00e9couvrez comment fluidifier l&rsquo;ensemble de votre processus order-to-cash sur une plateforme unique.<\/p>\n\t\t\t\t\t\t\t\t<\/div>\n\t\t\t\t<\/div>\n\t\t\t\t<div class=\"elementor-element elementor-element-6bf1cc83 elementor-widget-mobile__width-inherit content elementor-widget elementor-widget-text-editor\" data-id=\"6bf1cc83\" data-element_type=\"widget\" data-e-type=\"widget\" data-widget_type=\"text-editor.default\">\n\t\t\t\t<div class=\"elementor-widget-container\">\n\t\t\t\t\t\t\t\t\t<p>Zuora est reconnu par Forrester et Gartner comme leader dans la gestion d&rsquo;abonnements, la facturation et bien plus encore. Visionnez les d\u00e9monstrations et d\u00e9couvrez comment Zuora peut accompagner la croissance et le d\u00e9veloppement de votre entreprise.<\/p>\t\t\t\t\t\t\t\t<\/div>\n\t\t\t\t<\/div>\n\t\t\t\t<\/div>\n\t\t<div data-particle_enable=\"false\" data-particle-mobile-disabled=\"false\" class=\"elementor-element elementor-element-58daf9cd e-con-full elementor-hidden-mobile e-flex e-con e-child\" data-id=\"58daf9cd\" data-element_type=\"container\" data-e-type=\"container\">\n\t\t\t\t<div class=\"elementor-element elementor-element-14522ee4 elementor-widget elementor-widget-heading\" data-id=\"14522ee4\" data-element_type=\"widget\" data-e-type=\"widget\" data-widget_type=\"heading.default\">\n\t\t\t\t<div class=\"elementor-widget-container\">\n\t\t\t\t\t<h2 class=\"elementor-heading-title elementor-size-default\">Apprenez comment:<\/h2>\t\t\t\t<\/div>\n\t\t\t\t<\/div>\n\t\t\t\t<div class=\"elementor-element elementor-element-7c62862 elementor-widget-tablet__width-initial elementor-widget-mobile__width-initial featuresIconList elementor-icon-list--layout-traditional elementor-list-item-link-full_width elementor-widget elementor-widget-icon-list\" data-id=\"7c62862\" data-element_type=\"widget\" data-e-type=\"widget\" data-widget_type=\"icon-list.default\">\n\t\t\t\t<div class=\"elementor-widget-container\">\n\t\t\t\t\t\t\t<ul class=\"elementor-icon-list-items\">\n\t\t\t\t\t\t\t<li class=\"elementor-icon-list-item\">\n\t\t\t\t\t\t\t\t\t\t\t<span class=\"elementor-icon-list-icon\">\n\t\t\t\t\t\t\t<i aria-hidden=\"true\" class=\"fas fa-circle\"><\/i>\t\t\t\t\t\t<\/span>\n\t\t\t\t\t\t\t\t\t\t<span class=\"elementor-icon-list-text\">Acqu\u00e9rir, fid\u00e9liser et retenir vos clients<\/span>\n\t\t\t\t\t\t\t\t\t<\/li>\n\t\t\t\t\t\t\t\t<li class=\"elementor-icon-list-item\">\n\t\t\t\t\t\t\t\t\t\t\t<span class=\"elementor-icon-list-icon\">\n\t\t\t\t\t\t\t<i aria-hidden=\"true\" class=\"fas fa-circle\"><\/i>\t\t\t\t\t\t<\/span>\n\t\t\t\t\t\t\t\t\t\t<span class=\"elementor-icon-list-text\">Optimiser et tester la structuration et la mon\u00e9tisation de vos offres<\/span>\n\t\t\t\t\t\t\t\t\t<\/li>\n\t\t\t\t\t\t\t\t<li class=\"elementor-icon-list-item\">\n\t\t\t\t\t\t\t\t\t\t\t<span class=\"elementor-icon-list-icon\">\n\t\t\t\t\t\t\t<i aria-hidden=\"true\" class=\"fas fa-circle\"><\/i>\t\t\t\t\t\t<\/span>\n\t\t\t\t\t\t\t\t\t\t<span class=\"elementor-icon-list-text\">Rationaliser votre processus Order to Cash<\/span>\n\t\t\t\t\t\t\t\t\t<\/li>\n\t\t\t\t\t\t\t\t<li class=\"elementor-icon-list-item\">\n\t\t\t\t\t\t\t\t\t\t\t<span class=\"elementor-icon-list-icon\">\n\t\t\t\t\t\t\t<i aria-hidden=\"true\" class=\"fas fa-circle\"><\/i>\t\t\t\t\t\t<\/span>\n\t\t\t\t\t\t\t\t\t\t<span class=\"elementor-icon-list-text\">Connecter votre \u00e9cosyst\u00e8me de mon\u00e9tisation avec votre stack technologique<\/span>\n\t\t\t\t\t\t\t\t\t<\/li>\n\t\t\t\t\t\t<\/ul>\n\t\t\t\t\t\t<\/div>\n\t\t\t\t<\/div>\n\t\t\t\t<\/div>\n\t\t\t\t<\/div>\n\t\t<div data-particle_enable=\"false\" data-particle-mobile-disabled=\"false\" class=\"elementor-element elementor-element-6369249c e-con-full FormContainer e-flex e-con e-child\" data-id=\"6369249c\" data-element_type=\"container\" data-e-type=\"container\" data-settings=\"{&quot;background_background&quot;:&quot;classic&quot;}\">\n\t\t<div data-particle_enable=\"false\" data-particle-mobile-disabled=\"false\" class=\"elementor-element elementor-element-635fbfc2 e-con-full FormContainerOuter e-flex e-con e-child\" data-id=\"635fbfc2\" data-element_type=\"container\" data-e-type=\"container\" data-settings=\"{&quot;background_background&quot;:&quot;classic&quot;}\">\n\t\t\t\t<div class=\"elementor-element elementor-element-5670bb28 elementor-widget elementor-widget-heading\" data-id=\"5670bb28\" data-element_type=\"widget\" data-e-type=\"widget\" data-widget_type=\"heading.default\">\n\t\t\t\t<div class=\"elementor-widget-container\">\n\t\t\t\t\t<h4 class=\"elementor-heading-title elementor-size-default\">Veuillez remplir le formulaire ci-dessous pour acc\u00e9der aux d\u00e9mos<\/h4>\t\t\t\t<\/div>\n\t\t\t\t<\/div>\n\t\t\t\t<div class=\"elementor-element elementor-element-655cfca5 DemoOnDemandFormWidget elementor-widget elementor-widget-z-marketo-form2\" data-id=\"655cfca5\" data-element_type=\"widget\" data-e-type=\"widget\" data-widget_type=\"z-marketo-form2.default\">\n\t\t\t\t<div class=\"elementor-widget-container\">\n\t\t\t\t\t\n<div class=\"container-fluid marketo-form-container MarketoFormContainer\">\n                                    <div class=\"form-wrapper marketo-form \"\n                 style=\"\"\n                 data-marketo_id=\"4878\"\n                 data-is_multistep=\"\"\n                 data-ty_url=\"https:\/\/www.zuora.com\/fr\/demo-on-demand\/thank-you\/\"\n                 data-cid=\"false\"\n                 data-language=\"\"\n                 data-form-style=\"custom-style\"\n                 data-multiple_forms=\"\"\n            >\n                <section class=\"form mkto-form \">\n\n                    <!-- FORM LOGO -->\n                    \n                    <!--\n                        Not ideal, but this is \"clean\" why to override the CSS in Marketo Forms.\n                        @link https:\/\/nation.marketo.com\/t5\/product-discussions\/what-is-the-best-approach-to-overriding-the-css-in-marketo-forms\/td-p\/327302\n                    -->\n                    \n                                        <!-- FORM BODY -->\n                    <form id=\"mktoForm_4878\"\n                          data-button-text=\"\"\n                          class=\"is-noColumns                                custom-style                                has-noBackground                                has-noFormIcons                                has-noButtonCornersChange                                has-noButtonColorChange                                has-noButtonIcon                                has-noButtonDynamicText                                has-noButtonWidthChange\"\n                    >\n                        \n                        \n                        <!-- FORM-FIELDS -->\n                        <span data-anchor><\/span>\n                    <\/form>\n\n                    <!-- MULTI-STEP-CONTROLS -->\n                    \n                                    <\/section>\n\n                \n<section class=\"thankyou hide MarketoForm-thankYouSection\">\n\n    <div class=\"headline\">\n        <h3>Thanks for your response!<\/h3>\n        <h4>We'll get back to shortly.<\/h4>\n    <\/div>\n\n    \n    \n<\/section>\n\n\n\n            <\/div>\n            <\/div>\n\t\t\t\t<\/div>\n\t\t\t\t<\/div>\n\t\t\t\t<\/div>\n\t\t<div data-particle_enable=\"false\" data-particle-mobile-disabled=\"false\" class=\"elementor-element elementor-element-18324ac1 e-grid e-con-full ClientGrid elementor-hidden-mobile e-con e-child\" data-id=\"18324ac1\" data-element_type=\"container\" data-e-type=\"container\">\n\t\t\t\t<div class=\"elementor-element elementor-element-55f09c79 elementor-widget elementor-widget-image\" data-id=\"55f09c79\" data-element_type=\"widget\" data-e-type=\"widget\" data-widget_type=\"image.default\">\n\t\t\t\t<div class=\"elementor-widget-container\">\n\t\t\t\t\t\t\t\t\t\t\t\t\t\t\t<img fetchpriority=\"high\" decoding=\"async\" width=\"450\" height=\"150\" src=\"https:\/\/www.zuora.com\/wp-content\/uploads\/2022\/11\/otr-logo-siemens-healthineers.png\" class=\"attachment-large size-large wp-image-201641\" alt=\"\" \/>\t\t\t\t\t\t\t\t\t\t\t\t\t\t\t<\/div>\n\t\t\t\t<\/div>\n\t\t\t\t<div class=\"elementor-element elementor-element-28447627 elementor-widget elementor-widget-image\" data-id=\"28447627\" data-element_type=\"widget\" data-e-type=\"widget\" data-widget_type=\"image.default\">\n\t\t\t\t<div class=\"elementor-widget-container\">\n\t\t\t\t\t\t\t\t\t\t\t\t\t\t\t<img decoding=\"async\" width=\"1\" height=\"1\" src=\"https:\/\/www.zuora.com\/wp-content\/uploads\/2020\/12\/schneider11.svg\" class=\"attachment-large size-large wp-image-178004\" alt=\"\" \/>\t\t\t\t\t\t\t\t\t\t\t\t\t\t\t<\/div>\n\t\t\t\t<\/div>\n\t\t\t\t<div class=\"elementor-element elementor-element-3165a18a elementor-widget elementor-widget-image\" data-id=\"3165a18a\" data-element_type=\"widget\" data-e-type=\"widget\" data-widget_type=\"image.default\">\n\t\t\t\t<div class=\"elementor-widget-container\">\n\t\t\t\t\t\t\t\t\t\t\t\t\t\t\t<img loading=\"lazy\" decoding=\"async\" width=\"1\" height=\"1\" src=\"https:\/\/www.zuora.com\/wp-content\/uploads\/2023\/10\/PayFit.svg\" class=\"attachment-large size-large wp-image-229739\" alt=\"\" \/>\t\t\t\t\t\t\t\t\t\t\t\t\t\t\t<\/div>\n\t\t\t\t<\/div>\n\t\t\t\t<div class=\"elementor-element elementor-element-782357bf elementor-widget elementor-widget-image\" data-id=\"782357bf\" data-element_type=\"widget\" data-e-type=\"widget\" data-widget_type=\"image.default\">\n\t\t\t\t<div class=\"elementor-widget-container\">\n\t\t\t\t\t\t\t\t\t\t\t\t\t\t\t<img loading=\"lazy\" decoding=\"async\" width=\"200\" height=\"184\" src=\"https:\/\/www.zuora.com\/wp-content\/uploads\/2024\/04\/ubisoft-stacked-logo_white-small.png\" class=\"attachment-large size-large wp-image-248287\" alt=\"Ubisoft Logo\" \/>\t\t\t\t\t\t\t\t\t\t\t\t\t\t\t<\/div>\n\t\t\t\t<\/div>\n\t\t\t\t<div class=\"elementor-element elementor-element-2b457136 elementor-widget elementor-widget-image\" data-id=\"2b457136\" data-element_type=\"widget\" data-e-type=\"widget\" data-widget_type=\"image.default\">\n\t\t\t\t<div class=\"elementor-widget-container\">\n\t\t\t\t\t\t\t\t\t\t\t\t\t\t\t<img loading=\"lazy\" decoding=\"async\" width=\"91\" height=\"20\" src=\"https:\/\/www.zuora.com\/wp-content\/uploads\/2025\/07\/Talk_To_sales_Microsoft_logo-1.svg\" class=\"attachment-large size-large wp-image-295040\" alt=\"\" \/>\t\t\t\t\t\t\t\t\t\t\t\t\t\t\t<\/div>\n\t\t\t\t<\/div>\n\t\t\t\t<div class=\"elementor-element elementor-element-7588c15f elementor-widget elementor-widget-image\" data-id=\"7588c15f\" data-element_type=\"widget\" data-e-type=\"widget\" data-widget_type=\"image.default\">\n\t\t\t\t<div class=\"elementor-widget-container\">\n\t\t\t\t\t\t\t\t\t\t\t\t\t\t\t<img loading=\"lazy\" decoding=\"async\" width=\"88\" height=\"17\" src=\"https:\/\/www.zuora.com\/wp-content\/uploads\/2025\/07\/Talk_To_sales_Asana_logo-1.svg\" class=\"attachment-large size-large wp-image-295045\" alt=\"\" \/>\t\t\t\t\t\t\t\t\t\t\t\t\t\t\t<\/div>\n\t\t\t\t<\/div>\n\t\t\t\t<div class=\"elementor-element elementor-element-6c5978b elementor-widget elementor-widget-image\" data-id=\"6c5978b\" data-element_type=\"widget\" data-e-type=\"widget\" data-widget_type=\"image.default\">\n\t\t\t\t<div class=\"elementor-widget-container\">\n\t\t\t\t\t\t\t\t\t\t\t\t\t\t\t<img loading=\"lazy\" decoding=\"async\" width=\"71\" height=\"14\" src=\"https:\/\/www.zuora.com\/wp-content\/uploads\/2025\/07\/Talk_To_sales_Canon_logo-1.svg\" class=\"attachment-large size-large wp-image-295050\" alt=\"\" \/>\t\t\t\t\t\t\t\t\t\t\t\t\t\t\t<\/div>\n\t\t\t\t<\/div>\n\t\t\t\t<div class=\"elementor-element elementor-element-4e0c787 elementor-widget elementor-widget-image\" data-id=\"4e0c787\" data-element_type=\"widget\" data-e-type=\"widget\" data-widget_type=\"image.default\">\n\t\t\t\t<div class=\"elementor-widget-container\">\n\t\t\t\t\t\t\t\t\t\t\t\t\t\t\t<img loading=\"lazy\" decoding=\"async\" width=\"73\" height=\"28\" src=\"https:\/\/www.zuora.com\/wp-content\/uploads\/2025\/07\/Talk_To_sales_Ford_logo-1.svg\" class=\"attachment-large size-large wp-image-295055\" alt=\"\" \/>\t\t\t\t\t\t\t\t\t\t\t\t\t\t\t<\/div>\n\t\t\t\t<\/div>\n\t\t\t\t<\/div>\n\t\t<div data-particle_enable=\"false\" data-particle-mobile-disabled=\"false\" class=\"elementor-element elementor-element-9d4f6fe elementor-hidden-desktop elementor-hidden-tablet e-flex e-con-boxed e-con e-child\" data-id=\"9d4f6fe\" data-element_type=\"container\" data-e-type=\"container\">\n\t\t\t\t\t<div class=\"e-con-inner\">\n\t\t\t\t<div class=\"elementor-element elementor-element-55441167 elementor-widget elementor-widget-eael-logo-carousel\" data-id=\"55441167\" data-element_type=\"widget\" data-e-type=\"widget\" data-settings=\"{&quot;items_mobile&quot;:{&quot;unit&quot;:&quot;px&quot;,&quot;size&quot;:3,&quot;sizes&quot;:[]},&quot;items&quot;:{&quot;unit&quot;:&quot;px&quot;,&quot;size&quot;:3,&quot;sizes&quot;:[]},&quot;items_tablet&quot;:{&quot;unit&quot;:&quot;px&quot;,&quot;size&quot;:2,&quot;sizes&quot;:[]}}\" data-widget_type=\"eael-logo-carousel.default\">\n\t\t\t\t<div class=\"elementor-widget-container\">\n\t\t\t\t\t        <div class=\"swiper-container-wrap eael-logo-carousel-wrap swiper-container-wrap-dots-outside\">\n            <div class=\"swiper swiper-8 eael-logo-carousel swiper-container-55441167 eael-marquee-carousel\" data-pagination=\".swiper-pagination-55441167\" data-arrow-next=\".swiper-button-next-55441167\" data-arrow-prev=\".swiper-button-prev-55441167\" data-items-mobile=\"3\" data-items-tablet=\"2\" data-items=\"3\" data-margin=\"10\" data-effect=\"slide\" data-speed=\"4050\" data-autoplay=\"0\" data-loop=\"1\" data-arrows=\"1\">\n                <div class=\"swiper-wrapper\">\n\t\t\t\t\t                            <div class=\"swiper-slide\">\n                                <div class=\"eael-lc-logo-wrap\">\n\t\t\t\t\t\t\t\t\t                                    <div id=\"eael-lc-logo-8d953bc\" class=\"eael-lc-logo\">\n\t\t\t\t\t\t\t\t\t\t<img decoding=\"async\" class=\"eael-lc-img-src\" src=\"https:\/\/www.zuora.com\/wp-content\/uploads\/2025\/06\/Talk_To_sales_General_Motors_logo-1-1.svg\" alt=\"GM logo\">                                    <\/div>\n\t\t\t\t\t\t\t\t\t                                <\/div>\n                            <\/div>\n\t\t\t\t\t\t                            <div class=\"swiper-slide\">\n                                <div class=\"eael-lc-logo-wrap\">\n\t\t\t\t\t\t\t\t\t                                    <div id=\"eael-lc-logo-5525fa2\" class=\"eael-lc-logo\">\n\t\t\t\t\t\t\t\t\t\t<img decoding=\"async\" class=\"eael-lc-img-src\" src=\"https:\/\/www.zuora.com\/wp-content\/uploads\/2025\/06\/Talk_To_sales_Sony_logo-1-1.svg\" alt=\"Sony logo\">                                    <\/div>\n\t\t\t\t\t\t\t\t\t                                <\/div>\n                            <\/div>\n\t\t\t\t\t\t                            <div class=\"swiper-slide\">\n                                <div class=\"eael-lc-logo-wrap\">\n\t\t\t\t\t\t\t\t\t                                    <div id=\"eael-lc-logo-ab4d08e\" class=\"eael-lc-logo\">\n\t\t\t\t\t\t\t\t\t\t<img decoding=\"async\" class=\"eael-lc-img-src\" src=\"https:\/\/www.zuora.com\/wp-content\/uploads\/2025\/06\/Talk_To_sales_Zoom_Communications_Logo-1-1.svg\" alt=\"Zoom logo\">                                    <\/div>\n\t\t\t\t\t\t\t\t\t                                <\/div>\n                            <\/div>\n\t\t\t\t\t\t                            <div class=\"swiper-slide\">\n                                <div class=\"eael-lc-logo-wrap\">\n\t\t\t\t\t\t\t\t\t                                    <div id=\"eael-lc-logo-0983a7e\" class=\"eael-lc-logo\">\n\t\t\t\t\t\t\t\t\t\t<img decoding=\"async\" class=\"eael-lc-img-src\" src=\"https:\/\/www.zuora.com\/wp-content\/uploads\/2025\/06\/Talk_To_sales_Toyota-1.svg\" alt=\"Toyota Logo\">                                    <\/div>\n\t\t\t\t\t\t\t\t\t                                <\/div>\n                            <\/div>\n\t\t\t\t\t\t                            <div class=\"swiper-slide\">\n                                <div class=\"eael-lc-logo-wrap\">\n\t\t\t\t\t\t\t\t\t                                    <div id=\"eael-lc-logo-f1c61ea\" class=\"eael-lc-logo\">\n\t\t\t\t\t\t\t\t\t\t<img decoding=\"async\" class=\"eael-lc-img-src\" src=\"https:\/\/www.zuora.com\/wp-content\/uploads\/2025\/06\/Talk_To_sales_Microsoft_logo-1.svg\" alt=\"Microsoft Logo\">                                    <\/div>\n\t\t\t\t\t\t\t\t\t                                <\/div>\n                            <\/div>\n\t\t\t\t\t\t                            <div class=\"swiper-slide\">\n                                <div class=\"eael-lc-logo-wrap\">\n\t\t\t\t\t\t\t\t\t                                    <div id=\"eael-lc-logo-242130f\" class=\"eael-lc-logo\">\n\t\t\t\t\t\t\t\t\t\t<img decoding=\"async\" class=\"eael-lc-img-src\" src=\"https:\/\/www.zuora.com\/wp-content\/uploads\/2025\/06\/Talk_To_sales_Asana_logo-1.svg\" alt=\"Asana logo\">                                    <\/div>\n\t\t\t\t\t\t\t\t\t                                <\/div>\n                            <\/div>\n\t\t\t\t\t\t                            <div class=\"swiper-slide\">\n                                <div class=\"eael-lc-logo-wrap\">\n\t\t\t\t\t\t\t\t\t                                    <div id=\"eael-lc-logo-fcfd9af\" class=\"eael-lc-logo\">\n\t\t\t\t\t\t\t\t\t\t<img decoding=\"async\" class=\"eael-lc-img-src\" src=\"https:\/\/www.zuora.com\/wp-content\/uploads\/2025\/06\/Talk_To_sales_Canon_logo-1.svg\" alt=\"Canon Logo\">                                    <\/div>\n\t\t\t\t\t\t\t\t\t                                <\/div>\n                            <\/div>\n\t\t\t\t\t\t                            <div class=\"swiper-slide\">\n                                <div class=\"eael-lc-logo-wrap\">\n\t\t\t\t\t\t\t\t\t                                    <div id=\"eael-lc-logo-5b4c17d\" class=\"eael-lc-logo\">\n\t\t\t\t\t\t\t\t\t\t<img decoding=\"async\" class=\"eael-lc-img-src\" src=\"https:\/\/www.zuora.com\/wp-content\/uploads\/2025\/06\/Talk_To_sales_Ford_logo-1.svg\" alt=\"Ford logo\">                                    <\/div>\n\t\t\t\t\t\t\t\t\t                                <\/div>\n                            <\/div>\n\t\t\t\t\t\t                <\/div>\n            <\/div>\n\t\t\t        <\/div>\n\t\t\t\t\t\t<\/div>\n\t\t\t\t<\/div>\n\t\t\t\t\t<\/div>\n\t\t\t\t<\/div>\n\t\t\t\t<\/div>\n\t\t\t\t<\/div>\n\t\t\t\t\t<\/div>\n\t\t\t\t<\/div>\n\t\t\t\t<\/div>\n\t\t\t\t<\/div>\n\t\t","protected":false},"excerpt":{"rendered":"<p>D\u00e9couvrez la suite de produits Zuora De la facturation avanc\u00e9e \u00e0 la reconnaissance de revenus, d\u00e9couvrez comment fluidifier l&rsquo;ensemble de votre processus order-to-cash sur une plateforme unique. Zuora est reconnu par Forrester et Gartner comme leader dans la gestion d&rsquo;abonnements, la facturation et bien plus encore. Visionnez les d\u00e9monstrations et d\u00e9couvrez comment Zuora peut accompagner [&hellip;]<\/p>\n","protected":false},"author":227,"featured_media":278617,"parent":240884,"menu_order":0,"comment_status":"closed","ping_status":"closed","template":"","meta":{"_acf_changed":false,"footnotes":""},"content_type":[],"industry":[],"persona":[],"product_line":[],"topic":[33376],"class_list":["post-186607","page","type-page","status-publish","has-post-thumbnail","hentry","topic-reporting-and-analytics-fr"],"acf":{"smart_filters_taxonomy_filters":"none"},"_links":{"self":[{"href":"https:\/\/www.zuora.com\/fr\/wp-json\/wp\/v2\/pages\/186607","targetHints":{"allow":["GET"]}}],"collection":[{"href":"https:\/\/www.zuora.com\/fr\/wp-json\/wp\/v2\/pages"}],"about":[{"href":"https:\/\/www.zuora.com\/fr\/wp-json\/wp\/v2\/types\/page"}],"author":[{"embeddable":true,"href":"https:\/\/www.zuora.com\/fr\/wp-json\/wp\/v2\/users\/227"}],"replies":[{"embeddable":true,"href":"https:\/\/www.zuora.com\/fr\/wp-json\/wp\/v2\/comments?post=186607"}],"version-history":[{"count":0,"href":"https:\/\/www.zuora.com\/fr\/wp-json\/wp\/v2\/pages\/186607\/revisions"}],"up":[{"embeddable":true,"href":"https:\/\/www.zuora.com\/fr\/wp-json\/wp\/v2\/pages\/240884"}],"wp:featuredmedia":[{"embeddable":true,"href":"https:\/\/www.zuora.com\/fr\/wp-json\/wp\/v2\/media\/278617"}],"wp:attachment":[{"href":"https:\/\/www.zuora.com\/fr\/wp-json\/wp\/v2\/media?parent=186607"}],"wp:term":[{"taxonomy":"content_type","embeddable":true,"href":"https:\/\/www.zuora.com\/fr\/wp-json\/wp\/v2\/content_type?post=186607"},{"taxonomy":"industry","embeddable":true,"href":"https:\/\/www.zuora.com\/fr\/wp-json\/wp\/v2\/industry?post=186607"},{"taxonomy":"persona","embeddable":true,"href":"https:\/\/www.zuora.com\/fr\/wp-json\/wp\/v2\/persona?post=186607"},{"taxonomy":"product_line","embeddable":true,"href":"https:\/\/www.zuora.com\/fr\/wp-json\/wp\/v2\/product_line?post=186607"},{"taxonomy":"topic","embeddable":true,"href":"https:\/\/www.zuora.com\/fr\/wp-json\/wp\/v2\/topic?post=186607"}],"curies":[{"name":"wp","href":"https:\/\/api.w.org\/{rel}","templated":true}]}}