{"id":300009,"date":"2024-08-16T11:48:14","date_gmt":"2024-08-16T18:48:14","guid":{"rendered":"https:\/\/www.zuora.com\/about\/auszeichnungen\/"},"modified":"2025-08-21T05:36:03","modified_gmt":"2025-08-21T12:36:03","slug":"auszeichnungen","status":"publish","type":"page","link":"https:\/\/www.zuora.com\/de\/about\/auszeichnungen\/","title":{"rendered":"Auszeichnungen"},"content":{"rendered":"\t\t<div data-elementor-type=\"wp-page\" data-elementor-id=\"300009\" class=\"elementor elementor-300009 elementor-262389\" data-elementor-post-type=\"page\">\n\t\t\t\t<div data-particle_enable=\"false\" data-particle-mobile-disabled=\"false\" class=\"elementor-element elementor-element-e227df6 e-con-full elementor-hidden-mobile e-flex e-con e-parent\" data-id=\"e227df6\" data-element_type=\"container\" data-e-type=\"container\" data-settings=\"{&quot;background_background&quot;:&quot;classic&quot;}\">\n\t\t<div data-particle_enable=\"false\" data-particle-mobile-disabled=\"false\" class=\"elementor-element elementor-element-9b19a6c e-con-full e-flex e-con e-child\" data-id=\"9b19a6c\" data-element_type=\"container\" data-e-type=\"container\">\n\t\t\t\t<div class=\"elementor-element elementor-element-5d2a9c4 elementor-widget elementor-widget-image\" data-id=\"5d2a9c4\" data-element_type=\"widget\" data-e-type=\"widget\" data-widget_type=\"image.default\">\n\t\t\t\t<div class=\"elementor-widget-container\">\n\t\t\t\t\t\t\t\t\t\t\t\t\t\t\t<img fetchpriority=\"high\" decoding=\"async\" width=\"656\" height=\"315\" src=\"https:\/\/www.zuora.com\/wp-content\/uploads\/2024\/01\/teams-banner-triangles.png\" class=\"attachment-large size-large wp-image-234792\" alt=\"\" srcset=\"https:\/\/www.zuora.com\/wp-content\/uploads\/2024\/01\/teams-banner-triangles.png 656w, https:\/\/www.zuora.com\/wp-content\/uploads\/2024\/01\/teams-banner-triangles-640x307.png 640w\" sizes=\"(max-width: 656px) 100vw, 656px\" \/>\t\t\t\t\t\t\t\t\t\t\t\t\t\t\t<\/div>\n\t\t\t\t<\/div>\n\t\t\t\t<\/div>\n\t\t<div data-particle_enable=\"false\" data-particle-mobile-disabled=\"false\" class=\"elementor-element elementor-element-7344136 e-con-full e-flex e-con e-child\" data-id=\"7344136\" data-element_type=\"container\" data-e-type=\"container\">\n\t\t\t\t<div class=\"elementor-element elementor-element-eb990b8 elementor-widget elementor-widget-heading\" data-id=\"eb990b8\" data-element_type=\"widget\" data-e-type=\"widget\" data-widget_type=\"heading.default\">\n\t\t\t\t<div class=\"elementor-widget-container\">\n\t\t\t\t\t<h2 class=\"elementor-heading-title elementor-size-default\">Zuora Auszeichnungen &amp; Anerkennungen<\/h2>\t\t\t\t<\/div>\n\t\t\t\t<\/div>\n\t\t\t\t<\/div>\n\t\t<div data-particle_enable=\"false\" data-particle-mobile-disabled=\"false\" class=\"elementor-element elementor-element-02bb331 e-con-full e-flex e-con e-child\" data-id=\"02bb331\" data-element_type=\"container\" data-e-type=\"container\">\n\t\t\t\t<div class=\"elementor-element elementor-element-46ed2a4 e-transform elementor-widget elementor-widget-image\" data-id=\"46ed2a4\" data-element_type=\"widget\" data-e-type=\"widget\" data-settings=\"{&quot;_transform_flipY_effect&quot;:&quot;transform&quot;}\" data-widget_type=\"image.default\">\n\t\t\t\t<div class=\"elementor-widget-container\">\n\t\t\t\t\t\t\t\t\t\t\t\t\t\t\t<img fetchpriority=\"high\" decoding=\"async\" width=\"656\" height=\"315\" src=\"https:\/\/www.zuora.com\/wp-content\/uploads\/2024\/01\/teams-banner-triangles.png\" class=\"attachment-large size-large wp-image-234792\" alt=\"\" srcset=\"https:\/\/www.zuora.com\/wp-content\/uploads\/2024\/01\/teams-banner-triangles.png 656w, https:\/\/www.zuora.com\/wp-content\/uploads\/2024\/01\/teams-banner-triangles-640x307.png 640w\" sizes=\"(max-width: 656px) 100vw, 656px\" \/>\t\t\t\t\t\t\t\t\t\t\t\t\t\t\t<\/div>\n\t\t\t\t<\/div>\n\t\t\t\t<\/div>\n\t\t\t\t<\/div>\n\t\t\t\t<section data-particle_enable=\"false\" data-particle-mobile-disabled=\"false\" class=\"elementor-section elementor-top-section elementor-element elementor-element-76831531 elementor-section-boxed elementor-section-height-default elementor-section-height-default\" data-id=\"76831531\" data-element_type=\"section\" data-e-type=\"section\">\n\t\t\t\t\t\t<div class=\"elementor-container elementor-column-gap-default\">\n\t\t\t\t\t<div class=\"elementor-column elementor-col-100 elementor-top-column elementor-element elementor-element-7a5ebec3\" data-id=\"7a5ebec3\" data-element_type=\"column\" data-e-type=\"column\">\n\t\t\t<div class=\"elementor-widget-wrap elementor-element-populated\">\n\t\t\t\t\t\t<section data-particle_enable=\"false\" data-particle-mobile-disabled=\"false\" class=\"elementor-section elementor-inner-section elementor-element elementor-element-6c570a8b elementor-section-boxed elementor-section-height-default elementor-section-height-default\" data-id=\"6c570a8b\" data-element_type=\"section\" data-e-type=\"section\">\n\t\t\t\t\t\t<div class=\"elementor-container elementor-column-gap-default\">\n\t\t\t\t\t<div class=\"elementor-column elementor-col-50 elementor-inner-column elementor-element elementor-element-84b68f7\" data-id=\"84b68f7\" data-element_type=\"column\" data-e-type=\"column\">\n\t\t\t<div class=\"elementor-widget-wrap elementor-element-populated\">\n\t\t\t\t\t\t<div class=\"elementor-element elementor-element-a38ebcb elementor-widget elementor-widget-text-editor\" data-id=\"a38ebcb\" data-element_type=\"widget\" data-e-type=\"widget\" data-widget_type=\"text-editor.default\">\n\t\t\t\t<div class=\"elementor-widget-container\">\n\t\t\t\t\t\t\t\t\t<p> ###CEND###<\/p>\n\t\t\t\t\t\t\t\t<\/div>\n\t\t\t\t<\/div>\n\t\t\t\t\t<\/div>\n\t\t<\/div>\n\t\t\t\t<div class=\"elementor-column elementor-col-50 elementor-inner-column elementor-element elementor-element-345ff844\" data-id=\"345ff844\" data-element_type=\"column\" data-e-type=\"column\">\n\t\t\t<div class=\"elementor-widget-wrap elementor-element-populated\">\n\t\t\t\t\t\t<div class=\"elementor-element elementor-element-3f68623b elementor-widget elementor-widget-text-editor\" data-id=\"3f68623b\" data-element_type=\"widget\" data-e-type=\"widget\" data-widget_type=\"text-editor.default\">\n\t\t\t\t<div class=\"elementor-widget-container\">\n\t\t\t\t\t\t\t\t\t<p><b>Built In Best Places to Work 2025<\/b><\/p>\n<p><span style=\"font-weight: 400;\">Zuora wurde in acht Kategorien ausgezeichnet, darunter die 100 besten US-Unternehmen, f\u00fcr die man 2025 arbeiten kann, sowie lokale Auszeichnungen in Atlanta, Boston und San Francisco.<\/span><\/p>\n<p><b>Zuora von Newsweek als eines der umweltfreundlichsten Unternehmen Amerikas 2025 ausgezeichnet<\/b><\/p>\n<p><span style=\"font-weight: 400;\">Die Liste von Newsweek w\u00fcrdigt US-Unternehmen, die sich f\u00fcr die Reduzierung der Umweltbelastung in wichtigen Bereichen wie Treibhausgasemissionen, Wassermanagement und Abfallreduzierung engagieren.<\/span><\/p>\n<p><b>MGI Research stuft Zuora Revenue auf Platz 1 in Produkt und Strategie im Automated Revenue Management Ratings 2024 ein<\/b><\/p>\n<p><span style=\"font-weight: 400;\">Zuora Revenue belegte in seinem Automated Revenue Management (ARM) Buyer\u2019s Guide und dem neuesten MGI 360\u2122 Ratings \u2013 Market Ratings Report (MRR) den ersten Platz in den Kategorien Produkt und Strategie.<\/span><\/p>\n<p><b>Zuora als f\u00fchrend mit der h\u00f6chsten Bewertung in den ISG Software Research Subscription Management Buyers Guides ausgezeichnet<\/b><\/p>\n<p><span style=\"font-weight: 400;\">Von 24 Softwareanbietern f\u00fchrt Zuora im Subscription Management, Subscription Management Platforms, B2B und B2C Subscription Management.<\/span><b>\u00a0<\/b><\/p>\n<p><b>Built In zeichnet Zuora als Best Places to Work in den USA 2024 aus<\/b><\/p>\n<p><span style=\"font-weight: 400;\">BuiltIn hat Zuora als Unternehmen anerkannt, das unter seinen Mitbewerbern die besten Verg\u00fctungspakete, Zusatzleistungen und Kulturprogramme anbietet.<\/span><\/p>\n<p><b>SIIA 2021 CODiE Awards \u2013 Lifetime Achievement Award<\/b><\/p>\n<p><span style=\"font-weight: 400;\">Zuora CEO &amp; Gr\u00fcnder Tien Tzuo wurde mit dem Lifetime Achievement Award in Business Technology ausgezeichnet<\/span><\/p>\n<h4>VentureWire\u2019s FASTech 50<\/h4>\n<p>Zuora wurde in VentureWire\u2019s FASTech 50 Liste der innovativsten Technologie-Start-ups aufgenommen. Zuora wurde aus mehreren hundert von Risikokapitalgebern unterst\u00fctzten Unternehmen von den Redakteuren von Dow Jones VentureWire und einem Gremium f\u00fchrender Venture Capitalists ausgew\u00e4hlt und war das einzige Unternehmen im Bereich Subscription Commerce, das ausgew\u00e4hlt wurde.<\/p>\n<h4>OnDemand 2013 \u2014 Top 100 Unternehmen<\/h4>\n<p>Zum vierten Mal in Folge wurde Zuora als eines der OnDemand Top 100 Privatunternehmen ausgew\u00e4hlt. Wir waren eines von 23 On-Demand Software Business Management Applications.<\/p>\n<h4>2013 CRN\u2019s 100 Coolest Cloud Computing Vendors<\/h4>\n<p>Zuora wurde als einer von CRN\u2019s 100 Coolest Cloud Computing Vendors 2013 ausgezeichnet. Von dieser Liste wurde Zuora au\u00dferdem als einer der 20 Top Cloud Software Vendors neben Google, Salesforce und Workday hervorgehoben.<\/p>\n<h4>2012 Red Herring Top 100 Global Finalist<\/h4>\n<p>Zuora wurde als Finalist f\u00fcr die Red Herring Auszeichnung der innovativsten globalen Unternehmen ausgew\u00e4hlt. Die Finalisten werden anhand sowohl quantitativer als auch qualitativer Kriterien bewertet, wie z.B. finanzielle Leistung, technologische Innovation, Managementqualit\u00e4t, Strategieumsetzung und Disruption ihrer jeweiligen Branchen.<\/p>\n<h4>OnDemand 2012 \u2013 Top 100 Unternehmen<\/h4>\n<p>Zum dritten Mal in Folge schafft es Zuora auf die angesehene Liste der OnDemand Top 100 Privatunternehmen. Dies ist eine epische Liste wegweisender Technologien, auf die wir sehr stolz sind.<\/p>\n<h4>CRN\u2019s 20 Coolest Cloud Software Vendors<\/h4>\n<p>In Gesellschaft von Google, Salesforce und Workday wurde Zuora als Cloud Software Vendor auf diese Liste aufgenommen, die L\u00f6sungspartner unbedingt im Blick haben sollten.<\/p>\n<h4>ZDNet 2012 CRM Watchlist<\/h4>\n<p>Greenberg schw\u00e4rmt: \u201eGef\u00fchrt von Superstar-CEO Tien Tzuo dominieren sie den Markt.\u201c Dies ist das dritte Mal, dass Zuora auf Paul Greenbergs CRM Watchlist steht. ZDNet nimmt auch Nicht-CRM-Unternehmen wie Zuora auf, da sie gro\u00dfen Einfluss auf die CRM-Branche haben.<\/p>\n<h4>THINKstrategies\u2019 2011 Best of SaaS Showplace (BoSS) Award<\/h4>\n<p>THINKstrategies hat Zuora offiziell als SaaS-Unternehmen ausgezeichnet, das messbare Gesch\u00e4ftsvorteile bietet, indem es ihnen den Best in SaaS Showplace (BoSS) Award verleiht. Zu den herausragenden Gesch\u00e4ftsvorteilen von Zuora, die f\u00fcr diesen Preis bewertet wurden, z\u00e4hlen gesteigerter Umsatz, niedrigere Kosten, h\u00f6here Kundenzufriedenheit, schnellere Abl\u00e4ufe und gr\u00f6\u00dfere Planbarkeit.<\/p>\n<h4>2011 Red Herring North America Finalist<\/h4>\n<p>Zuora wurde als Finalist f\u00fcr Red Herrings Auszeichnung der innovativsten Unternehmen Nordamerikas ausgew\u00e4hlt. Die Finalisten werden anhand sowohl quantitativer als auch qualitativer Kriterien bewertet, wie z.B. finanzielle Leistung, technologische Innovation, Managementqualit\u00e4t, Strategieumsetzung und Disruption ihrer jeweiligen Branchen.<\/p>\n<h4>Lead411\u2019s Hottest Companies in Silicon Valley 2011<\/h4>\n<p>Lead411 z\u00e4hlt Zuora zu den am schnellsten wachsenden Technologieunternehmen 2011 im Silicon Valley.<\/p>\n<h4>2011 OnDemand 100 Top Private Companies<\/h4>\n<p>Vom AlwaysOn Redaktionsteam ausgew\u00e4hlt, wird Zuora als eines von 100 Privatunternehmen gelistet, die das etablierte Unternehmensumfeld aufbrechen und als Pioniere im Bereich Cloud Computing und SaaS gelten.<\/p>\n<h4>JMP Hot 100 Best Privately Held Software Companies \u2014 2011<\/h4>\n<p>JMP\u2019s Hot 100 pr\u00e4sentiert f\u00fchrende private Unternehmen der Softwarebranche, ausgew\u00e4hlt vom Software-Research-Team von JMP Securities.<\/p>\n<h4>ZDNet 2011 CRM Watchlist<\/h4>\n<p>ZDNet nimmt Zuora in ihre Watchlist 2011 auf, aufgrund des \u201eManagement-Teams, der Partnerschaften, der renommierten Kunden, der Vordenkerrolle, der starken Marktpr\u00e4senz sowie des starken Wachstums bei Finanzierung und Umsatz.\u201c<\/p>\n<h4>Sys-Con Media \u2014 90 Cloud Companies to Watch in 2011<\/h4>\n<p>Sys-Con Media nennt Zuora als eines von 90 Cloud-Computing-Unternehmen, die man 2011 im Auge behalten sollte, zusammen mit Amazon, Salesforce.com, Google Apps und VMWare.<\/p>\n<h4>Innovatives Unternehmen unter $100M, das man beobachten sollte<\/h4>\n<p>Zuora wurde von IDC als eines von zehn Unternehmen hervorgehoben, die im neuen Bericht \u201eInnovative Software Companies Under $100M to Watch\u201c f\u00fcr 2010 vorgestellt werden.<\/p>\n<h4>2010 AlwaysOn Global 250<\/h4>\n<p>Zuora wurde von AlwaysOn als eines der Gewinner der AlwaysOn Global 250 im Jahr 2010 ausgew\u00e4hlt.<\/p>\n<h4>Dream Simplicity \u2014 Top 10 der am schnellsten wachsenden SaaS-Unternehmen<\/h4>\n<p>Zuora wurde als eines der Top 10 der am schnellsten wachsenden SaaS-Unternehmen gelistet.<\/p>\n<h4>Lead411\u2019s Hottest Silicon Valley Companies Award 2010<\/h4>\n<p>Zuora wurde aufgrund seines Wachstums und seiner Dynamik 2010 als eines der hei\u00dfesten Unternehmen des Silicon Valley ausgezeichnet.<\/p>\n<h4>Beagle Research ThinkForward Award<\/h4>\n<p>Zuora gewinnt den ThinkForward Award von Beagle Research f\u00fcr die profitablere Gestaltung des SaaS-Gesch\u00e4ftsmodells.<\/p>\n<h4>Cloud Computing Journal \u2014 Die Top 250 Akteure im Cloud Computing<\/h4>\n<p>Zuora wird als eines der aktivsten Unternehmen im Cloud-\u00d6kosystem ausgezeichnet.<\/p>\n<h4>AlwaysOn OnDemand Top 100 Private Companies 2010<\/h4>\n<p>Zuora wird von AlwaysOn als OnDemand Top 100 Gewinner genannt. Der Cloud-Management-Marktf\u00fchrer wird f\u00fcr die Schaffung und Leitung der Subscription-Billing-Branche anerkannt.<\/p>\n<h4>SIIA CODiE Award Finalist \u2014 Best Software-as-a-Service 2010<\/h4>\n<p>SIIA w\u00e4hlt Zuoras Flaggschiff Z-Billing-Anwendung als CODiE Award Finalist f\u00fcr Best Software-as-a-Service. Zuora war die einzige Billing- und Subscription-Commerce-L\u00f6sung, die diese Auszeichnung erhielt.<\/p>\n<h4>Under the Radar \u2014 Best in Show 2009<\/h4>\n<p> ###CEND###<\/p>\n\t\t\t\t\t\t\t\t<\/div>\n\t\t\t\t<\/div>\n\t\t\t\t\t<\/div>\n\t\t<\/div>\n\t\t\t\t\t<\/div>\n\t\t<\/section>\n\t\t\t\t\t<\/div>\n\t\t<\/div>\n\t\t\t\t\t<\/div>\n\t\t<\/section>\n\t\t\t\t<\/div>\n\t\t","protected":false},"excerpt":{"rendered":"<p>Zuora Auszeichnungen &amp; Anerkennungen ###CEND### Built In Best Places to Work 2025 Zuora wurde in acht Kategorien ausgezeichnet, darunter die 100 besten US-Unternehmen, f\u00fcr die man 2025 arbeiten kann, sowie lokale Auszeichnungen in Atlanta, Boston und San Francisco. Zuora von Newsweek als eines der umweltfreundlichsten Unternehmen Amerikas 2025 ausgezeichnet Die Liste von Newsweek w\u00fcrdigt US-Unternehmen, [&hellip;]<\/p>\n","protected":false},"author":294,"featured_media":0,"parent":191342,"menu_order":0,"comment_status":"closed","ping_status":"closed","template":"","meta":{"_acf_changed":false,"footnotes":""},"content_type":[],"industry":[],"persona":[],"product_line":[],"topic":[],"class_list":["post-300009","page","type-page","status-publish","hentry"],"acf":{"smart_filters_taxonomy_filters":"none"},"yoast_head":"<!-- This site is optimized with the Yoast SEO Premium plugin v27.3 (Yoast SEO v27.3) - https:\/\/yoast.com\/product\/yoast-seo-premium-wordpress\/ -->\n<title>Auszeichnungen - Zuora<\/title>\n<meta name=\"robots\" content=\"index, follow, max-snippet:-1, max-image-preview:large, max-video-preview:-1\" \/>\n<link rel=\"canonical\" href=\"https:\/\/www.zuora.com\/de\/about\/auszeichnungen\/\" \/>\n<meta property=\"og:locale\" content=\"de_DE\" \/>\n<meta property=\"og:type\" content=\"article\" \/>\n<meta property=\"og:title\" content=\"Auszeichnungen\" \/>\n<meta property=\"og:description\" content=\"Zuora Auszeichnungen &amp; Anerkennungen ###CEND### Built In Best Places to Work 2025 Zuora wurde in acht Kategorien ausgezeichnet, darunter die 100 besten US-Unternehmen, f\u00fcr die man 2025 arbeiten kann, sowie lokale Auszeichnungen in Atlanta, Boston und San Francisco. Zuora von Newsweek als eines der umweltfreundlichsten Unternehmen Amerikas 2025 ausgezeichnet Die Liste von Newsweek w\u00fcrdigt US-Unternehmen, [&hellip;]\" \/>\n<meta property=\"og:url\" content=\"https:\/\/www.zuora.com\/de\/about\/auszeichnungen\/\" \/>\n<meta property=\"og:site_name\" content=\"Zuora\" \/>\n<meta property=\"article:publisher\" content=\"https:\/\/www.facebook.com\/zuora\" \/>\n<meta property=\"article:modified_time\" content=\"2025-08-21T12:36:03+00:00\" \/>\n<meta property=\"og:image\" content=\"https:\/\/www.zuora.com\/wp-content\/uploads\/2024\/01\/teams-banner-triangles.png\" \/>\n\t<meta property=\"og:image:width\" content=\"656\" \/>\n\t<meta property=\"og:image:height\" content=\"315\" \/>\n\t<meta property=\"og:image:type\" content=\"image\/png\" \/>\n<meta name=\"twitter:card\" content=\"summary_large_image\" \/>\n<meta name=\"twitter:site\" content=\"@zuora\" \/>\n<script type=\"application\/ld+json\" class=\"yoast-schema-graph\">{\"@context\":\"https:\\\/\\\/schema.org\",\"@graph\":[{\"@type\":\"WebPage\",\"@id\":\"https:\\\/\\\/www.zuora.com\\\/de\\\/about\\\/auszeichnungen\\\/\",\"url\":\"https:\\\/\\\/www.zuora.com\\\/de\\\/about\\\/auszeichnungen\\\/\",\"name\":\"Auszeichnungen - Zuora\",\"isPartOf\":{\"@id\":\"https:\\\/\\\/www.zuora.com\\\/de\\\/#website\"},\"primaryImageOfPage\":{\"@id\":\"https:\\\/\\\/www.zuora.com\\\/de\\\/about\\\/auszeichnungen\\\/#primaryimage\"},\"image\":{\"@id\":\"https:\\\/\\\/www.zuora.com\\\/de\\\/about\\\/auszeichnungen\\\/#primaryimage\"},\"thumbnailUrl\":\"https:\\\/\\\/www.zuora.com\\\/wp-content\\\/uploads\\\/2024\\\/01\\\/teams-banner-triangles.png\",\"datePublished\":\"2024-08-16T18:48:14+00:00\",\"dateModified\":\"2025-08-21T12:36:03+00:00\",\"breadcrumb\":{\"@id\":\"https:\\\/\\\/www.zuora.com\\\/de\\\/about\\\/auszeichnungen\\\/#breadcrumb\"},\"inLanguage\":\"de-DE\",\"potentialAction\":[{\"@type\":\"ReadAction\",\"target\":[\"https:\\\/\\\/www.zuora.com\\\/de\\\/about\\\/auszeichnungen\\\/\"]}]},{\"@type\":\"ImageObject\",\"inLanguage\":\"de-DE\",\"@id\":\"https:\\\/\\\/www.zuora.com\\\/de\\\/about\\\/auszeichnungen\\\/#primaryimage\",\"url\":\"https:\\\/\\\/www.zuora.com\\\/wp-content\\\/uploads\\\/2024\\\/01\\\/teams-banner-triangles.png\",\"contentUrl\":\"https:\\\/\\\/www.zuora.com\\\/wp-content\\\/uploads\\\/2024\\\/01\\\/teams-banner-triangles.png\"},{\"@type\":\"BreadcrumbList\",\"@id\":\"https:\\\/\\\/www.zuora.com\\\/de\\\/about\\\/auszeichnungen\\\/#breadcrumb\",\"itemListElement\":[{\"@type\":\"ListItem\",\"position\":1,\"name\":\"Home\",\"item\":\"https:\\\/\\\/www.zuora.com\\\/de\\\/\"},{\"@type\":\"ListItem\",\"position\":2,\"name\":\"\u00dcber | Zuora\",\"item\":\"https:\\\/\\\/www.zuora.com\\\/de\\\/about\\\/\"},{\"@type\":\"ListItem\",\"position\":3,\"name\":\"Auszeichnungen\"}]},{\"@type\":\"WebSite\",\"@id\":\"https:\\\/\\\/www.zuora.com\\\/de\\\/#website\",\"url\":\"https:\\\/\\\/www.zuora.com\\\/de\\\/\",\"name\":\"Zuora\",\"description\":\"\",\"publisher\":{\"@id\":\"https:\\\/\\\/www.zuora.com\\\/de\\\/#organization\"},\"potentialAction\":[{\"@type\":\"SearchAction\",\"target\":{\"@type\":\"EntryPoint\",\"urlTemplate\":\"https:\\\/\\\/www.zuora.com\\\/de\\\/?s={search_term_string}\"},\"query-input\":{\"@type\":\"PropertyValueSpecification\",\"valueRequired\":true,\"valueName\":\"search_term_string\"}}],\"inLanguage\":\"de-DE\"},{\"@type\":\"Organization\",\"@id\":\"https:\\\/\\\/www.zuora.com\\\/de\\\/#organization\",\"name\":\"Zuora\",\"url\":\"https:\\\/\\\/www.zuora.com\\\/de\\\/\",\"logo\":{\"@type\":\"ImageObject\",\"inLanguage\":\"de-DE\",\"@id\":\"https:\\\/\\\/www.zuora.com\\\/de\\\/#\\\/schema\\\/logo\\\/image\\\/\",\"url\":\"https:\\\/\\\/www.zuora.com\\\/wp-content\\\/uploads\\\/2022\\\/08\\\/zuora-yoast-logo.png\",\"contentUrl\":\"https:\\\/\\\/www.zuora.com\\\/wp-content\\\/uploads\\\/2022\\\/08\\\/zuora-yoast-logo.png\",\"width\":512,\"height\":512,\"caption\":\"Zuora\"},\"image\":{\"@id\":\"https:\\\/\\\/www.zuora.com\\\/de\\\/#\\\/schema\\\/logo\\\/image\\\/\"},\"sameAs\":[\"https:\\\/\\\/www.facebook.com\\\/zuora\",\"https:\\\/\\\/x.com\\\/zuora\",\"https:\\\/\\\/www.linkedin.com\\\/company\\\/zuora\",\"https:\\\/\\\/www.instagram.com\\\/zuora\"]}]}<\/script>\n<!-- \/ Yoast SEO Premium plugin. -->","yoast_head_json":{"title":"Auszeichnungen - Zuora","robots":{"index":"index","follow":"follow","max-snippet":"max-snippet:-1","max-image-preview":"max-image-preview:large","max-video-preview":"max-video-preview:-1"},"canonical":"https:\/\/www.zuora.com\/de\/about\/auszeichnungen\/","og_locale":"de_DE","og_type":"article","og_title":"Auszeichnungen","og_description":"Zuora Auszeichnungen &amp; Anerkennungen ###CEND### Built In Best Places to Work 2025 Zuora wurde in acht Kategorien ausgezeichnet, darunter die 100 besten US-Unternehmen, f\u00fcr die man 2025 arbeiten kann, sowie lokale Auszeichnungen in Atlanta, Boston und San Francisco. Zuora von Newsweek als eines der umweltfreundlichsten Unternehmen Amerikas 2025 ausgezeichnet Die Liste von Newsweek w\u00fcrdigt US-Unternehmen, [&hellip;]","og_url":"https:\/\/www.zuora.com\/de\/about\/auszeichnungen\/","og_site_name":"Zuora","article_publisher":"https:\/\/www.facebook.com\/zuora","article_modified_time":"2025-08-21T12:36:03+00:00","og_image":[{"width":656,"height":315,"url":"https:\/\/www.zuora.com\/wp-content\/uploads\/2024\/01\/teams-banner-triangles.png","type":"image\/png"}],"twitter_card":"summary_large_image","twitter_site":"@zuora","schema":{"@context":"https:\/\/schema.org","@graph":[{"@type":"WebPage","@id":"https:\/\/www.zuora.com\/de\/about\/auszeichnungen\/","url":"https:\/\/www.zuora.com\/de\/about\/auszeichnungen\/","name":"Auszeichnungen - Zuora","isPartOf":{"@id":"https:\/\/www.zuora.com\/de\/#website"},"primaryImageOfPage":{"@id":"https:\/\/www.zuora.com\/de\/about\/auszeichnungen\/#primaryimage"},"image":{"@id":"https:\/\/www.zuora.com\/de\/about\/auszeichnungen\/#primaryimage"},"thumbnailUrl":"https:\/\/www.zuora.com\/wp-content\/uploads\/2024\/01\/teams-banner-triangles.png","datePublished":"2024-08-16T18:48:14+00:00","dateModified":"2025-08-21T12:36:03+00:00","breadcrumb":{"@id":"https:\/\/www.zuora.com\/de\/about\/auszeichnungen\/#breadcrumb"},"inLanguage":"de-DE","potentialAction":[{"@type":"ReadAction","target":["https:\/\/www.zuora.com\/de\/about\/auszeichnungen\/"]}]},{"@type":"ImageObject","inLanguage":"de-DE","@id":"https:\/\/www.zuora.com\/de\/about\/auszeichnungen\/#primaryimage","url":"https:\/\/www.zuora.com\/wp-content\/uploads\/2024\/01\/teams-banner-triangles.png","contentUrl":"https:\/\/www.zuora.com\/wp-content\/uploads\/2024\/01\/teams-banner-triangles.png"},{"@type":"BreadcrumbList","@id":"https:\/\/www.zuora.com\/de\/about\/auszeichnungen\/#breadcrumb","itemListElement":[{"@type":"ListItem","position":1,"name":"Home","item":"https:\/\/www.zuora.com\/de\/"},{"@type":"ListItem","position":2,"name":"\u00dcber | Zuora","item":"https:\/\/www.zuora.com\/de\/about\/"},{"@type":"ListItem","position":3,"name":"Auszeichnungen"}]},{"@type":"WebSite","@id":"https:\/\/www.zuora.com\/de\/#website","url":"https:\/\/www.zuora.com\/de\/","name":"Zuora","description":"","publisher":{"@id":"https:\/\/www.zuora.com\/de\/#organization"},"potentialAction":[{"@type":"SearchAction","target":{"@type":"EntryPoint","urlTemplate":"https:\/\/www.zuora.com\/de\/?s={search_term_string}"},"query-input":{"@type":"PropertyValueSpecification","valueRequired":true,"valueName":"search_term_string"}}],"inLanguage":"de-DE"},{"@type":"Organization","@id":"https:\/\/www.zuora.com\/de\/#organization","name":"Zuora","url":"https:\/\/www.zuora.com\/de\/","logo":{"@type":"ImageObject","inLanguage":"de-DE","@id":"https:\/\/www.zuora.com\/de\/#\/schema\/logo\/image\/","url":"https:\/\/www.zuora.com\/wp-content\/uploads\/2022\/08\/zuora-yoast-logo.png","contentUrl":"https:\/\/www.zuora.com\/wp-content\/uploads\/2022\/08\/zuora-yoast-logo.png","width":512,"height":512,"caption":"Zuora"},"image":{"@id":"https:\/\/www.zuora.com\/de\/#\/schema\/logo\/image\/"},"sameAs":["https:\/\/www.facebook.com\/zuora","https:\/\/x.com\/zuora","https:\/\/www.linkedin.com\/company\/zuora","https:\/\/www.instagram.com\/zuora"]}]}},"_links":{"self":[{"href":"https:\/\/www.zuora.com\/de\/wp-json\/wp\/v2\/pages\/300009","targetHints":{"allow":["GET"]}}],"collection":[{"href":"https:\/\/www.zuora.com\/de\/wp-json\/wp\/v2\/pages"}],"about":[{"href":"https:\/\/www.zuora.com\/de\/wp-json\/wp\/v2\/types\/page"}],"author":[{"embeddable":true,"href":"https:\/\/www.zuora.com\/de\/wp-json\/wp\/v2\/users\/294"}],"replies":[{"embeddable":true,"href":"https:\/\/www.zuora.com\/de\/wp-json\/wp\/v2\/comments?post=300009"}],"version-history":[{"count":0,"href":"https:\/\/www.zuora.com\/de\/wp-json\/wp\/v2\/pages\/300009\/revisions"}],"up":[{"embeddable":true,"href":"https:\/\/www.zuora.com\/de\/wp-json\/wp\/v2\/pages\/191342"}],"wp:attachment":[{"href":"https:\/\/www.zuora.com\/de\/wp-json\/wp\/v2\/media?parent=300009"}],"wp:term":[{"taxonomy":"content_type","embeddable":true,"href":"https:\/\/www.zuora.com\/de\/wp-json\/wp\/v2\/content_type?post=300009"},{"taxonomy":"industry","embeddable":true,"href":"https:\/\/www.zuora.com\/de\/wp-json\/wp\/v2\/industry?post=300009"},{"taxonomy":"persona","embeddable":true,"href":"https:\/\/www.zuora.com\/de\/wp-json\/wp\/v2\/persona?post=300009"},{"taxonomy":"product_line","embeddable":true,"href":"https:\/\/www.zuora.com\/de\/wp-json\/wp\/v2\/product_line?post=300009"},{"taxonomy":"topic","embeddable":true,"href":"https:\/\/www.zuora.com\/de\/wp-json\/wp\/v2\/topic?post=300009"}],"curies":[{"name":"wp","href":"https:\/\/api.w.org\/{rel}","templated":true}]}}