{"id":217655,"date":"2023-02-14T05:19:13","date_gmt":"2023-02-14T13:19:13","guid":{"rendered":"https:\/\/sboxtest.zuora.com\/zuora-university-signup\/"},"modified":"2023-06-05T15:28:08","modified_gmt":"2023-06-05T22:28:08","slug":"zuora-university-signup","status":"publish","type":"page","link":"https:\/\/www.zuora.com\/de\/zuora-university-signup\/","title":{"rendered":"Zuora-Schulung | Zuora"},"content":{"rendered":"\t\t<div data-elementor-type=\"wp-page\" data-elementor-id=\"217655\" class=\"elementor elementor-217655\" data-elementor-post-type=\"page\">\n\t\t\t\t\t\t<section data-particle_enable=\"false\" data-particle-mobile-disabled=\"false\" class=\"elementor-section elementor-top-section elementor-element elementor-element-4a95a6e elementor-section-stretched elementor-section-height-min-height elementor-reverse-tablet elementor-reverse-mobile elementor-section-content-middle elementor-section-boxed elementor-section-height-default elementor-section-items-middle\" data-id=\"4a95a6e\" data-element_type=\"section\" data-e-type=\"section\" data-settings=\"{&quot;stretch_section&quot;:&quot;section-stretched&quot;,&quot;background_background&quot;:&quot;classic&quot;}\">\n\t\t\t\t\t\t\t<div class=\"elementor-background-overlay\"><\/div>\n\t\t\t\t\t\t\t<div class=\"elementor-container elementor-column-gap-default\">\n\t\t\t\t\t<div class=\"elementor-column elementor-col-50 elementor-top-column elementor-element elementor-element-548184a\" data-id=\"548184a\" data-element_type=\"column\" data-e-type=\"column\" data-settings=\"{&quot;background_background&quot;:&quot;classic&quot;}\">\n\t\t\t<div class=\"elementor-widget-wrap elementor-element-populated\">\n\t\t\t\t\t\t<div class=\"elementor-element elementor-element-8338c93 elementor-widget-mobile__width-inherit elementor-widget__width-initial elementor-widget elementor-widget-heading\" data-id=\"8338c93\" data-element_type=\"widget\" data-e-type=\"widget\" data-widget_type=\"heading.default\">\n\t\t\t\t<div class=\"elementor-widget-container\">\n\t\t\t\t\t<h1 class=\"elementor-heading-title elementor-size-default\">Zuora-Schulung abonnieren<\/h1>\t\t\t\t<\/div>\n\t\t\t\t<\/div>\n\t\t\t\t<div class=\"elementor-element elementor-element-d8a9641 demo-subhead elementor-widget-tablet__width-initial elementor-widget elementor-widget-text-editor\" data-id=\"d8a9641\" data-element_type=\"widget\" data-e-type=\"widget\" data-widget_type=\"text-editor.default\">\n\t\t\t\t<div class=\"elementor-widget-container\">\n\t\t\t\t\t\t\t\t\t<p>Bereit, Subscription Economy\u2122 Experte zu werden?<\/p>\n\t\t\t\t\t\t\t\t<\/div>\n\t\t\t\t<\/div>\n\t\t\t\t\t<\/div>\n\t\t<\/div>\n\t\t\t\t<div class=\"elementor-column elementor-col-50 elementor-top-column elementor-element elementor-element-2af97ce elementor-hidden-tablet elementor-hidden-phone\" data-id=\"2af97ce\" data-element_type=\"column\" data-e-type=\"column\">\n\t\t\t<div class=\"elementor-widget-wrap elementor-element-populated\">\n\t\t\t\t\t\t<div class=\"elementor-element elementor-element-390f079 elementor-widget elementor-widget-image\" data-id=\"390f079\" data-element_type=\"widget\" data-e-type=\"widget\" data-widget_type=\"image.default\">\n\t\t\t\t<div class=\"elementor-widget-container\">\n\t\t\t\t\t\t\t\t\t\t\t\t\t\t\t<img fetchpriority=\"high\" decoding=\"async\" width=\"800\" height=\"744\" src=\"https:\/\/www.zuora.com\/wp-content\/uploads\/2023\/02\/hero-training-signup.png\" class=\"attachment-large size-large wp-image-205631\" alt=\"\" srcset=\"https:\/\/www.zuora.com\/wp-content\/uploads\/2023\/02\/hero-training-signup.png 897w, https:\/\/www.zuora.com\/wp-content\/uploads\/2023\/02\/hero-training-signup-640x595.png 640w, https:\/\/www.zuora.com\/wp-content\/uploads\/2023\/02\/hero-training-signup-768x714.png 768w\" sizes=\"(max-width: 800px) 100vw, 800px\" \/>\t\t\t\t\t\t\t\t\t\t\t\t\t\t\t<\/div>\n\t\t\t\t<\/div>\n\t\t\t\t\t<\/div>\n\t\t<\/div>\n\t\t\t\t\t<\/div>\n\t\t<\/section>\n\t\t\t\t<section data-particle_enable=\"false\" data-particle-mobile-disabled=\"false\" class=\"elementor-section elementor-top-section elementor-element elementor-element-3812d86 elementor-section-stretched elementor-section-boxed elementor-section-height-default elementor-section-height-default\" data-id=\"3812d86\" data-element_type=\"section\" data-e-type=\"section\" data-settings=\"{&quot;stretch_section&quot;:&quot;section-stretched&quot;,&quot;background_background&quot;:&quot;classic&quot;}\">\n\t\t\t\t\t\t<div class=\"elementor-container elementor-column-gap-default\">\n\t\t\t\t\t<div class=\"elementor-column elementor-col-50 elementor-top-column elementor-element elementor-element-355e927 demo-description\" data-id=\"355e927\" data-element_type=\"column\" data-e-type=\"column\" data-settings=\"{&quot;background_background&quot;:&quot;classic&quot;}\">\n\t\t\t<div class=\"elementor-widget-wrap elementor-element-populated\">\n\t\t\t\t\t\t<div class=\"elementor-element elementor-element-b9d0e76 elementor-widget-mobile__width-inherit elementor-widget__width-initial elementor-widget elementor-widget-heading\" data-id=\"b9d0e76\" data-element_type=\"widget\" data-e-type=\"widget\" data-widget_type=\"heading.default\">\n\t\t\t\t<div class=\"elementor-widget-container\">\n\t\t\t\t\t<h2 class=\"elementor-heading-title elementor-size-default\">F\u00fcllen Sie dieses Formular aus, um mit einem Experten zum Thema Zuora-Schulung zu sprechen.<\/h2>\t\t\t\t<\/div>\n\t\t\t\t<\/div>\n\t\t\t\t<div class=\"elementor-element elementor-element-df953ca elementor-widget elementor-widget-text-editor\" data-id=\"df953ca\" data-element_type=\"widget\" data-e-type=\"widget\" data-widget_type=\"text-editor.default\">\n\t\t\t\t<div class=\"elementor-widget-container\">\n\t\t\t\t\t\t\t\t\t<p>Danke, dass Sie Interesse daran haben, ein Upgrade auf ein Zuora University-Abo durchzuf\u00fchren. Bitte f\u00fcllen Sie das Formular mit Ihren Daten aus. Wir kontaktieren Sie so bald wie m\u00f6glich mit weiteren Details.<\/p>\n<p>Mit einem Zuora University-Abonnement erhalten Sie Zugriff auf ausf\u00fchrliche Schulungen, damit Sie bestm\u00f6glich von Zuora profitieren k\u00f6nnen.\u00a0<\/p>\n\t\t\t\t\t\t\t\t<\/div>\n\t\t\t\t<\/div>\n\t\t\t\t<div class=\"elementor-element elementor-element-829723f elementor-widget-mobile__width-inherit elementor-widget__width-initial elementor-widget elementor-widget-heading\" data-id=\"829723f\" data-element_type=\"widget\" data-e-type=\"widget\" data-widget_type=\"heading.default\">\n\t\t\t\t<div class=\"elementor-widget-container\">\n\t\t\t\t\t<h2 class=\"elementor-heading-title elementor-size-default\">Vorteile f\u00fcr Mitglieder<\/h2>\t\t\t\t<\/div>\n\t\t\t\t<\/div>\n\t\t\t\t<div class=\"elementor-element elementor-element-810c1dc elementor-widget-tablet__width-initial elementor-widget-mobile__width-initial elementor-widget__width-initial elementor-icon-list--layout-traditional elementor-list-item-link-full_width elementor-widget elementor-widget-icon-list\" data-id=\"810c1dc\" data-element_type=\"widget\" data-e-type=\"widget\" data-widget_type=\"icon-list.default\">\n\t\t\t\t<div class=\"elementor-widget-container\">\n\t\t\t\t\t\t\t<ul class=\"elementor-icon-list-items\">\n\t\t\t\t\t\t\t<li class=\"elementor-icon-list-item\">\n\t\t\t\t\t\t\t\t\t\t\t<span class=\"elementor-icon-list-icon\">\n\t\t\t\t\t\t\t<i aria-hidden=\"true\" class=\"fas fa-circle\"><\/i>\t\t\t\t\t\t<\/span>\n\t\t\t\t\t\t\t\t\t\t<span class=\"elementor-icon-list-text\">Unser gesamter virtuelle Live-Unterricht (VLC). Dieser Unterricht wird von unseren technischen Trainern durchgef\u00fchrt und erm\u00f6glichen es Ihnen, in einer interaktiven Klassenzimmerumgebung zu lernen. (Sie k\u00f6nnen auch Live-Unterricht zu bestimmten Themen anfragen.) <\/span>\n\t\t\t\t\t\t\t\t\t<\/li>\n\t\t\t\t\t\t\t\t<li class=\"elementor-icon-list-item\">\n\t\t\t\t\t\t\t\t\t\t\t<span class=\"elementor-icon-list-icon\">\n\t\t\t\t\t\t\t<i aria-hidden=\"true\" class=\"fas fa-circle\"><\/i>\t\t\t\t\t\t<\/span>\n\t\t\t\t\t\t\t\t\t\t<span class=\"elementor-icon-list-text\">Unsere Kurse f\u00fcr Implementierer Zuora Billing und Zuora Revenue<\/span>\n\t\t\t\t\t\t\t\t\t<\/li>\n\t\t\t\t\t\t\t\t<li class=\"elementor-icon-list-item\">\n\t\t\t\t\t\t\t\t\t\t\t<span class=\"elementor-icon-list-icon\">\n\t\t\t\t\t\t\t<i aria-hidden=\"true\" class=\"fas fa-circle\"><\/i>\t\t\t\t\t\t<\/span>\n\t\t\t\t\t\t\t\t\t\t<span class=\"elementor-icon-list-text\">Unsere Zertifikatspr\u00fcfungen. Neben funktionsorientierten Badges k\u00f6nnen Sie auch Implementierer-Zertifikate erhalten, sollten Sie Interesse daran haben, Ihre Kenntnisse auf das n\u00e4chste Level zu bringen.<\/span>\n\t\t\t\t\t\t\t\t\t<\/li>\n\t\t\t\t\t\t\t\t<li class=\"elementor-icon-list-item\">\n\t\t\t\t\t\t\t\t\t\t\t<span class=\"elementor-icon-list-icon\">\n\t\t\t\t\t\t\t<i aria-hidden=\"true\" class=\"fas fa-circle\"><\/i>\t\t\t\t\t\t<\/span>\n\t\t\t\t\t\t\t\t\t\t<span class=\"elementor-icon-list-text\">Eine Trainings-Sandbox, die als perfekte praktische Umgebung dient, w\u00e4hrend Sie mehr \u00fcber unsere Produkte erfahren, um die neuesten Produktfunktionen zu entdecken, sobald sie ver\u00f6ffentlicht werden.<\/span>\n\t\t\t\t\t\t\t\t\t<\/li>\n\t\t\t\t\t\t<\/ul>\n\t\t\t\t\t\t<\/div>\n\t\t\t\t<\/div>\n\t\t\t\t<div class=\"elementor-element elementor-element-68a5366 elementor-widget__width-initial elementor-widget elementor-widget-text-editor\" data-id=\"68a5366\" data-element_type=\"widget\" data-e-type=\"widget\" data-widget_type=\"text-editor.default\">\n\t\t\t\t<div class=\"elementor-widget-container\">\n\t\t\t\t\t\t\t\t\t<p>Sind Sie bereits Zuora University-Benutzer, kontaktieren Sie uns bitte unter <a href=\"mailto:training@zuora.com\">training@zuora.com<\/a>.<\/p>\n\t\t\t\t\t\t\t\t<\/div>\n\t\t\t\t<\/div>\n\t\t\t\t<div class=\"elementor-element elementor-element-044904c elementor-widget-mobile__width-inherit elementor-widget elementor-widget-heading\" data-id=\"044904c\" data-element_type=\"widget\" data-e-type=\"widget\" data-widget_type=\"heading.default\">\n\t\t\t\t<div class=\"elementor-widget-container\">\n\t\t\t\t\t<h3 class=\"elementor-heading-title elementor-size-default\">Die weltweit innovativsten Unternehmen erschaffen, f\u00fchren und wachsen mit Zuora.<\/h3>\t\t\t\t<\/div>\n\t\t\t\t<\/div>\n\t\t\t\t<section data-particle_enable=\"false\" data-particle-mobile-disabled=\"false\" class=\"elementor-section elementor-inner-section elementor-element elementor-element-1e274c2 elementor-section-boxed elementor-section-height-default elementor-section-height-default\" data-id=\"1e274c2\" data-element_type=\"section\" data-e-type=\"section\">\n\t\t\t\t\t\t<div class=\"elementor-container elementor-column-gap-default\">\n\t\t\t\t\t<div class=\"elementor-column elementor-col-25 elementor-inner-column elementor-element elementor-element-9f64d70\" data-id=\"9f64d70\" data-element_type=\"column\" data-e-type=\"column\">\n\t\t\t<div class=\"elementor-widget-wrap elementor-element-populated\">\n\t\t\t\t\t\t<div class=\"elementor-element elementor-element-d40898a elementor-widget elementor-widget-image\" data-id=\"d40898a\" data-element_type=\"widget\" data-e-type=\"widget\" data-widget_type=\"image.default\">\n\t\t\t\t<div class=\"elementor-widget-container\">\n\t\t\t\t\t\t\t\t\t\t\t\t\t\t\t<img decoding=\"async\" width=\"800\" height=\"800\" src=\"https:\/\/www.zuora.com\/wp-content\/uploads\/2021\/08\/Customer-Microsoft.svg\" class=\"attachment-large size-large wp-image-181596\" alt=\"\" \/>\t\t\t\t\t\t\t\t\t\t\t\t\t\t\t<\/div>\n\t\t\t\t<\/div>\n\t\t\t\t\t<\/div>\n\t\t<\/div>\n\t\t\t\t<div class=\"elementor-column elementor-col-25 elementor-inner-column elementor-element elementor-element-4edb200\" data-id=\"4edb200\" data-element_type=\"column\" data-e-type=\"column\">\n\t\t\t<div class=\"elementor-widget-wrap elementor-element-populated\">\n\t\t\t\t\t\t<div class=\"elementor-element elementor-element-96df6e1 elementor-widget elementor-widget-image\" data-id=\"96df6e1\" data-element_type=\"widget\" data-e-type=\"widget\" data-widget_type=\"image.default\">\n\t\t\t\t<div class=\"elementor-widget-container\">\n\t\t\t\t\t\t\t\t\t\t\t\t\t\t\t<img decoding=\"async\" width=\"800\" height=\"800\" src=\"https:\/\/www.zuora.com\/wp-content\/uploads\/2021\/09\/zds_Customer-GM.svg\" class=\"attachment-large size-large wp-image-182226\" alt=\"\" \/>\t\t\t\t\t\t\t\t\t\t\t\t\t\t\t<\/div>\n\t\t\t\t<\/div>\n\t\t\t\t\t<\/div>\n\t\t<\/div>\n\t\t\t\t<div class=\"elementor-column elementor-col-25 elementor-inner-column elementor-element elementor-element-4c7ad32\" data-id=\"4c7ad32\" data-element_type=\"column\" data-e-type=\"column\">\n\t\t\t<div class=\"elementor-widget-wrap elementor-element-populated\">\n\t\t\t\t\t\t<div class=\"elementor-element elementor-element-9d28fc8 elementor-widget elementor-widget-image\" data-id=\"9d28fc8\" data-element_type=\"widget\" data-e-type=\"widget\" data-widget_type=\"image.default\">\n\t\t\t\t<div class=\"elementor-widget-container\">\n\t\t\t\t\t\t\t\t\t\t\t\t\t\t\t<img loading=\"lazy\" decoding=\"async\" width=\"800\" height=\"800\" src=\"https:\/\/www.zuora.com\/wp-content\/uploads\/2022\/04\/zds_Customer-Sony.svg\" class=\"attachment-large size-large wp-image-185373\" alt=\"\" \/>\t\t\t\t\t\t\t\t\t\t\t\t\t\t\t<\/div>\n\t\t\t\t<\/div>\n\t\t\t\t\t<\/div>\n\t\t<\/div>\n\t\t\t\t<div class=\"elementor-column elementor-col-25 elementor-inner-column elementor-element elementor-element-4db48f3\" data-id=\"4db48f3\" data-element_type=\"column\" data-e-type=\"column\">\n\t\t\t<div class=\"elementor-widget-wrap elementor-element-populated\">\n\t\t\t\t\t\t<div class=\"elementor-element elementor-element-d71d540 elementor-widget elementor-widget-image\" data-id=\"d71d540\" data-element_type=\"widget\" data-e-type=\"widget\" data-widget_type=\"image.default\">\n\t\t\t\t<div class=\"elementor-widget-container\">\n\t\t\t\t\t\t\t\t\t\t\t\t\t\t\t<img loading=\"lazy\" decoding=\"async\" width=\"800\" height=\"800\" src=\"https:\/\/www.zuora.com\/wp-content\/uploads\/2021\/09\/zds_Customer-Ford.svg\" class=\"attachment-large size-large wp-image-182116\" alt=\"\" \/>\t\t\t\t\t\t\t\t\t\t\t\t\t\t\t<\/div>\n\t\t\t\t<\/div>\n\t\t\t\t\t<\/div>\n\t\t<\/div>\n\t\t\t\t\t<\/div>\n\t\t<\/section>\n\t\t\t\t<section data-particle_enable=\"false\" data-particle-mobile-disabled=\"false\" class=\"elementor-section elementor-inner-section elementor-element elementor-element-f3ad2ed elementor-section-boxed elementor-section-height-default elementor-section-height-default\" data-id=\"f3ad2ed\" data-element_type=\"section\" data-e-type=\"section\">\n\t\t\t\t\t\t<div class=\"elementor-container elementor-column-gap-default\">\n\t\t\t\t\t<div class=\"elementor-column elementor-col-25 elementor-inner-column elementor-element elementor-element-1f5a547\" data-id=\"1f5a547\" data-element_type=\"column\" data-e-type=\"column\">\n\t\t\t<div class=\"elementor-widget-wrap elementor-element-populated\">\n\t\t\t\t\t\t<div class=\"elementor-element elementor-element-d317f47 elementor-widget elementor-widget-image\" data-id=\"d317f47\" data-element_type=\"widget\" data-e-type=\"widget\" data-widget_type=\"image.default\">\n\t\t\t\t<div class=\"elementor-widget-container\">\n\t\t\t\t\t\t\t\t\t\t\t\t\t\t\t<img loading=\"lazy\" decoding=\"async\" width=\"800\" height=\"800\" src=\"https:\/\/www.zuora.com\/wp-content\/uploads\/2021\/02\/cat1.svg\" class=\"attachment-large size-large wp-image-179121\" alt=\"\" \/>\t\t\t\t\t\t\t\t\t\t\t\t\t\t\t<\/div>\n\t\t\t\t<\/div>\n\t\t\t\t\t<\/div>\n\t\t<\/div>\n\t\t\t\t<div class=\"elementor-column elementor-col-25 elementor-inner-column elementor-element elementor-element-f4e13a7\" data-id=\"f4e13a7\" data-element_type=\"column\" data-e-type=\"column\">\n\t\t\t<div class=\"elementor-widget-wrap elementor-element-populated\">\n\t\t\t\t\t\t<div class=\"elementor-element elementor-element-1bc30c7 elementor-widget elementor-widget-image\" data-id=\"1bc30c7\" data-element_type=\"widget\" data-e-type=\"widget\" data-widget_type=\"image.default\">\n\t\t\t\t<div class=\"elementor-widget-container\">\n\t\t\t\t\t\t\t\t\t\t\t\t\t\t\t<img loading=\"lazy\" decoding=\"async\" width=\"800\" height=\"800\" src=\"https:\/\/www.zuora.com\/wp-content\/uploads\/2021\/09\/zds_Customer-Honeywell.svg\" class=\"attachment-large size-large wp-image-182181\" alt=\"\" \/>\t\t\t\t\t\t\t\t\t\t\t\t\t\t\t<\/div>\n\t\t\t\t<\/div>\n\t\t\t\t\t<\/div>\n\t\t<\/div>\n\t\t\t\t<div class=\"elementor-column elementor-col-25 elementor-inner-column elementor-element elementor-element-d678ea7\" data-id=\"d678ea7\" data-element_type=\"column\" data-e-type=\"column\">\n\t\t\t<div class=\"elementor-widget-wrap elementor-element-populated\">\n\t\t\t\t\t\t<div class=\"elementor-element elementor-element-65be5f5 elementor-widget elementor-widget-image\" data-id=\"65be5f5\" data-element_type=\"widget\" data-e-type=\"widget\" data-widget_type=\"image.default\">\n\t\t\t\t<div class=\"elementor-widget-container\">\n\t\t\t\t\t\t\t\t\t\t\t\t\t\t\t<img loading=\"lazy\" decoding=\"async\" width=\"800\" height=\"800\" src=\"https:\/\/www.zuora.com\/wp-content\/uploads\/2021\/08\/Customer-Zoom.svg\" class=\"attachment-large size-large wp-image-181605\" alt=\"\" \/>\t\t\t\t\t\t\t\t\t\t\t\t\t\t\t<\/div>\n\t\t\t\t<\/div>\n\t\t\t\t\t<\/div>\n\t\t<\/div>\n\t\t\t\t<div class=\"elementor-column elementor-col-25 elementor-inner-column elementor-element elementor-element-1119a54\" data-id=\"1119a54\" data-element_type=\"column\" data-e-type=\"column\">\n\t\t\t<div class=\"elementor-widget-wrap elementor-element-populated\">\n\t\t\t\t\t\t<div class=\"elementor-element elementor-element-5450724 elementor-widget elementor-widget-image\" data-id=\"5450724\" data-element_type=\"widget\" data-e-type=\"widget\" data-widget_type=\"image.default\">\n\t\t\t\t<div class=\"elementor-widget-container\">\n\t\t\t\t\t\t\t\t\t\t\t\t\t\t\t<img loading=\"lazy\" decoding=\"async\" width=\"800\" height=\"800\" src=\"https:\/\/www.zuora.com\/wp-content\/uploads\/2022\/04\/zds_Customer-Canon.svg\" class=\"attachment-large size-large wp-image-185415\" alt=\"\" \/>\t\t\t\t\t\t\t\t\t\t\t\t\t\t\t<\/div>\n\t\t\t\t<\/div>\n\t\t\t\t\t<\/div>\n\t\t<\/div>\n\t\t\t\t\t<\/div>\n\t\t<\/section>\n\t\t\t\t\t<\/div>\n\t\t<\/div>\n\t\t\t\t<div class=\"elementor-column elementor-col-50 elementor-top-column elementor-element elementor-element-c31c6d0 watch-demo\" data-id=\"c31c6d0\" data-element_type=\"column\" data-e-type=\"column\" data-settings=\"{&quot;background_background&quot;:&quot;classic&quot;}\">\n\t\t\t<div class=\"elementor-widget-wrap elementor-element-populated\">\n\t\t\t\t\t\t<section data-particle_enable=\"false\" data-particle-mobile-disabled=\"false\" class=\"elementor-section elementor-inner-section elementor-element elementor-element-0202052 elementor-section-boxed elementor-section-height-default elementor-section-height-default\" data-id=\"0202052\" data-element_type=\"section\" data-e-type=\"section\" data-settings=\"{&quot;background_background&quot;:&quot;classic&quot;}\">\n\t\t\t\t\t\t<div class=\"elementor-container elementor-column-gap-default\">\n\t\t\t\t\t<div class=\"elementor-column elementor-col-100 elementor-inner-column elementor-element elementor-element-55166b2 col-watch\" data-id=\"55166b2\" data-element_type=\"column\" data-e-type=\"column\" data-settings=\"{&quot;background_background&quot;:&quot;classic&quot;}\">\n\t\t\t<div class=\"elementor-widget-wrap elementor-element-populated\">\n\t\t\t\t\t\t<div class=\"elementor-element elementor-element-ae4dddf elementor-widget-mobile__width-inherit elementor-widget elementor-widget-heading\" data-id=\"ae4dddf\" data-element_type=\"widget\" data-e-type=\"widget\" data-widget_type=\"heading.default\">\n\t\t\t\t<div class=\"elementor-widget-container\">\n\t\t\t\t\t<h2 class=\"elementor-heading-title elementor-size-default\">Treten Sie noch heute bei!<\/h2>\t\t\t\t<\/div>\n\t\t\t\t<\/div>\n\t\t\t\t<div class=\"elementor-element elementor-element-e7c25c3 elementor-widget elementor-widget-z-marketo-form2\" data-id=\"e7c25c3\" data-element_type=\"widget\" data-e-type=\"widget\" data-widget_type=\"z-marketo-form2.default\">\n\t\t\t\t<div class=\"elementor-widget-container\">\n\t\t\t\t\t\n<div class=\"container-fluid marketo-form-container MarketoFormContainer\">\n                                    <div class=\"form-wrapper marketo-form \"\n                 style=\"\"\n                 data-marketo_id=\"3016\"\n                 data-is_multistep=\"\"\n                 data-ty_url=\"false\"\n                 data-cid=\"false\"\n                 data-language=\"\"\n                 data-form-style=\"default\"\n                 data-multiple_forms=\"\"\n            >\n                <section class=\"form mkto-form \">\n\n                    <!-- FORM LOGO -->\n                    \n                    <!--\n                        Not ideal, but this is \"clean\" why to override the CSS in Marketo Forms.\n                        @link https:\/\/nation.marketo.com\/t5\/product-discussions\/what-is-the-best-approach-to-overriding-the-css-in-marketo-forms\/td-p\/327302\n                    -->\n                    \n                                        <!-- FORM BODY -->\n                    <form id=\"mktoForm_3016\"\n                          data-button-text=\"\"\n                          class=\"is-noColumns                                default                                has-noBackground                                has-noFormIcons                                has-noButtonCornersChange                                has-noButtonColorChange                                has-noButtonIcon                                has-noButtonDynamicText                                has-noButtonWidthChange\"\n                    >\n                        \n                        \n                        <!-- FORM-FIELDS -->\n                        <span data-anchor><\/span>\n                    <\/form>\n\n                    <!-- MULTI-STEP-CONTROLS -->\n                    \n                                    <\/section>\n\n                \n<section class=\"thankyou hide MarketoForm-thankYouSection\">\n\n    <div class=\"headline\">\n        <h3>Thanks for your response!<\/h3>\n        <h4>We'll get back to shortly.<\/h4>\n    <\/div>\n\n    \n    \n<\/section>\n\n\n\n            <\/div>\n            <\/div>\n\t\t\t\t<\/div>\n\t\t\t\t<\/div>\n\t\t\t\t\t<\/div>\n\t\t<\/div>\n\t\t\t\t\t<\/div>\n\t\t<\/section>\n\t\t\t\t\t<\/div>\n\t\t<\/div>\n\t\t\t\t\t<\/div>\n\t\t<\/section>\n\t\t\t\t<\/div>\n\t\t","protected":false},"excerpt":{"rendered":"<p>Zuora-Schulung abonnieren Bereit, Subscription Economy\u2122 Experte zu werden? F\u00fcllen Sie dieses Formular aus, um mit einem Experten zum Thema Zuora-Schulung zu sprechen. Danke, dass Sie Interesse daran haben, ein Upgrade auf ein Zuora University-Abo durchzuf\u00fchren. Bitte f\u00fcllen Sie das Formular mit Ihren Daten aus. Wir kontaktieren Sie so bald wie m\u00f6glich mit weiteren Details. Mit [&hellip;]<\/p>\n","protected":false},"author":242,"featured_media":0,"parent":0,"menu_order":0,"comment_status":"closed","ping_status":"closed","template":"","meta":{"_acf_changed":false,"footnotes":""},"content_type":[],"industry":[],"persona":[],"product_line":[],"topic":[],"class_list":["post-217655","page","type-page","status-publish","hentry"],"acf":{"smart_filters_taxonomy_filters":"none"},"_links":{"self":[{"href":"https:\/\/www.zuora.com\/de\/wp-json\/wp\/v2\/pages\/217655","targetHints":{"allow":["GET"]}}],"collection":[{"href":"https:\/\/www.zuora.com\/de\/wp-json\/wp\/v2\/pages"}],"about":[{"href":"https:\/\/www.zuora.com\/de\/wp-json\/wp\/v2\/types\/page"}],"author":[{"embeddable":true,"href":"https:\/\/www.zuora.com\/de\/wp-json\/wp\/v2\/users\/242"}],"replies":[{"embeddable":true,"href":"https:\/\/www.zuora.com\/de\/wp-json\/wp\/v2\/comments?post=217655"}],"version-history":[{"count":0,"href":"https:\/\/www.zuora.com\/de\/wp-json\/wp\/v2\/pages\/217655\/revisions"}],"wp:attachment":[{"href":"https:\/\/www.zuora.com\/de\/wp-json\/wp\/v2\/media?parent=217655"}],"wp:term":[{"taxonomy":"content_type","embeddable":true,"href":"https:\/\/www.zuora.com\/de\/wp-json\/wp\/v2\/content_type?post=217655"},{"taxonomy":"industry","embeddable":true,"href":"https:\/\/www.zuora.com\/de\/wp-json\/wp\/v2\/industry?post=217655"},{"taxonomy":"persona","embeddable":true,"href":"https:\/\/www.zuora.com\/de\/wp-json\/wp\/v2\/persona?post=217655"},{"taxonomy":"product_line","embeddable":true,"href":"https:\/\/www.zuora.com\/de\/wp-json\/wp\/v2\/product_line?post=217655"},{"taxonomy":"topic","embeddable":true,"href":"https:\/\/www.zuora.com\/de\/wp-json\/wp\/v2\/topic?post=217655"}],"curies":[{"name":"wp","href":"https:\/\/api.w.org\/{rel}","templated":true}]}}