{"id":195087,"date":"2014-10-13T18:59:53","date_gmt":"2014-10-14T01:59:53","guid":{"rendered":"https:\/\/sboxtest.zuora.com\/terms-conditions\/"},"modified":"2025-10-15T05:06:45","modified_gmt":"2025-10-15T12:06:45","slug":"terms-conditions","status":"publish","type":"page","link":"https:\/\/www.zuora.com\/de\/terms-conditions\/","title":{"rendered":"Terms and Conditions"},"content":{"rendered":"\t\t<div data-elementor-type=\"wp-page\" data-elementor-id=\"195087\" class=\"elementor elementor-195087 elementor-4689\" data-elementor-post-type=\"page\">\n\t\t\t\t\t\t<section data-particle_enable=\"false\" data-particle-mobile-disabled=\"false\" class=\"elementor-section elementor-top-section elementor-element elementor-element-2a1e3005 SL_swap elementor-section-boxed elementor-section-height-default elementor-section-height-default\" data-id=\"2a1e3005\" data-element_type=\"section\" data-e-type=\"section\" id=\"terms-conditions\">\n\t\t\t\t\t\t<div class=\"elementor-container elementor-column-gap-default\">\n\t\t\t\t\t<div class=\"elementor-column elementor-col-100 elementor-top-column elementor-element elementor-element-13f334c\" data-id=\"13f334c\" data-element_type=\"column\" data-e-type=\"column\">\n\t\t\t<div class=\"elementor-widget-wrap elementor-element-populated\">\n\t\t\t\t\t\t<div class=\"elementor-element elementor-element-2d62cbeb elementor-widget elementor-widget-heading\" data-id=\"2d62cbeb\" data-element_type=\"widget\" data-e-type=\"widget\" data-widget_type=\"heading.default\">\n\t\t\t\t<div class=\"elementor-widget-container\">\n\t\t\t\t\t<h2 class=\"elementor-heading-title elementor-size-default\">WEBSITE-BEDINGUNGEN<\/h2>\t\t\t\t<\/div>\n\t\t\t\t<\/div>\n\t\t\t\t<div class=\"elementor-element elementor-element-623551e2 elementor-widget elementor-widget-text-editor\" data-id=\"623551e2\" data-element_type=\"widget\" data-e-type=\"widget\" data-widget_type=\"text-editor.default\">\n\t\t\t\t<div class=\"elementor-widget-container\">\n\t\t\t\t\t\t\t\t\t<p data-start=\"59\" data-end=\"194\">Zuoras Online-Master-Servicevereinbarung ist unter <a class=\"decorated-link\" href=\"https:\/\/www.zuora.com\/de\/about\/legal\/\" target=\"_new\" rel=\"noopener\" data-start=\"110\" data-end=\"182\">https:\/\/www.zuora.com\/about\/legal\/<\/a> abrufbar.<\/p><br><p data-start=\"196\" data-end=\"591\">Zuora, Inc. und ihre verbundenen Unternehmen (\u201eZuora\u201c) verlangen, dass alle Besucher dieser Website (\u201edie Website\u201c) die folgenden Nutzungsbedingungen (\u201eBedingungen\u201c) einhalten. Durch den Zugriff auf die Website, das Durchsuchen oder die Nutzung der Website erkennen Sie diese Bedingungen an und erkl\u00e4ren sich mit ihnen einverstanden. In diesen Bedingungen werden Sie als \u201eBenutzer\u201c bezeichnet.<\/p><br><br><br><hr data-start=\"593\" data-end=\"596\" \/><br><br><h3 data-start=\"598\" data-end=\"628\">GESETZE UND VORSCHRIFTEN<\/h3><br><p data-start=\"629\" data-end=\"807\">Der Zugriff des Benutzers auf die Website und deren Nutzung unterliegen allen anwendbaren internationalen, bundesstaatlichen, staatlichen und lokalen Gesetzen und Vorschriften.<\/p><br><br><br><hr data-start=\"809\" data-end=\"812\" \/><br><br><h3 data-start=\"814\" data-end=\"848\">URHEBERRECHT \/ MARKENZEICHEN<\/h3><br><p data-start=\"849\" data-end=\"1158\">Die \u00fcber die Website verf\u00fcgbaren Informationen und Inhalte, einschlie\u00dflich aller auf oder \u00fcber die Website verf\u00fcgbaren Softwareprogramme (zusammen \u201eInhalte\u201c), sind durch Urheberrechts- und geistige Eigentumsrechte in den Vereinigten Staaten und anderen L\u00e4ndern sowie durch internationale Vertr\u00e4ge gesch\u00fctzt.<\/p><br><p data-start=\"1160\" data-end=\"1438\">Benutzern ist es untersagt, Inhalte der Website f\u00fcr kommerzielle oder \u00f6ffentliche Zwecke zu ver\u00e4ndern, zu kopieren, zu verbreiten, zu \u00fcbertragen, anzuzeigen, zu ver\u00f6ffentlichen, zu verkaufen, zu lizenzieren, abgeleitete Werke zu erstellen oder in sonstiger Weise zu verwenden.<\/p><br><p data-start=\"1440\" data-end=\"1795\">Alle auf der Website angezeigten Marken, Logos und Dienstleistungsmarken (\u201eMarken\u201c) sind Eigentum von Zuora oder der jeweiligen Rechteinhaber. Benutzern ist es untersagt, Marken f\u00fcr irgendeinen Zweck \u2013 einschlie\u00dflich der Verwendung als Metatags auf anderen Websites \u2013 ohne schriftliche Genehmigung von Zuora oder des jeweiligen Rechteinhabers zu nutzen.<\/p><br><p data-start=\"1797\" data-end=\"2303\">Zuora beh\u00e4lt sich alle Rechte an seinen Marken, Dienstleistungsmarken und Logos vor, die zusammen mit den Marken, Dienstleistungsmarken und Logos der Tochtergesellschaften von Zuora als \u201eZuora-Marken\u201c bezeichnet werden. Die Nutzung der Zuora-Marken ist ausschlie\u00dflich \u00fcber eine formelle schriftliche Vereinbarung gestattet. Sofern eine solche Vereinbarung nichts anderes vorsieht, hat die Nutzung im Einklang mit den von Zuora bereitgestellten und von Zeit zu Zeit aktualisierten Richtlinien zu erfolgen.<\/p><br><p data-start=\"2305\" data-end=\"2356\">\u00a9 2007\u2013heute Zuora, Inc. Alle Rechte vorbehalten.<\/p><br><br><br><hr data-start=\"2358\" data-end=\"2361\" \/><br><br><h3 data-start=\"2363\" data-end=\"2375\">INHALT<\/h3><br><p data-start=\"2376\" data-end=\"2738\">Der Zugriff auf passwortgesch\u00fctzte und sichere Bereiche der Website sowie die Nutzung der dort oder anderweitig \u00fcber die Website bereitgestellten Inhalte ist ausschlie\u00dflich autorisierten Benutzern vorbehalten. Diese Bereiche k\u00f6nnen vertrauliche Informationen von Zuora enthalten. Eine unbefugte Nutzung oder Weitergabe dieser Inhalte ist strengstens untersagt.<\/p><br><p data-start=\"2740\" data-end=\"3169\">Benutzer unterliegen allen geltenden Vertraulichkeitsbestimmungen in Bezug auf vertrauliche Informationen von Zuora. Soweit Zuora Software zum Download von der Website anbietet (\u201eSoftware\u201c), ist diese durch die entsprechenden Urheberrechte, Patente oder sonstigen Schutzrechte von Zuora oder Dritten gesch\u00fctzt. Die Nutzung der Software unterliegt den Bedingungen der jeweiligen Endbenutzer- oder Open-Source-Lizenzvereinbarung.<\/p><br><p data-start=\"3171\" data-end=\"3478\">Alle Evaluierungssoftware wird \u201eWIE BESEHEN\u201c ausschlie\u00dflich zu Test- und internen Zwecken bereitgestellt. Die Nutzung zu kommerziellen, Entwicklungs- oder Produktionszwecken ist untersagt. Evaluierungssoftware kann zudem zeitlich beschr\u00e4nkt sein und nach einem bestimmten Zeitraum die Funktion einstellen.<\/p><br><br><br><hr data-start=\"3480\" data-end=\"3483\" \/><br><br><h3 data-start=\"3485\" data-end=\"3501\">HYPERLINKS<\/h3><br><p data-start=\"3502\" data-end=\"3812\">DIESE WEBSITE KANN LINKS ZU ANDEREN WEBSITES ENTHALTEN (\u201eVERLINKTE WEBSITES\u201c). ZUORA HAT KEINE KONTROLLE \u00dcBER SOLCHE VERLINKTEN WEBSITES UND \u00dcBERNIMMT KEINE GEW\u00c4HR F\u00dcR DIE RICHTIGKEIT ODER ZUVERL\u00c4SSIGKEIT VON INFORMATIONEN, DATEN, MEINUNGEN, RATEN ODER AUSSAGEN, DIE AUF SOLCHEN SEITEN BEREITGESTELLT WERDEN.<\/p><br><p data-start=\"3814\" data-end=\"3982\">DIE BEREITSTELLUNG EINES LINKS STELLT KEINE BILLIGUNG, GENEHMIGUNG, SPONSORING ODER PARTNERSCHAFT ZWISCHEN ZUORA UND DER VERLINKTEN WEBSITE ODER DEREN BETREIBERN DAR.<\/p><br><p data-start=\"3984\" data-end=\"4103\">BENUTZER SOLLTEN DIE RISIKEN DER NUTZUNG VON INFORMATIONEN IM INTERNET VERSTEHEN, BEVOR SIE SICH AUF DIESE VERLASSEN.<\/p><br><br><br><hr data-start=\"4105\" data-end=\"4108\" \/><br><br><h3 data-start=\"4110\" data-end=\"4140\">VERLINKTE INTERNETSEITEN<\/h3><br><p data-start=\"4141\" data-end=\"4400\">Zuora untersagt das Caching, unautorisierte Hyperlinks und das Framing von Inhalten dieser Website. Zuora beh\u00e4lt sich das Recht vor, unautorisierte Links oder Frames zu deaktivieren, und \u00fcbernimmt keine Verantwortung f\u00fcr Inhalte anderer verlinkter Websites.<\/p><br><p data-start=\"4402\" data-end=\"4643\">Der Zugriff auf solche verlinkten Seiten erfolgt auf eigenes Risiko des Benutzers. Solche Websites k\u00f6nnen eigene Datenschutz-, Vertraulichkeits- oder Daten\u00fcbertragungsbestimmungen enthalten, f\u00fcr die Zuora keinerlei Verantwortung \u00fcbernimmt.<\/p><br><br><br><hr data-start=\"4645\" data-end=\"4648\" \/><br><br><h3 data-start=\"4650\" data-end=\"4676\">KEINE GEW\u00c4HRLEISTUNG<\/h3><br><p data-start=\"4677\" data-end=\"4933\">Die Informationen auf der Website werden ohne Garantie auf Richtigkeit, Aktualit\u00e4t oder Vollst\u00e4ndigkeit bereitgestellt und k\u00f6nnen technische Ungenauigkeiten oder Tippfehler enthalten. Zuora \u00fcbernimmt keine Verpflichtung zur Aktualisierung oder Korrektur.<\/p><br><p data-start=\"4935\" data-end=\"5289\">DIE WEBSITE UND ALLE DARAUF ENTHALTENEN INHALTE WERDEN \u201eWIE BESEHEN\u201c OHNE JEGLICHE AUSDR\u00dcCKLICHE ODER STILLSCHWEIGENDE GEW\u00c4HRLEISTUNG BEREITGESTELLT, EINSCHLIESSLICH, ABER NICHT BESCHR\u00c4NKT AUF DIE GEW\u00c4HRLEISTUNGEN DER MARKTG\u00c4NGIGKEIT, EIGNUNG F\u00dcR EINEN BESTIMMTEN ZWECK, EIGENTUMSRECHTE, NICHTVERLETZUNG VON RECHTEN DRITTER, SICHERHEIT UND GENAUIGKEIT.<\/p><br><p data-start=\"5291\" data-end=\"5440\">Zuora gibt keine Zusicherung, dass die Website den Anforderungen des Benutzers entspricht oder ununterbrochen, sicher oder fehlerfrei funktioniert.<\/p><br><br><br><hr data-start=\"5442\" data-end=\"5445\" \/><br><br><h3 data-start=\"5447\" data-end=\"5473\">HAFTUNGSBESCHR\u00c4NKUNG<\/h3><br><p data-start=\"5474\" data-end=\"5942\">IN KEINEM FALL HAFTET ZUORA GEGEN\u00dcBER IRGENDEINER PARTEI F\u00dcR<br data-start=\"5534\" data-end=\"5537\" \/>(A) INDIREKTE, ZUF\u00c4LLIGE, SPEZIELLE, STRAFENDE, EXEMPLARISCHE ODER FOLGESCH\u00c4DEN ODER<br data-start=\"5621\" data-end=\"5624\" \/>(B) SCH\u00c4DEN, DIE USD 100,00 \u00dcBERSTEIGEN \u2013 EINSCHLIESSLICH ENTGANGENER GEWINNE, GESCH\u00c4FTSUNTERBRECHUNG, DATEN- ODER PROGRAMMVERLUST \u2013,<br data-start=\"5757\" data-end=\"5760\" \/>UNABH\u00c4NGIG VOM KLAGEGRUND (VERTRAG, DELIKT, FAHRL\u00c4SSIGKEIT, STRIKTE HAFTUNG ODER SONSTIGE RECHTSGRUNDLAGE), SELBST WENN ZUORA \u00dcBER DIE M\u00d6GLICHKEIT SOLCHER SCH\u00c4DEN INFORMIERT WURDE.<\/p><br><br><br><hr data-start=\"5944\" data-end=\"5947\" \/><br><br><h3 data-start=\"5949\" data-end=\"5966\">DATENSCHUTZ<\/h3><br><p data-start=\"5967\" data-end=\"6125\">Informationen \u00fcber Zuoras Datenschutz- und Sicherheitspraktiken im Zusammenhang mit dem Besuch der Website finden Sie in der <a href=\"https:\/\/www.zuora.com\/de\/privacy-statement\/\"><strong data-start=\"6092\" data-end=\"6122\">Zuora-Datenschutzerkl\u00e4rung<\/strong>.<\/a><\/p><br><br><br><hr data-start=\"6127\" data-end=\"6130\" \/><br><br><h3 data-start=\"6132\" data-end=\"6156\">PRESSEMITTEILUNGEN<\/h3><br><p data-start=\"6157\" data-end=\"6502\">Alle auf der Website enthaltenen Pressemitteilungen und sonstigen Materialien waren zum Zeitpunkt ihrer Ver\u00f6ffentlichung nach bestem Wissen von Zuora korrekt. Mit der Zeit k\u00f6nnen Informationen jedoch veralten. Benutzer sollten daher das Ver\u00f6ffentlichungsdatum pr\u00fcfen. Zuora \u00fcbernimmt keine Verpflichtung zur Aktualisierung solcher Materialien.<\/p><br><br><br><hr data-start=\"6504\" data-end=\"6507\" \/><br><br><h3 data-start=\"6509\" data-end=\"6542\">ELEKTRONISCHE KOMMUNIKATION<\/h3><br><p data-start=\"6543\" data-end=\"6847\">Wenn Benutzer die Website besuchen oder Zuora E-Mails senden, kommunizieren sie elektronisch. Zuora kann auf elektronischem Weg (per E-Mail oder Website-Benachrichtigung) antworten. Benutzer erkl\u00e4ren sich damit einverstanden, dass solche Mitteilungen den gesetzlichen Schriftformerfordernissen gen\u00fcgen.<\/p><br><br><br><hr data-start=\"6849\" data-end=\"6852\" \/><br><br><h3 data-start=\"6854\" data-end=\"6886\">\u00c4NDERUNGEN DER BEDINGUNGEN<\/h3><br><p data-start=\"6887\" data-end=\"7076\">Zuora beh\u00e4lt sich das Recht vor, diese Bedingungen jederzeit zu \u00e4ndern. \u00c4nderungen werden durch Aktualisierung des Datums nach \u201eInkrafttretungsdatum\u201c am Ende dieser Bedingungen angezeigt.<\/p><br><br><br><hr data-start=\"7078\" data-end=\"7081\" \/><br><br><h3 data-start=\"7083\" data-end=\"7120\">VERST\u00d6SSE GEGEN DIE BEDINGUNGEN<\/h3><br><p data-start=\"7121\" data-end=\"7283\">Zuora beh\u00e4lt sich das Recht vor, alle gesetzlichen und angemessenen Ma\u00dfnahmen zu ergreifen, einschlie\u00dflich der Sperrung des Zugriffs von bestimmten IP-Adressen.<\/p><br><p data-start=\"7285\" data-end=\"7458\">Unterbleibt die Durchsetzung einer Bestimmung, gilt dies nicht als Verzicht. Sollte eine Bestimmung als ung\u00fcltig erkl\u00e4rt werden, bleiben die \u00fcbrigen Bestimmungen in Kraft.<\/p><br><p data-start=\"7460\" data-end=\"7543\">Diese Bedingungen gelten weiterhin, auch nach Beendigung der Nutzung der Website.<\/p><br><br><br><hr data-start=\"7545\" data-end=\"7548\" \/><br><br><h3 data-start=\"7550\" data-end=\"7568\">FREISTELLUNG<\/h3><br><p data-start=\"7569\" data-end=\"7895\">Der Benutzer verpflichtet sich, Zuora, deren Tochtergesellschaften, F\u00fchrungskr\u00e4fte, Direktoren, Mitarbeiter und Vertreter von s\u00e4mtlichen Anspr\u00fcchen, Verlusten, Sch\u00e4den und Kosten (einschlie\u00dflich angemessener Anwaltsgeb\u00fchren) freizustellen, die sich aus der Nutzung der Website oder der Verletzung dieser Bedingungen ergeben.<\/p><br><p data-start=\"7897\" data-end=\"8082\">Zuora beh\u00e4lt sich das Recht vor, die alleinige Verteidigung solcher Anspr\u00fcche zu \u00fcbernehmen. In diesem Fall verpflichtet sich der Benutzer, Zuora bei der Verteidigung zu unterst\u00fctzen.<\/p><br><br><br><hr data-start=\"8084\" data-end=\"8087\" \/><br><br><h3 data-start=\"8089\" data-end=\"8126\">ZUGANG ZU GESICHERTEN BEREICHEN<\/h3><br><p data-start=\"8127\" data-end=\"8420\">Der Zugriff auf passwortgesch\u00fctzte oder sichere Bereiche der Website ist ausschlie\u00dflich autorisierten Benutzern gestattet. Unbefugte Zugriffsversuche k\u00f6nnen strafrechtlich verfolgt werden. Benutzer sind verpflichtet, Passw\u00f6rter vertraulich zu behandeln und Sicherheitsverletzungen zu melden.<\/p><br><br><br><hr data-start=\"8422\" data-end=\"8425\" \/><br><br><h3 data-start=\"8427\" data-end=\"8466\">GERICHTSSTAND \/ ANWENDBARES RECHT<\/h3><br><p data-start=\"8467\" data-end=\"8635\">Die Nutzung dieser Website unterliegt den Gesetzen des US-Bundesstaates Kalifornien sowie dem geltenden US-Bundesrecht, ungeachtet kollisionsrechtlicher Bestimmungen.<\/p><br><p data-start=\"8637\" data-end=\"8789\">Sollte eine Haftungsbeschr\u00e4nkung oder Gew\u00e4hrleistungsausschluss nach geltendem Recht nicht zul\u00e4ssig sein, gilt der gesetzlich zul\u00e4ssige Mindestumfang.<\/p><br><p data-start=\"8791\" data-end=\"8829\"><strong data-start=\"8791\" data-end=\"8827\">Inkrafttretungsdatum: 13.03.2023<\/strong><\/p>\t\t\t\t\t\t\t\t<\/div>\n\t\t\t\t<\/div>\n\t\t\t\t\t<\/div>\n\t\t<\/div>\n\t\t\t\t\t<\/div>\n\t\t<\/section>\n\t\t\t\t<\/div>\n\t\t","protected":false},"excerpt":{"rendered":"<p>WEBSITE-BEDINGUNGEN Zuoras Online-Master-Servicevereinbarung ist unter https:\/\/www.zuora.com\/about\/legal\/ abrufbar. Zuora, Inc. und ihre verbundenen Unternehmen (\u201eZuora\u201c) verlangen, dass alle Besucher dieser Website (\u201edie Website\u201c) die folgenden Nutzungsbedingungen (\u201eBedingungen\u201c) einhalten. Durch den Zugriff auf die Website, das Durchsuchen oder die Nutzung der Website erkennen Sie diese Bedingungen an und erkl\u00e4ren sich mit ihnen einverstanden. In diesen Bedingungen werden [&hellip;]<\/p>\n","protected":false},"author":227,"featured_media":0,"parent":0,"menu_order":0,"comment_status":"open","ping_status":"closed","template":"","meta":{"_acf_changed":false,"footnotes":""},"content_type":[],"industry":[],"persona":[],"product_line":[],"topic":[],"class_list":["post-195087","page","type-page","status-publish","hentry"],"acf":{"smart_filters_taxonomy_filters":"none"},"yoast_head":"<!-- This site is optimized with the Yoast SEO Premium plugin v27.3 (Yoast SEO v27.3) - https:\/\/yoast.com\/product\/yoast-seo-premium-wordpress\/ -->\n<title>Terms and Conditions - Zuora<\/title>\n<meta name=\"robots\" content=\"index, follow, max-snippet:-1, max-image-preview:large, max-video-preview:-1\" \/>\n<link rel=\"canonical\" href=\"https:\/\/www.zuora.com\/de\/terms-conditions\/\" \/>\n<meta property=\"og:locale\" content=\"de_DE\" \/>\n<meta property=\"og:type\" content=\"article\" \/>\n<meta property=\"og:title\" content=\"Terms and Conditions\" \/>\n<meta property=\"og:description\" content=\"WEBSITE-BEDINGUNGEN Zuoras Online-Master-Servicevereinbarung ist unter https:\/\/www.zuora.com\/about\/legal\/ abrufbar. Zuora, Inc. und ihre verbundenen Unternehmen (\u201eZuora\u201c) verlangen, dass alle Besucher dieser Website (\u201edie Website\u201c) die folgenden Nutzungsbedingungen (\u201eBedingungen\u201c) einhalten. Durch den Zugriff auf die Website, das Durchsuchen oder die Nutzung der Website erkennen Sie diese Bedingungen an und erkl\u00e4ren sich mit ihnen einverstanden. In diesen Bedingungen werden [&hellip;]\" \/>\n<meta property=\"og:url\" content=\"https:\/\/www.zuora.com\/de\/terms-conditions\/\" \/>\n<meta property=\"og:site_name\" content=\"Zuora\" \/>\n<meta property=\"article:publisher\" content=\"https:\/\/www.facebook.com\/zuora\" \/>\n<meta property=\"article:modified_time\" content=\"2025-10-15T12:06:45+00:00\" \/>\n<meta name=\"twitter:card\" content=\"summary_large_image\" \/>\n<meta name=\"twitter:site\" content=\"@zuora\" \/>\n<script type=\"application\/ld+json\" class=\"yoast-schema-graph\">{\"@context\":\"https:\\\/\\\/schema.org\",\"@graph\":[{\"@type\":\"WebPage\",\"@id\":\"https:\\\/\\\/www.zuora.com\\\/de\\\/terms-conditions\\\/\",\"url\":\"https:\\\/\\\/www.zuora.com\\\/de\\\/terms-conditions\\\/\",\"name\":\"Terms and Conditions - Zuora\",\"isPartOf\":{\"@id\":\"https:\\\/\\\/www.zuora.com\\\/de\\\/#website\"},\"datePublished\":\"2014-10-14T01:59:53+00:00\",\"dateModified\":\"2025-10-15T12:06:45+00:00\",\"breadcrumb\":{\"@id\":\"https:\\\/\\\/www.zuora.com\\\/de\\\/terms-conditions\\\/#breadcrumb\"},\"inLanguage\":\"de-DE\",\"potentialAction\":[{\"@type\":\"ReadAction\",\"target\":[\"https:\\\/\\\/www.zuora.com\\\/de\\\/terms-conditions\\\/\"]}]},{\"@type\":\"BreadcrumbList\",\"@id\":\"https:\\\/\\\/www.zuora.com\\\/de\\\/terms-conditions\\\/#breadcrumb\",\"itemListElement\":[{\"@type\":\"ListItem\",\"position\":1,\"name\":\"Home\",\"item\":\"https:\\\/\\\/www.zuora.com\\\/de\\\/\"},{\"@type\":\"ListItem\",\"position\":2,\"name\":\"Terms and Conditions\"}]},{\"@type\":\"WebSite\",\"@id\":\"https:\\\/\\\/www.zuora.com\\\/de\\\/#website\",\"url\":\"https:\\\/\\\/www.zuora.com\\\/de\\\/\",\"name\":\"Zuora\",\"description\":\"\",\"publisher\":{\"@id\":\"https:\\\/\\\/www.zuora.com\\\/de\\\/#organization\"},\"potentialAction\":[{\"@type\":\"SearchAction\",\"target\":{\"@type\":\"EntryPoint\",\"urlTemplate\":\"https:\\\/\\\/www.zuora.com\\\/de\\\/?s={search_term_string}\"},\"query-input\":{\"@type\":\"PropertyValueSpecification\",\"valueRequired\":true,\"valueName\":\"search_term_string\"}}],\"inLanguage\":\"de-DE\"},{\"@type\":\"Organization\",\"@id\":\"https:\\\/\\\/www.zuora.com\\\/de\\\/#organization\",\"name\":\"Zuora\",\"url\":\"https:\\\/\\\/www.zuora.com\\\/de\\\/\",\"logo\":{\"@type\":\"ImageObject\",\"inLanguage\":\"de-DE\",\"@id\":\"https:\\\/\\\/www.zuora.com\\\/de\\\/#\\\/schema\\\/logo\\\/image\\\/\",\"url\":\"https:\\\/\\\/www.zuora.com\\\/wp-content\\\/uploads\\\/2022\\\/08\\\/zuora-yoast-logo.png\",\"contentUrl\":\"https:\\\/\\\/www.zuora.com\\\/wp-content\\\/uploads\\\/2022\\\/08\\\/zuora-yoast-logo.png\",\"width\":512,\"height\":512,\"caption\":\"Zuora\"},\"image\":{\"@id\":\"https:\\\/\\\/www.zuora.com\\\/de\\\/#\\\/schema\\\/logo\\\/image\\\/\"},\"sameAs\":[\"https:\\\/\\\/www.facebook.com\\\/zuora\",\"https:\\\/\\\/x.com\\\/zuora\",\"https:\\\/\\\/www.linkedin.com\\\/company\\\/zuora\",\"https:\\\/\\\/www.instagram.com\\\/zuora\"]}]}<\/script>\n<!-- \/ Yoast SEO Premium plugin. -->","yoast_head_json":{"title":"Terms and Conditions - Zuora","robots":{"index":"index","follow":"follow","max-snippet":"max-snippet:-1","max-image-preview":"max-image-preview:large","max-video-preview":"max-video-preview:-1"},"canonical":"https:\/\/www.zuora.com\/de\/terms-conditions\/","og_locale":"de_DE","og_type":"article","og_title":"Terms and Conditions","og_description":"WEBSITE-BEDINGUNGEN Zuoras Online-Master-Servicevereinbarung ist unter https:\/\/www.zuora.com\/about\/legal\/ abrufbar. Zuora, Inc. und ihre verbundenen Unternehmen (\u201eZuora\u201c) verlangen, dass alle Besucher dieser Website (\u201edie Website\u201c) die folgenden Nutzungsbedingungen (\u201eBedingungen\u201c) einhalten. Durch den Zugriff auf die Website, das Durchsuchen oder die Nutzung der Website erkennen Sie diese Bedingungen an und erkl\u00e4ren sich mit ihnen einverstanden. In diesen Bedingungen werden [&hellip;]","og_url":"https:\/\/www.zuora.com\/de\/terms-conditions\/","og_site_name":"Zuora","article_publisher":"https:\/\/www.facebook.com\/zuora","article_modified_time":"2025-10-15T12:06:45+00:00","twitter_card":"summary_large_image","twitter_site":"@zuora","schema":{"@context":"https:\/\/schema.org","@graph":[{"@type":"WebPage","@id":"https:\/\/www.zuora.com\/de\/terms-conditions\/","url":"https:\/\/www.zuora.com\/de\/terms-conditions\/","name":"Terms and Conditions - Zuora","isPartOf":{"@id":"https:\/\/www.zuora.com\/de\/#website"},"datePublished":"2014-10-14T01:59:53+00:00","dateModified":"2025-10-15T12:06:45+00:00","breadcrumb":{"@id":"https:\/\/www.zuora.com\/de\/terms-conditions\/#breadcrumb"},"inLanguage":"de-DE","potentialAction":[{"@type":"ReadAction","target":["https:\/\/www.zuora.com\/de\/terms-conditions\/"]}]},{"@type":"BreadcrumbList","@id":"https:\/\/www.zuora.com\/de\/terms-conditions\/#breadcrumb","itemListElement":[{"@type":"ListItem","position":1,"name":"Home","item":"https:\/\/www.zuora.com\/de\/"},{"@type":"ListItem","position":2,"name":"Terms and Conditions"}]},{"@type":"WebSite","@id":"https:\/\/www.zuora.com\/de\/#website","url":"https:\/\/www.zuora.com\/de\/","name":"Zuora","description":"","publisher":{"@id":"https:\/\/www.zuora.com\/de\/#organization"},"potentialAction":[{"@type":"SearchAction","target":{"@type":"EntryPoint","urlTemplate":"https:\/\/www.zuora.com\/de\/?s={search_term_string}"},"query-input":{"@type":"PropertyValueSpecification","valueRequired":true,"valueName":"search_term_string"}}],"inLanguage":"de-DE"},{"@type":"Organization","@id":"https:\/\/www.zuora.com\/de\/#organization","name":"Zuora","url":"https:\/\/www.zuora.com\/de\/","logo":{"@type":"ImageObject","inLanguage":"de-DE","@id":"https:\/\/www.zuora.com\/de\/#\/schema\/logo\/image\/","url":"https:\/\/www.zuora.com\/wp-content\/uploads\/2022\/08\/zuora-yoast-logo.png","contentUrl":"https:\/\/www.zuora.com\/wp-content\/uploads\/2022\/08\/zuora-yoast-logo.png","width":512,"height":512,"caption":"Zuora"},"image":{"@id":"https:\/\/www.zuora.com\/de\/#\/schema\/logo\/image\/"},"sameAs":["https:\/\/www.facebook.com\/zuora","https:\/\/x.com\/zuora","https:\/\/www.linkedin.com\/company\/zuora","https:\/\/www.instagram.com\/zuora"]}]}},"_links":{"self":[{"href":"https:\/\/www.zuora.com\/de\/wp-json\/wp\/v2\/pages\/195087","targetHints":{"allow":["GET"]}}],"collection":[{"href":"https:\/\/www.zuora.com\/de\/wp-json\/wp\/v2\/pages"}],"about":[{"href":"https:\/\/www.zuora.com\/de\/wp-json\/wp\/v2\/types\/page"}],"author":[{"embeddable":true,"href":"https:\/\/www.zuora.com\/de\/wp-json\/wp\/v2\/users\/227"}],"replies":[{"embeddable":true,"href":"https:\/\/www.zuora.com\/de\/wp-json\/wp\/v2\/comments?post=195087"}],"version-history":[{"count":0,"href":"https:\/\/www.zuora.com\/de\/wp-json\/wp\/v2\/pages\/195087\/revisions"}],"wp:attachment":[{"href":"https:\/\/www.zuora.com\/de\/wp-json\/wp\/v2\/media?parent=195087"}],"wp:term":[{"taxonomy":"content_type","embeddable":true,"href":"https:\/\/www.zuora.com\/de\/wp-json\/wp\/v2\/content_type?post=195087"},{"taxonomy":"industry","embeddable":true,"href":"https:\/\/www.zuora.com\/de\/wp-json\/wp\/v2\/industry?post=195087"},{"taxonomy":"persona","embeddable":true,"href":"https:\/\/www.zuora.com\/de\/wp-json\/wp\/v2\/persona?post=195087"},{"taxonomy":"product_line","embeddable":true,"href":"https:\/\/www.zuora.com\/de\/wp-json\/wp\/v2\/product_line?post=195087"},{"taxonomy":"topic","embeddable":true,"href":"https:\/\/www.zuora.com\/de\/wp-json\/wp\/v2\/topic?post=195087"}],"curies":[{"name":"wp","href":"https:\/\/api.w.org\/{rel}","templated":true}]}}